{"id":251,"date":"2020-07-07T16:17:58","date_gmt":"2020-07-07T14:17:58","guid":{"rendered":"http:\/\/www.masterofcity.com\/wordpress\/?page_id=251"},"modified":"2023-02-01T09:42:32","modified_gmt":"2023-02-01T08:42:32","slug":"polityka_prywatnosci","status":"publish","type":"page","link":"https:\/\/city-guide.info\/de\/politik_privatsphare\/","title":{"rendered":"politik_privatsph\u00e4re"},"content":{"rendered":"<p><strong>DATENSCHUTZPOLITIK<\/strong><\/p>\n\n\n\n<h1 class=\"wp-block-heading\"><a><\/a>Datenschutzbestimmungen<\/h1>\n\n\n\n<p>Nutzung unseres Portals city-guide.info<strong> <\/strong>Sie vertrauen uns Ihre Informationen an.<\/p>\n\n\n\n<p>Diese Datenschutzerkl\u00e4rung soll Ihnen helfen zu verstehen, welche Daten wir zu welchem Zweck sammeln und wof\u00fcr wir sie verwenden. Diese Informationen sind wichtig, daher bitten wir Sie, dieses Dokument sorgf\u00e4ltig zu lesen.<\/p>\n\n\n\n<h1 class=\"wp-block-heading\"><a><\/a> Welche Daten verarbeiten wir?<\/h1>\n\n\n\n<p>Wir verarbeiten Daten, die Sie im Rahmen Ihrer Nutzung des Portals angeben oder hinterlassen<\/p>\n\n\n\n<p><strong>stadt-guide.info <\/strong>Dabei handelt es sich in erster Linie um Daten, die f\u00fcr die Analyse der Nutzer unseres Portals notwendig sind. Sie werden uns z.B. im Rahmen von Formularen zur Verf\u00fcgung gestellt, sowie Daten, die Sie im Rahmen Ihrer Navigation durch unsere Dienste hinterlassen, d.h. u.a. Daten, die Sie in sogenannten Cookies hinterlassen.<\/p>\n\n\n\n<h1 class=\"wp-block-heading\"><a><\/a> Wer ist der f\u00fcr die Datenverarbeitung Verantwortliche?<\/h1>\n\n\n\n<p>Die Verwalter Ihrer Daten sind das Portal <strong><strong>stadt-guide.info<\/strong><\/strong><\/p>\n\n\n\n<p>Link zu den Registrierungs- und Kontaktinformationen der Website <\/p>\n\n\n\n<p><strong><a href=\"https:\/\/city-guide.info\/de\/\" data-type=\"URL\" data-id=\"https:\/\/city-guide.info\">stadt-guide.info<\/a><\/strong><\/p>\n\n\n\n<h1 class=\"wp-block-heading\"><a><\/a>Cookie-Politik<\/h1>\n\n\n\n<h2 class=\"wp-block-heading\"><a><\/a> 1. Allgemeine Informationen.<\/h2>\n\n\n\n<ol class=\"wp-block-list\">\n<li>Betreiber des Portals <strong>stadt-guide.info<\/strong> ist <strong>Imedia-Gruppe<\/strong>.<\/li>\n\n\n\n<li>Der Dienst f\u00fchrt Funktionen aus, um Informationen \u00fcber die Nutzer und ihr Verhalten auf folgende Weise zu erhalten:\n<ol class=\"wp-block-list\">\n<li>Durch die freiwillige Eingabe von Informationen in die Formulare.<\/li>\n\n\n\n<li>Durch die Speicherung von Cookies (sog. \"Cookies\") auf den Endger\u00e4ten.<\/li>\n<\/ol>\n<\/li>\n<\/ol>\n\n\n\n<h2 class=\"wp-block-heading\"><a><\/a> 2. die Informationen in den Formularen.<\/h2>\n\n\n\n<ol class=\"wp-block-list\">\n<li>Das Portal sammelt Informationen, die der Nutzer freiwillig zur Verf\u00fcgung stellt.<\/li>\n\n\n\n<li>Das Portal kann auch Informationen \u00fcber die Verbindungsparameter (Zeitstempel, IP-Adresse) speichern.<\/li>\n\n\n\n<li>Die Daten des Formulars werden nicht an Dritte weitergegeben.<\/li>\n\n\n\n<li>Die im Formular angegebenen Daten k\u00f6nnen eine Reihe von potenziellen Kunden darstellen, die vom Betreiber des Portals in dem vom Generalinspektor f\u00fcr den Schutz personenbezogener Daten gef\u00fchrten Register registriert werden.<\/li>\n\n\n\n<li>Die im Formular angegebenen Daten werden zu dem Zweck verarbeitet, der sich aus der Funktion des jeweiligen Formulars ergibt, z. B. zur Bearbeitung eines Gesch\u00e4ftskontakts.<\/li>\n<\/ol>\n\n\n\n<h1 class=\"wp-block-heading\">Datenschutzbestimmungen des City Guide Portals\u00a0<br><\/h1>\n\n\n\n<p><strong>Lieber Benutzer!<\/strong><\/p>\n\n\n\n<p>Wir achten auf Ihre Privatsph\u00e4re und m\u00f6chten, dass Sie sich bei der Nutzung unserer Dienste wohl f\u00fchlen. Deshalb stellen wir Ihnen im Folgenden die wichtigsten Informationen \u00fcber die Grunds\u00e4tze der Verarbeitung Ihrer pers\u00f6nlichen Daten und die von unserem Shop verwendeten Cookies zur Verf\u00fcgung. Diese Informationen wurden unter Ber\u00fccksichtigung von RODO, der Allgemeinen Datenschutzverordnung, erstellt.<\/p>\n\n\n\n<h2 class=\"wp-block-heading\">PERS\u00d6NLICHER DATENVERWALTER (\"Verwalter\")<\/h2>\n\n\n\n<p>ANDRZEJ SZCZE\u015aNIAK, Unternehmer, der ein Unternehmen unter dem Namen IMEDIA GROUP ANDRZEJ SZCZE\u015aNIAK betreibt, eingetragen im Zentralen Register und in der Information \u00fcber die Gesch\u00e4ftst\u00e4tigkeit, gef\u00fchrt vom Minister, der f\u00fcr die Wirtschaft zust\u00e4ndig ist und das Zentrale Register und die Information \u00fcber die Gesch\u00e4ftst\u00e4tigkeit f\u00fchrt, NIP 5260055621 , REGON 010054933, ul. \u0141otewska 17\/2, 03-918 Warszawa .<\/p>\n\n\n\n<h2 class=\"wp-block-heading\">PERSONENBEZOGENE DATEN UND DATENSCHUTZ<\/h2>\n\n\n\n<p>Wenn Sie ein Benutzerkonto anlegen und unsere Dienste nutzen m\u00f6chten, werden Sie aufgefordert, uns Ihre pers\u00f6nlichen Daten mitzuteilen.&nbsp;<br>Ihre Daten werden von uns zu den unten angegebenen Zwecken verarbeitet, die mit dem Betrieb des Shops und der Erbringung der darin angebotenen Dienstleistungen (\"Dienstleistungen\") zusammenh\u00e4ngen.<\/p>\n\n\n\n<p><strong>Zweck der Verarbeitung:<\/strong><\/p>\n\n\n\n<p>Je nachdem, wof\u00fcr Sie sich entscheiden, k\u00f6nnte das sein:<\/p>\n\n\n\n<ul class=\"wp-block-list\">\n<li>Bereitstellung der im Shop angebotenen Dienstleistungen<\/li>\n\n\n\n<li>Ausf\u00fchrung Ihrer Auftr\u00e4ge<\/li>\n\n\n\n<li>Direktmarketing f\u00fcr die angebotenen Dienste, mit Ausnahme des Newsletters<\/li>\n\n\n\n<li>Versenden eines Newsletters<\/li>\n<\/ul>\n\n\n\n<p><strong>Grundlage f\u00fcr die Verarbeitung:<\/strong><\/p>\n\n\n\n<ul class=\"wp-block-list\">\n<li>den Kaufvertrag oder die auf Ihren Wunsch hin getroffenen Ma\u00dfnahmen zum Abschluss des Vertrags (Artikel 6 Absatz 1 Buchstabe b) RODO)<\/li>\n\n\n\n<li>Gesetzliche Verpflichtung, die uns obliegt, z.B. im Zusammenhang mit der Rechnungslegung (Artikel 6 Absatz 1 Buchstabe c RODO)<\/li>\n\n\n\n<li>Ihre im Shop erteilte Einwilligung (Artikel 6 Absatz 1 Buchstabe a der RODO)<\/li>\n\n\n\n<li>der Vertrag \u00fcber die Erbringung von Dienstleistungen oder die Ma\u00dfnahmen, die auf Ihr Ersuchen hin getroffen werden, um ihn zu schlie\u00dfen (Artikel 6 Absatz 1 Buchstabe b) RODO)<\/li>\n\n\n\n<li>Unser berechtigtes Interesse an der Verarbeitung der Daten zur Feststellung, Geltendmachung oder Verteidigung etwaiger Anspr\u00fcche (Artikel 6 Absatz 1 Buchstabe f) RODO)<\/li>\n\n\n\n<li>Unser berechtigtes Interesse an der Durchf\u00fchrung von Direktmarketing (Artikel 6 Absatz 1 Buchstabe f) RODO)<\/li>\n\n\n\n<li>Unser berechtigtes Interesse an der Verarbeitung der Daten zu analytischen und statistischen Zwecken (Artikel 6 Absatz 1 Buchstabe f) RODO)<\/li>\n\n\n\n<li>Unser berechtigtes Interesse an der Erhebung der Kundenzufriedenheit (Art. 6(1)(f) RODO)<\/li>\n<\/ul>\n\n\n\n<p><strong>Daten\u00fcbermittlung:<\/strong><\/p>\n\n\n\n<ul class=\"wp-block-list\">\n<li>Freiwillig, kann aber in einigen F\u00e4llen notwendig sein, um einen Vertrag abzuschlie\u00dfen.<\/li>\n<\/ul>\n\n\n\n<p><strong>Auswirkungen der Nichtbereitstellung von Daten:<\/strong><\/p>\n\n\n\n<p>Je nach dem Zweck, f\u00fcr den die Daten bereitgestellt werden:<\/p>\n\n\n\n<ul class=\"wp-block-list\">\n<li>keine M\u00f6glichkeit, sich im Shop zu registrieren<\/li>\n\n\n\n<li>Unf\u00e4higkeit, die Dienstleistungen des Shops zu nutzen<\/li>\n\n\n\n<li>Unm\u00f6glichkeit, im Shop einzukaufen<\/li>\n\n\n\n<li>keine Informationen \u00fcber Werbeaktionen oder Sonderangebote zu erhalten, die \u00fcber den Shop angeboten werden<\/li>\n<\/ul>\n\n\n\n<p><strong>M\u00f6glichkeit, die Zustimmung zu widerrufen:<\/strong><\/p>\n\n\n\n<ul class=\"wp-block-list\">\n<li>zu jeder Zeit<\/li>\n<\/ul>\n\n\n\n<p>Die Datenverarbeitung bleibt rechtm\u00e4\u00dfig, bis Sie Ihre Einwilligung widerrufen.<\/p>\n\n\n\n<h2 class=\"wp-block-heading\">PROFILING<\/h2>\n\n\n\n<p>Innerhalb des Shops k\u00f6nnen wir bestimmte Inhalte automatisch auf Ihre Bed\u00fcrfnisse zuschneiden, d.h. ein Profiling durchf\u00fchren, indem wir die von Ihnen angegebenen personenbezogenen Daten verwenden.<\/p>\n\n\n\n<p>F\u00fcr den Fall, dass das Profiling zu Entscheidungen f\u00fchren k\u00f6nnte, die rechtliche Auswirkungen f\u00fcr Sie haben oder Sie in \u00e4hnlich erheblicher Weise betreffen, werden wir ein solches Profiling nur durchf\u00fchren, wenn Sie Ihre Zustimmung gegeben haben.<\/p>\n\n\n\n<p>Denken Sie daran, dass Sie Ihre Einwilligung jederzeit widerrufen k\u00f6nnen. Die Datenverarbeitung bleibt rechtm\u00e4\u00dfig, bis Sie Ihre Einwilligung widerrufen.<\/p>\n\n\n\n<h2 class=\"wp-block-heading\">BEARBEITUNGSZEITRAUM<\/h2>\n\n\n\n<p>Wir verarbeiten Ihre Daten nur so lange, wie wir eine rechtliche Grundlage daf\u00fcr haben, d. h. bis:<\/p>\n\n\n\n<ul class=\"wp-block-list\">\n<li>wir nicht mehr gesetzlich verpflichtet sind, Ihre Daten zu verarbeiten<\/li>\n\n\n\n<li>die M\u00f6glichkeit der Feststellung, Geltendmachung oder Abwehr etwaiger Anspr\u00fcche im Zusammenhang mit dem vom Shop geschlossenen Vertrag durch die Parteien entf\u00e4llt<\/li>\n\n\n\n<li>Ihre Einwilligung in die Verarbeitung Ihrer Daten zu widerrufen, wenn sie die Grundlage f\u00fcr diese Verarbeitung war<\/li>\n\n\n\n<li>Ihrem Widerspruch gegen die Verarbeitung Ihrer personenbezogenen Daten stattgegeben wird, wenn die Verarbeitung auf einem berechtigten Interesse des f\u00fcr die Verarbeitung Verantwortlichen beruht oder wenn die Daten zum Zwecke der Direktwerbung, einschlie\u00dflich Profiling, verarbeitet wurden<\/li>\n<\/ul>\n\n\n\n<p>- je nachdem, was im Einzelfall anwendbar ist und was sp\u00e4testens passieren wird.<\/p>\n\n\n\n<h2 class=\"wp-block-heading\">DATENSICHERHEIT<\/h2>\n\n\n\n<p>Bei der Verarbeitung Ihrer personenbezogenen Daten setzen wir organisatorische und technische Ma\u00dfnahmen ein, die den einschl\u00e4gigen Rechtsvorschriften entsprechen.<\/p>\n\n\n\n<h2 class=\"wp-block-heading\">IHRE ANSPR\u00dcCHE<\/h2>\n\n\n\n<p>Sie haben das Recht, einen Antrag zu stellen:<\/p>\n\n\n\n<ul class=\"wp-block-list\">\n<li>Zugang zu Ihren pers\u00f6nlichen Daten,<\/li>\n\n\n\n<li>ihre Berichtigung,<\/li>\n\n\n\n<li>L\u00f6schungen,<\/li>\n\n\n\n<li>Einschr\u00e4nkung der Verarbeitung,<\/li>\n\n\n\n<li>die \u00dcbermittlung von Daten an einen anderen f\u00fcr die Verarbeitung Verantwortlichen beantragen,<\/li>\n<\/ul>\n\n\n\n<p>Und au\u00dferdem:<\/p>\n\n\n\n<ul class=\"wp-block-list\">\n<li>Sie k\u00f6nnen der Verarbeitung Ihrer Daten jederzeit widersprechen:\n<ul class=\"wp-block-list\">\n<li>aus Gr\u00fcnden, die sich aus Ihrer besonderen Situation ergeben, gegen die Verarbeitung Sie betreffender personenbezogener Daten, die aufgrund von Artikel 6 Absatz 1 Buchstabe f der DSGVO erfolgt (d. h. berechtigte Interessen des f\u00fcr die Verarbeitung Verantwortlichen), einschlie\u00dflich des auf diese Bestimmungen gest\u00fctzten Profilings,<\/li>\n\n\n\n<li>wenn personenbezogene Daten f\u00fcr Zwecke der Direktwerbung, einschlie\u00dflich Profiling, verarbeitet werden, soweit die Verarbeitung mit dieser Direktwerbung zusammenh\u00e4ngt.<\/li>\n<\/ul>\n<\/li>\n<\/ul>\n\n\n\n<p>Nehmen Sie Kontakt mit uns auf, wenn Sie Ihre Rechte wahrnehmen m\u00f6chten.<\/p>\n\n\n\n<p>Wenn Sie der Ansicht sind, dass die Verarbeitung Ihrer Daten unrechtm\u00e4\u00dfig ist, k\u00f6nnen Sie eine Beschwerde bei der Aufsichtsbeh\u00f6rde einreichen.<\/p>\n\n\n\n<h2 class=\"wp-block-heading\">TORTEN<\/h2>\n\n\n\n<p>Unser Shop verwendet, wie die meisten Websites, sogenannte Cookies. Diese Dateien:<\/p>\n\n\n\n<ul class=\"wp-block-list\">\n<li>auf Ihrem Ger\u00e4t (Computer, Telefon usw.) gespeichert sind<\/li>\n\n\n\n<li>Ihnen unter anderem erm\u00f6glichen, alle Funktionen des Stores zu nutzen<\/li>\n\n\n\n<li>\u00c4ndern Sie nicht die Einstellungen Ihres Ger\u00e4ts<\/li>\n<\/ul>\n\n\n\n<p>\u00dcber die entsprechenden Optionen Ihres Browsers k\u00f6nnen Sie das jederzeit tun:<\/p>\n\n\n\n<ul class=\"wp-block-list\">\n<li>Cookies l\u00f6schen<\/li>\n\n\n\n<li>die k\u00fcnftige Verwendung von Cookies blockieren<\/li>\n<\/ul>\n\n\n\n<p>In diesem Shop werden Cookies verwendet f\u00fcr:<\/p>\n\n\n\n<ul class=\"wp-block-list\">\n<li>Informationen zu Ihrer Sitzung speichern<\/li>\n\n\n\n<li>Statistik<\/li>\n\n\n\n<li>Marketing<\/li>\n\n\n\n<li>die Bereitstellung der Shop-Funktionen<\/li>\n<\/ul>\n\n\n\n<p>Wie Sie Cookies verwalten k\u00f6nnen, einschlie\u00dflich der Deaktivierung in Ihrem Browser, erfahren Sie in der Hilfedatei Ihres Browsers. Sie k\u00f6nnen diese Informationen lesen, indem Sie F1 in Ihrem Browser dr\u00fccken. Dar\u00fcber hinaus finden Sie auf den folgenden Seiten je nach verwendetem Browser entsprechende Tipps:<\/p>\n\n\n\n<ul class=\"wp-block-list\">\n<li><a href=\"https:\/\/support.mozilla.org\/pl\/kb\/W%C5%82%C4%85czanie%20i%20wy%C5%82%C4%85czanie%20obs%C5%82ugi%20ciasteczek\" rel=\"noreferrer noopener\" target=\"_blank\">Firefox<\/a><\/li>\n\n\n\n<li><a href=\"https:\/\/support.google.com\/chrome\/answer\/95647?hl=plX\" rel=\"noreferrer noopener\" target=\"_blank\">Chrom<\/a><\/li>\n\n\n\n<li><a href=\"https:\/\/support.apple.com\/kb\/PH5042?locale=en_US\" rel=\"noreferrer noopener\" target=\"_blank\">Safari<\/a><\/li>\n\n\n\n<li><a href=\"http:\/\/windows.microsoft.com\/pl-pl\/windows-10\/edge-privacy-faq\" rel=\"noreferrer noopener\" target=\"_blank\">Internet Explorer \/ Microsoft Edge<\/a><\/li>\n<\/ul>\n\n\n\n<p>F\u00fcr weitere Informationen \u00fcber Cookies siehe&nbsp;<a href=\"https:\/\/pl.wikipedia.org\/wiki\/HTTP_cookie\" rel=\"noreferrer noopener\" target=\"_blank\">Wikipedia<\/a>.<\/p>\n\n\n\n<h2 class=\"wp-block-heading\">EXTERNE DIENSTE \/ DATENEMPF\u00c4NGER<\/h2>\n\n\n\n<p>Wir bedienen uns Dritter, an die Ihre Daten weitergegeben werden k\u00f6nnen. Nachstehend finden Sie eine Liste der m\u00f6glichen Empf\u00e4nger Ihrer Daten:<\/p>\n\n\n\n<ul class=\"wp-block-list\">\n<li>Anbieter der f\u00fcr den Betrieb eines Online-Shops erforderlichen Software<\/li>\n\n\n\n<li>das Unternehmen, das die Waren liefert<\/li>\n\n\n\n<li>Zahlungsdienstleister<\/li>\n\n\n\n<li>Anbieter von betriebswirtschaftlicher Software (z. B. Buchhaltungssoftware)<\/li>\n\n\n\n<li>die Einrichtung, die uns technische Unterst\u00fctzung leistet<\/li>\n\n\n\n<li>Anbieter von Marketingdienstleistungen<\/li>\n\n\n\n<li>Anbieter von statistischen Dienstleistungen<\/li>\n\n\n\n<li>die zust\u00e4ndigen Beh\u00f6rden, soweit der Verwalter verpflichtet ist, ihnen die Daten zur Verf\u00fcgung zu stellen<\/li>\n<\/ul>\n\n\n\n<h2 class=\"wp-block-heading\">KONTAKT MIT DEM VERWALTER<\/h2>\n\n\n\n<p>M\u00f6chten Sie Ihre Rechte in Bezug auf Ihre personenbezogenen Daten wahrnehmen?<\/p>\n\n\n\n<p>Oder m\u00f6chten Sie vielleicht nur eine Frage zu unserer Datenschutzrichtlinie stellen?<\/p>\n\n\n\n<p>Schreiben Sie an:<\/p>\n\n\n\n<p><a href=\"mailto:contact@city-guide.info\">contact@city-guide.info<\/a><br><\/p>","protected":false},"excerpt":{"rendered":"<p>POLITYKA PRYWATNO\u015aCI Polityka prywatno\u015bci Korzystaj\u0105c z naszego portalu city-guide.info powierzacie nam Pa\u0144stwo swoje informacje. Polityka prywatno\u015bci s\u0142u\u017cy jako pomoc w [&hellip;]<\/p>","protected":false},"author":34,"featured_media":0,"parent":0,"menu_order":0,"comment_status":"closed","ping_status":"closed","template":"elementor_theme","meta":{"_acf_changed":false,"site-sidebar-layout":"default","site-content-layout":"","ast-site-content-layout":"default","site-content-style":"default","site-sidebar-style":"default","ast-global-header-display":"","ast-banner-title-visibility":"","ast-main-header-display":"","ast-hfb-above-header-display":"","ast-hfb-below-header-display":"","ast-hfb-mobile-header-display":"","site-post-title":"","ast-breadcrumbs-content":"","ast-featured-img":"","footer-sml-layout":"","theme-transparent-header-meta":"","adv-header-id-meta":"","stick-header-meta":"","header-above-stick-meta":"","header-main-stick-meta":"","header-below-stick-meta":"","astra-migrate-meta-layouts":"default","ast-page-background-enabled":"default","ast-page-background-meta":{"desktop":{"background-color":"var(--ast-global-color-4)","background-image":"","background-repeat":"repeat","background-position":"center center","background-size":"auto","background-attachment":"scroll","background-type":"","background-media":"","overlay-type":"","overlay-color":"","overlay-opacity":"","overlay-gradient":""},"tablet":{"background-color":"","background-image":"","background-repeat":"repeat","background-position":"center center","background-size":"auto","background-attachment":"scroll","background-type":"","background-media":"","overlay-type":"","overlay-color":"","overlay-opacity":"","overlay-gradient":""},"mobile":{"background-color":"","background-image":"","background-repeat":"repeat","background-position":"center center","background-size":"auto","background-attachment":"scroll","background-type":"","background-media":"","overlay-type":"","overlay-color":"","overlay-opacity":"","overlay-gradient":""}},"ast-content-background-meta":{"desktop":{"background-color":"var(--ast-global-color-5)","background-image":"","background-repeat":"repeat","background-position":"center center","background-size":"auto","background-attachment":"scroll","background-type":"","background-media":"","overlay-type":"","overlay-color":"","overlay-opacity":"","overlay-gradient":""},"tablet":{"background-color":"var(--ast-global-color-5)","background-image":"","background-repeat":"repeat","background-position":"center center","background-size":"auto","background-attachment":"scroll","background-type":"","background-media":"","overlay-type":"","overlay-color":"","overlay-opacity":"","overlay-gradient":""},"mobile":{"background-color":"var(--ast-global-color-5)","background-image":"","background-repeat":"repeat","background-position":"center center","background-size":"auto","background-attachment":"scroll","background-type":"","background-media":"","overlay-type":"","overlay-color":"","overlay-opacity":"","overlay-gradient":""}},"footnotes":""},"class_list":["post-251","page","type-page","status-publish","hentry"],"acf":[],"_links":{"self":[{"href":"https:\/\/city-guide.info\/de\/wp-json\/wp\/v2\/pages\/251","targetHints":{"allow":["GET"]}}],"collection":[{"href":"https:\/\/city-guide.info\/de\/wp-json\/wp\/v2\/pages"}],"about":[{"href":"https:\/\/city-guide.info\/de\/wp-json\/wp\/v2\/types\/page"}],"author":[{"embeddable":true,"href":"https:\/\/city-guide.info\/de\/wp-json\/wp\/v2\/users\/34"}],"replies":[{"embeddable":true,"href":"https:\/\/city-guide.info\/de\/wp-json\/wp\/v2\/comments?post=251"}],"version-history":[{"count":0,"href":"https:\/\/city-guide.info\/de\/wp-json\/wp\/v2\/pages\/251\/revisions"}],"wp:attachment":[{"href":"https:\/\/city-guide.info\/de\/wp-json\/wp\/v2\/media?parent=251"}],"curies":[{"name":"wp","href":"https:\/\/api.w.org\/{rel}","templated":true}]}}