{"id":5419,"date":"2025-07-29T09:39:59","date_gmt":"2025-07-29T07:39:59","guid":{"rendered":"https:\/\/city-guide.info\/?page_id=5419"},"modified":"2025-07-29T09:42:33","modified_gmt":"2025-07-29T07:42:33","slug":"top-10-najczesciej-zadawanych-pytan-o-grze-planszowej-master-of-city","status":"publish","type":"page","link":"https:\/\/city-guide.info\/de\/quellen\/top-10-der-am-haufigsten-gestellten-fragen-zum-brettspiel-master-of-city\/","title":{"rendered":"TOP 10 der am h\u00e4ufigsten gestellten Fragen \u00fcber das Brettspiel Master of City"},"content":{"rendered":"<h2>Die 10 am h\u00e4ufigsten gestellten Fragen zum Brettspiel Master of City<\/h2>\n<ul>\n<li><a href=\"https:\/\/elements.envato.com\/family-plays-board-game-with-dies-AMYR9XK\" target=\"_blank\" rel=\"noopener\">https:\/\/elements.envato.com\/family-plays-board-game-with-dies-AMYR9XK<\/a><\/li>\n<li><a href=\"https:\/\/elements.envato.com\/young-family-playing-with-board-game-HVXGXJJ\" target=\"_blank\" rel=\"noopener\">https:\/\/elements.envato.com\/young-family-playing-with-board-game-HVXGXJJ<\/a><\/li>\n<li><a href=\"https:\/\/elements.envato.com\/home-family-leisure-time-NNKSYNX\" target=\"_blank\" rel=\"noopener\">https:\/\/elements.envato.com\/home-family-leisure-time-NNKSYNX<\/a><\/li>\n<li><a href=\"https:\/\/elements.envato.com\/london-AELWXF4\" target=\"_blank\" rel=\"noopener\">https:\/\/elements.envato.com\/london-AELWXF4<\/a><\/li>\n<li><a href=\"https:\/\/elements.envato.com\/london-bridge-opens-establishing-london-skyline-su-YZBJMZN\" target=\"_blank\" rel=\"noopener\">https:\/\/elements.envato.com\/london-bridge-opens-establishing-london-skyline-su-YZBJMZN<\/a><\/li>\n<li><a href=\"https:\/\/elements.envato.com\/big-ben-6H2WV4A\" target=\"_blank\" rel=\"noopener\">https:\/\/elements.envato.com\/big-ben-6H2WV4A<\/a><\/li>\n<li><a href=\"https:\/\/elements.envato.com\/sunset-aerial-trucking-view-of-iconic-tower-bridge-5NTCRQK\" target=\"_blank\" rel=\"noopener\">https:\/\/elements.envato.com\/sunset-aerial-trucking-view-of-iconic-tower-bridge-5NTCRQK<\/a><\/li>\n<li><a href=\"https:\/\/elements.envato.com\/teenage-tourist-with-smartphone-at-city-river-KCUHJV7\" target=\"_blank\" rel=\"noopener\">https:\/\/elements.envato.com\/teenage-tourist-with-smartphone-at-city-river-KCUHJV7<\/a><\/li>\n<li><a href=\"https:\/\/elements.envato.com\/young-tourist-woman-in-london-9SRUL55\" target=\"_blank\" rel=\"noopener\">https:\/\/elements.envato.com\/young-tourist-woman-in-london-9SRUL55<\/a><\/li>\n<li><a href=\"https:\/\/elements.envato.com\/stylish-pretty-woman-checking-smartphone-at-the-re-XL3WV9K\" target=\"_blank\" rel=\"noopener\">https:\/\/elements.envato.com\/stylish-pretty-woman-checking-smartphone-at-the-re-XL3WV9K<\/a><\/li>\n<li><a href=\"https:\/\/elements.envato.com\/teenager-looking-at-phone-screen-UB2JQ2K\" target=\"_blank\" rel=\"noopener\">https:\/\/elements.envato.com\/teenager-looking-at-phone-screen-UB2JQ2K<\/a><\/li>\n<li><a href=\"https:\/\/elements.envato.com\/focused-woman-looking-at-phone-screen-Z2DDK62\" target=\"_blank\" rel=\"noopener\">https:\/\/elements.envato.com\/focused-woman-looking-at-phone-screen-Z2DDK62<\/a><\/li>\n<li><a href=\"https:\/\/elements.envato.com\/remote-manager-working-late-looking-laptop-screen--LEBSTWL\" target=\"_blank\" rel=\"noopener\">https:\/\/elements.envato.com\/remote-manager-working-late-looking-laptop-screen&#8211;LEBSTWL<\/a><\/li>\n<li><a href=\"https:\/\/elements.envato.com\/young-people-looking-at-laptop-PD2T3NG\" target=\"_blank\" rel=\"noopener\">https:\/\/elements.envato.com\/young-people-looking-at-laptop-PD2T3NG<\/a><\/li>\n<li><a href=\"https:\/\/elements.envato.com\/a-woman-reading-influencer-travel-blog-planning-ho-74DFA2K\" target=\"_blank\" rel=\"noopener\">https:\/\/elements.envato.com\/a-woman-reading-influencer-travel-blog-planning-ho-74DFA2K<\/a><\/li>\n<li><a href=\"https:\/\/elements.envato.com\/thinking-ideas-and-woman-with-agreement-yes-and-th-WRSW9YG\" target=\"_blank\" rel=\"noopener\">https:\/\/elements.envato.com\/thinking-ideas-and-woman-with-agreement-yes-and-th-WRSW9YG<\/a><\/li>\n<li><a href=\"https:\/\/elements.envato.com\/playing-board-game-8TQY35G\" target=\"_blank\" rel=\"noopener\">https:\/\/elements.envato.com\/playing-board-game-8TQY35G<\/a><\/li>\n<li><a href=\"https:\/\/elements.envato.com\/playing-board-games-with-children-in-the-evening-SFXDLHC\" target=\"_blank\" rel=\"noopener\">https:\/\/elements.envato.com\/playing-board-games-with-children-in-the-evening-SFXDLHC<\/a><\/li>\n<li><a href=\"https:\/\/elements.envato.com\/teenagers-having-fun-while-playing-board-game-VWTMXHS\" target=\"_blank\" rel=\"noopener\">https:\/\/elements.envato.com\/teenagers-having-fun-while-playing-board-game-VWTMXHS<\/a><\/li>\n<li><a href=\"https:\/\/pl.freepik.com\/darmowe-video\/kaukascy-mezczyzni-chlopiec-salonie_1603518\" target=\"_blank\" rel=\"noopener\">https:\/\/pl.freepik.com\/darmowe-video\/kaukascy-mezczyzni-chlopiec-salonie_1603518<\/a><\/li>\n<li><a href=\"https:\/\/elements.envato.com\/girl-giving-christmas-gift-to-grandma-R3NRDKV\" target=\"_blank\" rel=\"noopener\">https:\/\/elements.envato.com\/girl-giving-christmas-gift-to-grandma-R3NRDKV<\/a><\/li>\n<li><a href=\"https:\/\/pl.freepik.com\/darmowe-video\/mloda-para-kanapie-domu_1712057\" target=\"_blank\" rel=\"noopener\">https:\/\/pl.freepik.com\/darmowe-video\/mloda-para-kanapie-domu_1712057<\/a><\/li>\n<li><a href=\"https:\/\/pl.freepik.com\/darmowe-video\/zblizenie-kobiety-dajacej-przyjaciolce-prezent-urodzinowy-domu-balonami-tle-3_2891234\" target=\"_blank\" rel=\"noopener\">https:\/\/pl.freepik.com\/darmowe-video\/zblizenie-kobiety-dajacej-przyjaciolce-prezent-urodzinowy<\/a><\/li>\n<li><a href=\"https:\/\/elements.envato.com\/close-up-about-the-nelsons-column-and-equestrian-s-XRXSQPU\" target=\"_blank\" rel=\"noopener\">https:\/\/elements.envato.com\/close-up-about-the-nelsons-column-and-equestrian-s-XRXSQPU<\/a><\/li>\n<li><a href=\"https:\/\/elements.envato.com\/family-enjoying-playing-tangram-puzzle-game-MRJBBZR\" target=\"_blank\" rel=\"noopener\">https:\/\/elements.envato.com\/family-enjoying-playing-tangram-puzzle-game-MRJBBZR<\/a><\/li>\n<li><a href=\"https:\/\/elements.envato.com\/female-tourists-with-travel-guide-on-famous-destin-9FT7EDZ\" target=\"_blank\" rel=\"noopener\">https:\/\/elements.envato.com\/female-tourists-with-travel-guide-on-famous-destin-9FT7EDZ<\/a><\/li>\n<li><a href=\"https:\/\/elements.envato.com\/family-playing-a-board-game-TZP2YY4\" target=\"_blank\" rel=\"noopener\">https:\/\/elements.envato.com\/family-playing-a-board-game-TZP2YY4<\/a><\/li>\n<li><a href=\"https:\/\/elements.envato.com\/family-gathers-in-the-kitchen-to-play-board-game-YN35GMA\" target=\"_blank\" rel=\"noopener\">https:\/\/elements.envato.com\/family-gathers-in-the-kitchen-to-play-board-game-YN35GMA<\/a><\/li>\n<li><a href=\"https:\/\/elements.envato.com\/big-ben-and-elizabeth-tower-the-iconic-landmark-of-HMFT68R\" target=\"_blank\" rel=\"noopener\">https:\/\/elements.envato.com\/big-ben-and-elizabeth-tower-the-iconic-landmark-of-HMFT68R<\/a><\/li>\n<li><a href=\"https:\/\/elements.envato.com\/big-ben-and-elizabeth-tower-the-iconic-landmark-of-KWVZLWB\" target=\"_blank\" rel=\"noopener\">https:\/\/elements.envato.com\/big-ben-and-elizabeth-tower-the-iconic-landmark-of-KWVZLWB<\/a><\/li>\n<li><a href=\"https:\/\/elements.envato.com\/asian-family-playing-board-game-together-happy-you-TVSPAEJ\" target=\"_blank\" rel=\"noopener\">https:\/\/elements.envato.com\/asian-family-playing-board-game-together-happy-you-TVSPAEJ<\/a><\/li>\n<li><a href=\"https:\/\/elements.envato.com\/male-asian-guide-speaking-to-tourists-in-front-of--B7UVGJQ\" target=\"_blank\" rel=\"noopener\">https:\/\/elements.envato.com\/male-asian-guide-speaking-to-tourists-in-front-of&#8211;B7UVGJQ<\/a><\/li>\n<li><a href=\"https:\/\/elements.envato.com\/male-and-female-friends-listening-to-woman-at-vaca-239BCYN\" target=\"_blank\" rel=\"noopener\">https:\/\/elements.envato.com\/male-and-female-friends-listening-to-woman-at-vaca-239BCYN<\/a><\/li>\n<li><a href=\"https:\/\/elements.envato.com\/handsome-clever-man-with-gesture-you-think-about-i-BBYX2L2\" target=\"_blank\" rel=\"noopener\">https:\/\/elements.envato.com\/handsome-clever-man-with-gesture-you-think-about-i-BBYX2L2<\/a><\/li>\n<li><a href=\"https:\/\/elements.envato.com\/portrait-of-laughing-attractive-young-woman-having-38V3RHD\" target=\"_blank\" rel=\"noopener\">https:\/\/elements.envato.com\/portrait-of-laughing-attractive-young-woman-having-38V3RHD<\/a><\/li>\n<li><a href=\"https:\/\/elements.envato.com\/handsome-clever-man-with-gesture-you-think-about-i-Q9W439R\" target=\"_blank\" rel=\"noopener\">https:\/\/elements.envato.com\/handsome-clever-man-with-gesture-you-think-about-i-Q9W439R<\/a><\/li>\n<li><a href=\"https:\/\/elements.envato.com\/handsome-clever-man-with-gesture-you-think-about-i-LLT4UKU\" target=\"_blank\" rel=\"noopener\">https:\/\/elements.envato.com\/handsome-clever-man-with-gesture-you-think-about-i-LLT4UKU<\/a><\/li>\n<li><a href=\"https:\/\/elements.envato.com\/big-family-kids-and-grandparents-with-sofa-laughin-8XCUN4Y\" target=\"_blank\" rel=\"noopener\">https:\/\/elements.envato.com\/big-family-kids-and-grandparents-with-sofa-laughin-8XCUN4Y<\/a><\/li>\n<li><a href=\"https:\/\/elements.envato.com\/natural-history-museum-the-most-complete-stegosaur-EYR39HD\" target=\"_blank\" rel=\"noopener\">https:\/\/elements.envato.com\/natural-history-museum-the-most-complete-stegosaur-EYR39HD<\/a><\/li>\n<li><a href=\"https:\/\/elements.envato.com\/playing-board-games-with-children-in-the-evening-SFXDLHC\" target=\"_blank\" rel=\"noopener\">https:\/\/elements.envato.com\/playing-board-games-with-children-in-the-evening-SFXDLHC<\/a><\/li>\n<\/ul>","protected":false},"excerpt":{"rendered":"<p>Die 10 am h\u00e4ufigsten gestellten Fragen zum Brettspiel Master of City https:\/\/elements.envato.com\/family-plays-board-game-with-dies-AMYR9XK https:\/\/elements.envato.com\/young-family-playing-with-board-game-HVXGXJJ https:\/\/elements.envato.com\/home-family-leisure-time-NNKSYNX https:\/\/elements.envato.com\/london-AELWXF4 https:\/\/elements.envato.com\/london-bridge-opens-establishing-london-skyline-su-YZBJMZN https:\/\/elements.envato.com\/big-ben-6H2WV4A https:\/\/elements.envato.com\/sunset-aerial-trucking-view-of-iconic-tower-bridge-5NTCRQK https:\/\/elements.envato.com\/teenage-tourist-with-smartphone-at-city-river-KCUHJV7 https:\/\/elements.envato.com\/young-tourist-woman-in-london-9SRUL55 [...]<\/p>","protected":false},"author":203,"featured_media":0,"parent":2338,"menu_order":0,"comment_status":"closed","ping_status":"closed","template":"","meta":{"_acf_changed":false,"site-sidebar-layout":"no-sidebar","site-content-layout":"page-builder","ast-site-content-layout":"full-width-container","site-content-style":"default","site-sidebar-style":"default","ast-global-header-display":"","ast-banner-title-visibility":"","ast-main-header-display":"","ast-hfb-above-header-display":"","ast-hfb-below-header-display":"","ast-hfb-mobile-header-display":"","site-post-title":"disabled","ast-breadcrumbs-content":"","ast-featured-img":"disabled","footer-sml-layout":"","theme-transparent-header-meta":"","adv-header-id-meta":"","stick-header-meta":"","header-above-stick-meta":"","header-main-stick-meta":"","header-below-stick-meta":"","astra-migrate-meta-layouts":"set","ast-page-background-enabled":"default","ast-page-background-meta":{"desktop":{"background-color":"var(--ast-global-color-4)","background-image":"","background-repeat":"repeat","background-position":"center center","background-size":"auto","background-attachment":"scroll","background-type":"","background-media":"","overlay-type":"","overlay-color":"","overlay-opacity":"","overlay-gradient":""},"tablet":{"background-color":"","background-image":"","background-repeat":"repeat","background-position":"center center","background-size":"auto","background-attachment":"scroll","background-type":"","background-media":"","overlay-type":"","overlay-color":"","overlay-opacity":"","overlay-gradient":""},"mobile":{"background-color":"","background-image":"","background-repeat":"repeat","background-position":"center center","background-size":"auto","background-attachment":"scroll","background-type":"","background-media":"","overlay-type":"","overlay-color":"","overlay-opacity":"","overlay-gradient":""}},"ast-content-background-meta":{"desktop":{"background-color":"var(--ast-global-color-5)","background-image":"","background-repeat":"repeat","background-position":"center center","background-size":"auto","background-attachment":"scroll","background-type":"","background-media":"","overlay-type":"","overlay-color":"","overlay-opacity":"","overlay-gradient":""},"tablet":{"background-color":"var(--ast-global-color-5)","background-image":"","background-repeat":"repeat","background-position":"center center","background-size":"auto","background-attachment":"scroll","background-type":"","background-media":"","overlay-type":"","overlay-color":"","overlay-opacity":"","overlay-gradient":""},"mobile":{"background-color":"var(--ast-global-color-5)","background-image":"","background-repeat":"repeat","background-position":"center center","background-size":"auto","background-attachment":"scroll","background-type":"","background-media":"","overlay-type":"","overlay-color":"","overlay-opacity":"","overlay-gradient":""}},"footnotes":""},"class_list":["post-5419","page","type-page","status-publish","hentry"],"acf":[],"_links":{"self":[{"href":"https:\/\/city-guide.info\/de\/wp-json\/wp\/v2\/pages\/5419","targetHints":{"allow":["GET"]}}],"collection":[{"href":"https:\/\/city-guide.info\/de\/wp-json\/wp\/v2\/pages"}],"about":[{"href":"https:\/\/city-guide.info\/de\/wp-json\/wp\/v2\/types\/page"}],"author":[{"embeddable":true,"href":"https:\/\/city-guide.info\/de\/wp-json\/wp\/v2\/users\/203"}],"replies":[{"embeddable":true,"href":"https:\/\/city-guide.info\/de\/wp-json\/wp\/v2\/comments?post=5419"}],"version-history":[{"count":0,"href":"https:\/\/city-guide.info\/de\/wp-json\/wp\/v2\/pages\/5419\/revisions"}],"up":[{"embeddable":true,"href":"https:\/\/city-guide.info\/de\/wp-json\/wp\/v2\/pages\/2338"}],"wp:attachment":[{"href":"https:\/\/city-guide.info\/de\/wp-json\/wp\/v2\/media?parent=5419"}],"curies":[{"name":"wp","href":"https:\/\/api.w.org\/{rel}","templated":true}]}}