{"id":251,"date":"2020-07-07T16:17:58","date_gmt":"2020-07-07T14:17:58","guid":{"rendered":"http:\/\/www.masterofcity.com\/wordpress\/?page_id=251"},"modified":"2023-02-01T09:42:32","modified_gmt":"2023-02-01T08:42:32","slug":"polityka_prywatnosci","status":"publish","type":"page","link":"https:\/\/city-guide.info\/es\/politica_privacidad\/","title":{"rendered":"pol\u00edtica_privacidad"},"content":{"rendered":"<p><strong>POL\u00cdTICA DE PRIVACIDAD<\/strong><\/p>\n\n\n\n<h1 class=\"wp-block-heading\"><a><\/a>Pol\u00edtica de privacidad<\/h1>\n\n\n\n<p>Utilizar nuestro portal city-guide.info<strong> <\/strong>Usted nos conf\u00eda su informaci\u00f3n.<\/p>\n\n\n\n<p>Esta pol\u00edtica de privacidad sirve de ayuda para comprender qu\u00e9 datos recogemos y con qu\u00e9 fin, y para qu\u00e9 los utilizamos. Esta informaci\u00f3n es importante, por lo que le rogamos que lea atentamente este documento.<\/p>\n\n\n\n<h1 class=\"wp-block-heading\"><a><\/a> \u00bfQu\u00e9 datos tratamos?<\/h1>\n\n\n\n<p>Tratamos los datos que usted nos proporciona o deja como parte de su uso del portal<\/p>\n\n\n\n<p><strong>city-guide.info <\/strong>Se trata principalmente de datos necesarios para el an\u00e1lisis de los usuarios de nuestro portal. Se ponen a nuestra disposici\u00f3n, por ejemplo, como parte de formularios, as\u00ed como datos que usted deja como parte de su navegaci\u00f3n por nuestros Servicios, es decir, entre otros, datos que usted deja en las denominadas cookies.<\/p>\n\n\n\n<h1 class=\"wp-block-heading\"><a><\/a> \u00bfQui\u00e9n es el responsable del tratamiento de datos?<\/h1>\n\n\n\n<p>Los administradores de sus datos son el portal <strong><strong>city-guide.info<\/strong><\/strong><\/p>\n\n\n\n<p>Enlace a los datos de registro y contacto del sitio web <\/p>\n\n\n\n<p><strong><a href=\"https:\/\/city-guide.info\/es\/\" data-type=\"URL\" data-id=\"https:\/\/city-guide.info\">city-guide.info<\/a><\/strong><\/p>\n\n\n\n<h1 class=\"wp-block-heading\"><a><\/a>Pol\u00edtica de cookies<\/h1>\n\n\n\n<h2 class=\"wp-block-heading\"><a><\/a> 1. informaci\u00f3n general.<\/h2>\n\n\n\n<ol class=\"wp-block-list\">\n<li>Operador del portal <strong>city-guide.info<\/strong> es <strong>Grupo Imedia<\/strong>.<\/li>\n\n\n\n<li>El servicio realiza funciones para obtener informaci\u00f3n sobre los usuarios y su comportamiento de las siguientes maneras:\n<ol class=\"wp-block-list\">\n<li>Introduciendo voluntariamente informaci\u00f3n en los formularios.<\/li>\n\n\n\n<li>Mediante el almacenamiento de cookies (las denominadas \"cookies\") en los dispositivos finales.<\/li>\n<\/ol>\n<\/li>\n<\/ol>\n\n\n\n<h2 class=\"wp-block-heading\"><a><\/a> 2. informaci\u00f3n en los formularios.<\/h2>\n\n\n\n<ol class=\"wp-block-list\">\n<li>El portal recoge informaci\u00f3n facilitada voluntariamente por el usuario.<\/li>\n\n\n\n<li>El portal tambi\u00e9n puede almacenar informaci\u00f3n sobre los par\u00e1metros de conexi\u00f3n (sello de tiempo, direcci\u00f3n IP)<\/li>\n\n\n\n<li>Los datos del formulario no se ponen a disposici\u00f3n de terceros.<\/li>\n\n\n\n<li>Los datos facilitados en el formulario podr\u00e1n constituir un conjunto de clientes potenciales, inscritos por el Operador del Portal en el registro llevado por el Inspector General de Protecci\u00f3n de Datos de Car\u00e1cter Personal.<\/li>\n\n\n\n<li>Los datos facilitados en el formulario se procesan con el fin derivado de la funci\u00f3n del formulario espec\u00edfico, por ejemplo, para procesar un contacto comercial.<\/li>\n<\/ol>\n\n\n\n<h1 class=\"wp-block-heading\">Pol\u00edtica de privacidad del portal City Guide\u00a0<br><\/h1>\n\n\n\n<p><strong>Estimado usuario<\/strong><\/p>\n\n\n\n<p>Nos preocupamos por su privacidad y queremos que se sienta c\u00f3modo mientras utiliza nuestros servicios. Por ello, a continuaci\u00f3n le presentamos la informaci\u00f3n m\u00e1s importante sobre los principios de nuestro tratamiento de sus datos personales y las cookies que utiliza nuestra Tienda. Esta informaci\u00f3n se ha elaborado teniendo en cuenta RODO, el Reglamento General de Protecci\u00f3n de Datos.<\/p>\n\n\n\n<h2 class=\"wp-block-heading\">ADMINISTRADOR DE DATOS PERSONALES (\"Administrador\")<\/h2>\n\n\n\n<p>ANDRZEJ SZCZE\u015aNIAK, empresario que dirige una empresa bajo el nombre IMEDIA GROUP ANDRZEJ SZCZE\u015aNIAK, inscrita en el Registro Central e Informaci\u00f3n sobre la Actividad Empresarial llevado por el Ministro responsable de la econom\u00eda y que mantiene el Registro Central e Informaci\u00f3n sobre la Actividad Empresarial, NIP 5260055621 , REGON 010054933, ul. \u0141otewska 17\/2, 03-918 Warszawa .<\/p>\n\n\n\n<h2 class=\"wp-block-heading\">DATOS PERSONALES Y PRIVACIDAD<\/h2>\n\n\n\n<p>Si tiene intenci\u00f3n de crear una cuenta de usuario y utilizar nuestros servicios, se le pedir\u00e1 que nos facilite sus datos personales.&nbsp;<br>Sus datos son tratados por nosotros para los fines indicados a continuaci\u00f3n, relacionados con el funcionamiento de la Tienda y la prestaci\u00f3n de los servicios ofrecidos en la misma (\"Servicios\").<\/p>\n\n\n\n<p><strong>Finalidad del tratamiento:<\/strong><\/p>\n\n\n\n<p>Dependiendo de lo que decidas, esto podr\u00eda ser:<\/p>\n\n\n\n<ul class=\"wp-block-list\">\n<li>Prestaci\u00f3n de servicios ofrecidos en la Tienda<\/li>\n\n\n\n<li>Cumplimiento de sus pedidos<\/li>\n\n\n\n<li>Comercializaci\u00f3n directa de los servicios ofrecidos, salvo el bolet\u00edn informativo<\/li>\n\n\n\n<li>Enviar un bolet\u00edn<\/li>\n<\/ul>\n\n\n\n<p><strong>Base para el tratamiento:<\/strong><\/p>\n\n\n\n<ul class=\"wp-block-list\">\n<li>El contrato de venta o las medidas adoptadas a petici\u00f3n suya para celebrarlo (art\u00edculo 6, apartado 1, letra b), del RDO).<\/li>\n\n\n\n<li>Obligaci\u00f3n legal que nos incumbe, por ejemplo, en relaci\u00f3n con la contabilidad (art\u00edculo 6, apartado 1, letra c) RODO).<\/li>\n\n\n\n<li>Su consentimiento dado en la tienda (art\u00edculo 6, apartado 1, letra a) del RODO)<\/li>\n\n\n\n<li>El contrato de prestaci\u00f3n de servicios o las acciones emprendidas a petici\u00f3n suya para celebrarlo (art\u00edculo 6, apartado 1, letra b) RODO).<\/li>\n\n\n\n<li>Nuestro inter\u00e9s leg\u00edtimo en el tratamiento de los datos con el fin de establecer, hacer valer o defender posibles reclamaciones (art\u00edculo 6, apartado 1, letra f) RODO)<\/li>\n\n\n\n<li>Nuestro inter\u00e9s leg\u00edtimo en llevar a cabo marketing directo (Art\u00edculo 6(1)(f) RODO)<\/li>\n\n\n\n<li>Nuestro inter\u00e9s leg\u00edtimo en el tratamiento de datos con fines anal\u00edticos y estad\u00edsticos (art. 6(1)(f) RODO)<\/li>\n\n\n\n<li>Nuestro inter\u00e9s leg\u00edtimo en evaluar la satisfacci\u00f3n del cliente (Art. 6(1)(f) RODO)<\/li>\n<\/ul>\n\n\n\n<p><strong>Presentaci\u00f3n de datos:<\/strong><\/p>\n\n\n\n<ul class=\"wp-block-list\">\n<li>Voluntario, pero en algunos casos puede ser necesario para celebrar un contrato.<\/li>\n<\/ul>\n\n\n\n<p><strong>Efecto de no facilitar datos:<\/strong><\/p>\n\n\n\n<p>En funci\u00f3n de la finalidad para la que se faciliten los datos:<\/p>\n\n\n\n<ul class=\"wp-block-list\">\n<li>no hay posibilidad de registrarse en la Tienda<\/li>\n\n\n\n<li>imposibilidad de utilizar los servicios de la Tienda<\/li>\n\n\n\n<li>imposibilidad de realizar compras en la Tienda<\/li>\n\n\n\n<li>no recibir informaci\u00f3n sobre promociones u ofertas especiales ofrecidas a trav\u00e9s de la Tienda<\/li>\n<\/ul>\n\n\n\n<p><strong>Posibilidad de retirar el consentimiento:<\/strong><\/p>\n\n\n\n<ul class=\"wp-block-list\">\n<li>en cualquier momento<\/li>\n<\/ul>\n\n\n\n<p>El tratamiento de datos sigue siendo l\u00edcito hasta que usted retire su consentimiento.<\/p>\n\n\n\n<h2 class=\"wp-block-heading\">PERFILAR<\/h2>\n\n\n\n<p>Dentro de la Tienda, podemos adaptar autom\u00e1ticamente determinados contenidos a sus necesidades, es decir, realizar perfiles, utilizando los datos personales que nos ha facilitado.<\/p>\n\n\n\n<p>En caso de que la elaboraci\u00f3n de perfiles pueda dar lugar a decisiones que produzcan efectos jur\u00eddicos para usted o le afecten de manera igualmente significativa, s\u00f3lo llevaremos a cabo dicha elaboraci\u00f3n de perfiles si usted ha dado su consentimiento.<\/p>\n\n\n\n<p>Recuerde que puede revocar su consentimiento en cualquier momento. El tratamiento de datos sigue siendo l\u00edcito hasta que usted revoque su consentimiento.<\/p>\n\n\n\n<h2 class=\"wp-block-heading\">PERIODO DE TRAMITACI\u00d3N<\/h2>\n\n\n\n<p>S\u00f3lo procesaremos sus datos mientras tengamos una base legal para hacerlo, que es hasta:<\/p>\n\n\n\n<ul class=\"wp-block-list\">\n<li>ya no tenemos la obligaci\u00f3n legal de tratar sus datos<\/li>\n\n\n\n<li>cesa la posibilidad de las partes de establecer, hacer valer o defender posibles reclamaciones relativas al contrato celebrado por la Tienda<\/li>\n\n\n\n<li>revocar su consentimiento para el tratamiento de sus datos, si \u00e9ste era la base para dicho tratamiento<\/li>\n\n\n\n<li>se acepte su oposici\u00f3n al tratamiento de sus datos personales, cuando el tratamiento se haya basado en un inter\u00e9s leg\u00edtimo del responsable del tratamiento o cuando los datos se hayan tratado con fines de mercadotecnia directa, incluida la elaboraci\u00f3n de perfiles<\/li>\n<\/ul>\n\n\n\n<p>- en funci\u00f3n de lo que sea aplicable en cada caso y de lo que vaya a ocurrir a m\u00e1s tardar.<\/p>\n\n\n\n<h2 class=\"wp-block-heading\">SEGURIDAD DE LOS DATOS<\/h2>\n\n\n\n<p>Al procesar sus datos personales, utilizamos medidas organizativas y t\u00e9cnicas que cumplen la legislaci\u00f3n pertinente.<\/p>\n\n\n\n<h2 class=\"wp-block-heading\">SUS DERECHOS<\/h2>\n\n\n\n<p>Tiene derecho a solicitar:<\/p>\n\n\n\n<ul class=\"wp-block-list\">\n<li>acceso a sus datos personales,<\/li>\n\n\n\n<li>su rectificaci\u00f3n,<\/li>\n\n\n\n<li>supresiones,<\/li>\n\n\n\n<li>limitaci\u00f3n del tratamiento,<\/li>\n\n\n\n<li>solicitar la transferencia de datos a otro responsable del tratamiento,<\/li>\n<\/ul>\n\n\n\n<p>Y tambi\u00e9n:<\/p>\n\n\n\n<ul class=\"wp-block-list\">\n<li>oponerse al tratamiento de sus datos en cualquier momento:\n<ul class=\"wp-block-list\">\n<li>por motivos relacionados con su situaci\u00f3n particular - contra el tratamiento de datos personales que le conciernen basado en el art\u00edculo 6, apartado 1, letra f), del RODO (es decir, intereses leg\u00edtimos perseguidos por el responsable del tratamiento), incluida la elaboraci\u00f3n de perfiles sobre la base de estas disposiciones,<\/li>\n\n\n\n<li>cuando se traten datos personales con fines de mercadotecnia directa, incluida la elaboraci\u00f3n de perfiles, en la medida en que el tratamiento est\u00e9 relacionado con dicha mercadotecnia directa.<\/li>\n<\/ul>\n<\/li>\n<\/ul>\n\n\n\n<p>P\u00f3ngase en contacto con nosotros si desea ejercer sus derechos.<\/p>\n\n\n\n<p>Si considera que sus datos est\u00e1n siendo tratados ilegalmente, puede presentar una reclamaci\u00f3n ante la autoridad de control.<\/p>\n\n\n\n<h2 class=\"wp-block-heading\">TARTAS<\/h2>\n\n\n\n<p>Nuestra tienda, como la mayor\u00eda de los sitios web, utiliza las llamadas cookies. Estos archivos:<\/p>\n\n\n\n<ul class=\"wp-block-list\">\n<li>se almacenan en su dispositivo (ordenador, tel\u00e9fono, etc.)<\/li>\n\n\n\n<li>permitirle, entre otras cosas, utilizar todas las funciones de la Tienda<\/li>\n\n\n\n<li>no modifique los ajustes de su dispositivo<\/li>\n<\/ul>\n\n\n\n<p>Utilizando las opciones correspondientes de su navegador, puede hacerlo en cualquier momento:<\/p>\n\n\n\n<ul class=\"wp-block-list\">\n<li>eliminar cookies<\/li>\n\n\n\n<li>bloquear el uso futuro de cookies<\/li>\n<\/ul>\n\n\n\n<p>En esta Tienda, las cookies se utilizan para:<\/p>\n\n\n\n<ul class=\"wp-block-list\">\n<li>recordar los datos de la sesi\u00f3n<\/li>\n\n\n\n<li>estad\u00edstica<\/li>\n\n\n\n<li>marketing<\/li>\n\n\n\n<li>poner a disposici\u00f3n las funciones de la Tienda<\/li>\n<\/ul>\n\n\n\n<p>Para saber c\u00f3mo gestionar las cookies, incluido c\u00f3mo desactivarlas en su navegador, puede consultar el archivo de ayuda de su navegador. Puede leer esta informaci\u00f3n pulsando F1 en su navegador. Adem\u00e1s, en las p\u00e1ginas siguientes encontrar\u00e1 consejos pertinentes en funci\u00f3n del navegador que utilice:<\/p>\n\n\n\n<ul class=\"wp-block-list\">\n<li><a href=\"https:\/\/support.mozilla.org\/pl\/kb\/W%C5%82%C4%85czanie%20i%20wy%C5%82%C4%85czanie%20obs%C5%82ugi%20ciasteczek\" rel=\"noreferrer noopener\" target=\"_blank\">Firefox<\/a><\/li>\n\n\n\n<li><a href=\"https:\/\/support.google.com\/chrome\/answer\/95647?hl=plX\" rel=\"noreferrer noopener\" target=\"_blank\">Cromo<\/a><\/li>\n\n\n\n<li><a href=\"https:\/\/support.apple.com\/kb\/PH5042?locale=en_US\" rel=\"noreferrer noopener\" target=\"_blank\">Safari<\/a><\/li>\n\n\n\n<li><a href=\"http:\/\/windows.microsoft.com\/pl-pl\/windows-10\/edge-privacy-faq\" rel=\"noreferrer noopener\" target=\"_blank\">Internet Explorer \/ Microsoft Edge<\/a><\/li>\n<\/ul>\n\n\n\n<p>Para m\u00e1s informaci\u00f3n sobre las cookies, consulte&nbsp;<a href=\"https:\/\/pl.wikipedia.org\/wiki\/HTTP_cookie\" rel=\"noreferrer noopener\" target=\"_blank\">Wikipedia<\/a>.<\/p>\n\n\n\n<h2 class=\"wp-block-heading\">SERVICIOS EXTERNOS \/ DESTINATARIOS DE LOS DATOS<\/h2>\n\n\n\n<p>Recurrimos a terceros a los que pueden transferirse sus datos. A continuaci\u00f3n figura una lista de posibles destinatarios de sus datos:<\/p>\n\n\n\n<ul class=\"wp-block-list\">\n<li>proveedor de los programas inform\u00e1ticos necesarios para gestionar una tienda en l\u00ednea<\/li>\n\n\n\n<li>la entidad que entrega las mercanc\u00edas<\/li>\n\n\n\n<li>proveedor de pagos<\/li>\n\n\n\n<li>proveedor de software de gesti\u00f3n empresarial (por ejemplo, software de contabilidad)<\/li>\n\n\n\n<li>la entidad que nos presta asistencia t\u00e9cnica<\/li>\n\n\n\n<li>proveedor de servicios de marketing<\/li>\n\n\n\n<li>proveedor de servicios estad\u00edsticos<\/li>\n\n\n\n<li>las autoridades p\u00fablicas competentes en la medida en que el Administrador est\u00e9 obligado a poner los datos a su disposici\u00f3n<\/li>\n<\/ul>\n\n\n\n<h2 class=\"wp-block-heading\">CONTACTO CON EL ADMINISTRADOR<\/h2>\n\n\n\n<p>\u00bfDesea ejercer sus derechos sobre sus datos personales?<\/p>\n\n\n\n<p>\u00bfO tal vez s\u00f3lo quiere preguntar sobre algo relacionado con nuestra Pol\u00edtica de privacidad?<\/p>\n\n\n\n<p>Escriba a:<\/p>\n\n\n\n<p><a href=\"mailto:contact@city-guide.info\">contact@city-guide.info<\/a><br><\/p>","protected":false},"excerpt":{"rendered":"<p>POLITYKA PRYWATNO\u015aCI Polityka prywatno\u015bci Korzystaj\u0105c z naszego portalu city-guide.info powierzacie nam Pa\u0144stwo swoje informacje. Polityka prywatno\u015bci s\u0142u\u017cy jako pomoc w [&hellip;]<\/p>","protected":false},"author":34,"featured_media":0,"parent":0,"menu_order":0,"comment_status":"closed","ping_status":"closed","template":"elementor_theme","meta":{"_acf_changed":false,"site-sidebar-layout":"default","site-content-layout":"","ast-site-content-layout":"default","site-content-style":"default","site-sidebar-style":"default","ast-global-header-display":"","ast-banner-title-visibility":"","ast-main-header-display":"","ast-hfb-above-header-display":"","ast-hfb-below-header-display":"","ast-hfb-mobile-header-display":"","site-post-title":"","ast-breadcrumbs-content":"","ast-featured-img":"","footer-sml-layout":"","theme-transparent-header-meta":"","adv-header-id-meta":"","stick-header-meta":"","header-above-stick-meta":"","header-main-stick-meta":"","header-below-stick-meta":"","astra-migrate-meta-layouts":"default","ast-page-background-enabled":"default","ast-page-background-meta":{"desktop":{"background-color":"var(--ast-global-color-4)","background-image":"","background-repeat":"repeat","background-position":"center center","background-size":"auto","background-attachment":"scroll","background-type":"","background-media":"","overlay-type":"","overlay-color":"","overlay-opacity":"","overlay-gradient":""},"tablet":{"background-color":"","background-image":"","background-repeat":"repeat","background-position":"center center","background-size":"auto","background-attachment":"scroll","background-type":"","background-media":"","overlay-type":"","overlay-color":"","overlay-opacity":"","overlay-gradient":""},"mobile":{"background-color":"","background-image":"","background-repeat":"repeat","background-position":"center center","background-size":"auto","background-attachment":"scroll","background-type":"","background-media":"","overlay-type":"","overlay-color":"","overlay-opacity":"","overlay-gradient":""}},"ast-content-background-meta":{"desktop":{"background-color":"var(--ast-global-color-5)","background-image":"","background-repeat":"repeat","background-position":"center center","background-size":"auto","background-attachment":"scroll","background-type":"","background-media":"","overlay-type":"","overlay-color":"","overlay-opacity":"","overlay-gradient":""},"tablet":{"background-color":"var(--ast-global-color-5)","background-image":"","background-repeat":"repeat","background-position":"center center","background-size":"auto","background-attachment":"scroll","background-type":"","background-media":"","overlay-type":"","overlay-color":"","overlay-opacity":"","overlay-gradient":""},"mobile":{"background-color":"var(--ast-global-color-5)","background-image":"","background-repeat":"repeat","background-position":"center center","background-size":"auto","background-attachment":"scroll","background-type":"","background-media":"","overlay-type":"","overlay-color":"","overlay-opacity":"","overlay-gradient":""}},"footnotes":""},"class_list":["post-251","page","type-page","status-publish","hentry"],"acf":[],"_links":{"self":[{"href":"https:\/\/city-guide.info\/es\/wp-json\/wp\/v2\/pages\/251","targetHints":{"allow":["GET"]}}],"collection":[{"href":"https:\/\/city-guide.info\/es\/wp-json\/wp\/v2\/pages"}],"about":[{"href":"https:\/\/city-guide.info\/es\/wp-json\/wp\/v2\/types\/page"}],"author":[{"embeddable":true,"href":"https:\/\/city-guide.info\/es\/wp-json\/wp\/v2\/users\/34"}],"replies":[{"embeddable":true,"href":"https:\/\/city-guide.info\/es\/wp-json\/wp\/v2\/comments?post=251"}],"version-history":[{"count":0,"href":"https:\/\/city-guide.info\/es\/wp-json\/wp\/v2\/pages\/251\/revisions"}],"wp:attachment":[{"href":"https:\/\/city-guide.info\/es\/wp-json\/wp\/v2\/media?parent=251"}],"curies":[{"name":"wp","href":"https:\/\/api.w.org\/{rel}","templated":true}]}}