{"id":2338,"date":"2025-02-18T15:14:50","date_gmt":"2025-02-18T14:14:50","guid":{"rendered":"https:\/\/city-guide.info\/?page_id=2338"},"modified":"2025-02-18T15:37:40","modified_gmt":"2025-02-18T14:37:40","slug":"zrodla","status":"publish","type":"page","link":"https:\/\/city-guide.info\/fr\/sources\/","title":{"rendered":"Sources d'information"},"content":{"rendered":"<ul><li><a href=\"https:\/\/city-guide.info\/fr\/sources\/10-faits-et-secrets-sur-loeil-de-londres\/\">TOP 10 faits et secrets sur le London Eye<\/a><\/li><li><a href=\"https:\/\/city-guide.info\/fr\/sources\/10-faits-et-secrets-sur-le-musee-madame-tussauds\/\">TOP 10 des faits et secrets sur le mus\u00e9e Madame Tussauds<\/a><\/li><li><a href=\"https:\/\/city-guide.info\/fr\/sources\/10-faits-et-secrets-sur-la-cathedrale-st-pauls\/\">TOP 10 des faits et secrets sur la cath\u00e9drale Saint-Paul<\/a><\/li><li><a href=\"https:\/\/city-guide.info\/fr\/sources\/10-faits-et-secrets-sur-le-pont-de-la-tour\/\">TOP 10 Faits et secrets sur le Tower Bridge<\/a><\/li><li><a href=\"https:\/\/city-guide.info\/fr\/sources\/les-10-questions-les-plus-frequemment-posees-sur-le-jeu-de-societe-master-of-city\/\">TOP 10 des questions les plus fr\u00e9quemment pos\u00e9es sur le jeu de soci\u00e9t\u00e9 Master of City<\/a><\/li><li><a href=\"https:\/\/city-guide.info\/fr\/sources\/12-faits-et-secrets-sur-big-ben\/\">TOP 12 Faits et secrets sur Big Ben<\/a><\/li><li><a href=\"https:\/\/city-guide.info\/fr\/sources\/12-faits-et-secrets-sur-le-zoo-de-londres\/\">TOP 12 faits et secrets sur le zoo de Londres<\/a><\/li><li><a href=\"https:\/\/city-guide.info\/fr\/sources\/12-faits-et-secrets-sur-la-tour-de-londres\/\">TOP 12 faits et secrets sur la Tour de Londres<\/a><\/li><li><a href=\"https:\/\/city-guide.info\/fr\/sources\/12-conseils-pour-savoir-si-londres-est-sure\/\">TOP 12 Conseils - Londres est-elle s\u00fbre ?<\/a><\/li><li><a href=\"https:\/\/city-guide.info\/fr\/sources\/les-7-meilleures-terrasses-gratuites-de-londres\/\">TOP 7 des terrasses libres \u00e0 Londres<\/a><\/li><li><a href=\"https:\/\/city-guide.info\/fr\/sources\/les-7-meilleures-comedies-musicales-de-londres\/\">TOP 7 des com\u00e9dies musicales \u00e0 Londres<\/a><\/li><li><a href=\"https:\/\/city-guide.info\/fr\/sources\/les-7-premieres-plateformes-de-visionnage-payantes-a-londres\/\">TOP 7 des terrasses payantes \u00e0 Londres<\/a><\/li><li><a href=\"https:\/\/city-guide.info\/fr\/sources\/top-8-des-musees-gratuits-de-londres-heures-douverture-actuelles\/\">Top 8 des mus\u00e9es gratuits de Londres - Heures d'ouverture actuelles<\/a><\/li><li><a href=\"https:\/\/city-guide.info\/fr\/sources\/top-8-des-musees-gratuits-de-londres\/\">Les 8 mus\u00e9es les plus gratuits de Londres<\/a><\/li><li><a href=\"https:\/\/city-guide.info\/fr\/sources\/vol-de-24-telephones-en-1-heure-a-londres\/\">Il a vol\u00e9 24 t\u00e9l\u00e9phones en une heure \u00e0 Londres !<\/a><\/li><\/ul>","protected":false},"excerpt":{"rendered":"","protected":false},"author":34,"featured_media":0,"parent":0,"menu_order":0,"comment_status":"closed","ping_status":"closed","template":"","meta":{"_acf_changed":false,"site-sidebar-layout":"no-sidebar","site-content-layout":"page-builder","ast-site-content-layout":"full-width-container","site-content-style":"default","site-sidebar-style":"default","ast-global-header-display":"","ast-banner-title-visibility":"","ast-main-header-display":"","ast-hfb-above-header-display":"","ast-hfb-below-header-display":"","ast-hfb-mobile-header-display":"","site-post-title":"disabled","ast-breadcrumbs-content":"","ast-featured-img":"disabled","footer-sml-layout":"","theme-transparent-header-meta":"","adv-header-id-meta":"","stick-header-meta":"","header-above-stick-meta":"","header-main-stick-meta":"","header-below-stick-meta":"","astra-migrate-meta-layouts":"set","ast-page-background-enabled":"default","ast-page-background-meta":{"desktop":{"background-color":"var(--ast-global-color-4)","background-image":"","background-repeat":"repeat","background-position":"center center","background-size":"auto","background-attachment":"scroll","background-type":"","background-media":"","overlay-type":"","overlay-color":"","overlay-opacity":"","overlay-gradient":""},"tablet":{"background-color":"","background-image":"","background-repeat":"repeat","background-position":"center center","background-size":"auto","background-attachment":"scroll","background-type":"","background-media":"","overlay-type":"","overlay-color":"","overlay-opacity":"","overlay-gradient":""},"mobile":{"background-color":"","background-image":"","background-repeat":"repeat","background-position":"center center","background-size":"auto","background-attachment":"scroll","background-type":"","background-media":"","overlay-type":"","overlay-color":"","overlay-opacity":"","overlay-gradient":""}},"ast-content-background-meta":{"desktop":{"background-color":"var(--ast-global-color-5)","background-image":"","background-repeat":"repeat","background-position":"center center","background-size":"auto","background-attachment":"scroll","background-type":"","background-media":"","overlay-type":"","overlay-color":"","overlay-opacity":"","overlay-gradient":""},"tablet":{"background-color":"var(--ast-global-color-5)","background-image":"","background-repeat":"repeat","background-position":"center center","background-size":"auto","background-attachment":"scroll","background-type":"","background-media":"","overlay-type":"","overlay-color":"","overlay-opacity":"","overlay-gradient":""},"mobile":{"background-color":"var(--ast-global-color-5)","background-image":"","background-repeat":"repeat","background-position":"center center","background-size":"auto","background-attachment":"scroll","background-type":"","background-media":"","overlay-type":"","overlay-color":"","overlay-opacity":"","overlay-gradient":""}},"footnotes":""},"class_list":["post-2338","page","type-page","status-publish","hentry"],"acf":[],"_links":{"self":[{"href":"https:\/\/city-guide.info\/fr\/wp-json\/wp\/v2\/pages\/2338","targetHints":{"allow":["GET"]}}],"collection":[{"href":"https:\/\/city-guide.info\/fr\/wp-json\/wp\/v2\/pages"}],"about":[{"href":"https:\/\/city-guide.info\/fr\/wp-json\/wp\/v2\/types\/page"}],"author":[{"embeddable":true,"href":"https:\/\/city-guide.info\/fr\/wp-json\/wp\/v2\/users\/34"}],"replies":[{"embeddable":true,"href":"https:\/\/city-guide.info\/fr\/wp-json\/wp\/v2\/comments?post=2338"}],"version-history":[{"count":0,"href":"https:\/\/city-guide.info\/fr\/wp-json\/wp\/v2\/pages\/2338\/revisions"}],"wp:attachment":[{"href":"https:\/\/city-guide.info\/fr\/wp-json\/wp\/v2\/media?parent=2338"}],"curies":[{"name":"wp","href":"https:\/\/api.w.org\/{rel}","templated":true}]}}