{"id":251,"date":"2020-07-07T16:17:58","date_gmt":"2020-07-07T14:17:58","guid":{"rendered":"http:\/\/www.masterofcity.com\/wordpress\/?page_id=251"},"modified":"2023-02-01T09:42:32","modified_gmt":"2023-02-01T08:42:32","slug":"polityka_prywatnosci","status":"publish","type":"page","link":"https:\/\/city-guide.info\/fr\/politique_privacy\/","title":{"rendered":"politique_privacy"},"content":{"rendered":"<p><strong>POLITIQUE DE CONFIDENTIALIT\u00c9<\/strong><\/p>\n\n\n\n<h1 class=\"wp-block-heading\"><a><\/a>Politique de confidentialit\u00e9<\/h1>\n\n\n\n<p>Utiliser notre portail city-guide.info<strong> <\/strong>Vous nous confiez vos informations.<\/p>\n\n\n\n<p>La pr\u00e9sente politique de protection de la vie priv\u00e9e permet de comprendre quelles donn\u00e9es nous collectons, dans quel but et \u00e0 quelles fins nous les utilisons. Ces informations sont importantes, c'est pourquoi nous vous invitons \u00e0 lire attentivement ce document.<\/p>\n\n\n\n<h1 class=\"wp-block-heading\"><a><\/a> Quelles donn\u00e9es traitons-nous ?<\/h1>\n\n\n\n<p>Nous traitons les donn\u00e9es que vous fournissez ou laissez dans le cadre de votre utilisation du portail<\/p>\n\n\n\n<p><strong>city-guide.info <\/strong>Il s'agit principalement de donn\u00e9es n\u00e9cessaires \u00e0 l'analyse des utilisateurs de notre portail. Elles sont mises \u00e0 notre disposition, par exemple dans le cadre de formulaires, ainsi que les donn\u00e9es que vous laissez dans le cadre de votre navigation sur nos services, c'est-\u00e0-dire, entre autres, les donn\u00e9es que vous laissez dans ce que l'on appelle les cookies.<\/p>\n\n\n\n<h1 class=\"wp-block-heading\"><a><\/a> Qui est le responsable du traitement des donn\u00e9es ?<\/h1>\n\n\n\n<p>Les administrateurs de vos donn\u00e9es sont le portail <strong><strong>city-guide.info<\/strong><\/strong><\/p>\n\n\n\n<p>Lien vers l'enregistrement du site et les coordonn\u00e9es de contact <\/p>\n\n\n\n<p><strong><a href=\"https:\/\/city-guide.info\/fr\/\" data-type=\"URL\" data-id=\"https:\/\/city-guide.info\">city-guide.info<\/a><\/strong><\/p>\n\n\n\n<h1 class=\"wp-block-heading\"><a><\/a>Politique en mati\u00e8re de cookies<\/h1>\n\n\n\n<h2 class=\"wp-block-heading\"><a><\/a> 1. informations g\u00e9n\u00e9rales.<\/h2>\n\n\n\n<ol class=\"wp-block-list\">\n<li>Op\u00e9rateur du portail <strong>city-guide.info<\/strong> est <strong>Groupe Imedia<\/strong>.<\/li>\n\n\n\n<li>Le service remplit des fonctions permettant d'obtenir des informations sur les utilisateurs et leur comportement de la mani\u00e8re suivante :\n<ol class=\"wp-block-list\">\n<li>En saisissant volontairement des informations dans les formulaires.<\/li>\n\n\n\n<li>en stockant des t\u00e9moins de connexion (appel\u00e9s \"cookies\") sur les appareils finaux.<\/li>\n<\/ol>\n<\/li>\n<\/ol>\n\n\n\n<h2 class=\"wp-block-heading\"><a><\/a> 2. les informations contenues dans les formulaires.<\/h2>\n\n\n\n<ol class=\"wp-block-list\">\n<li>Le portail recueille des informations fournies volontairement par l'utilisateur.<\/li>\n\n\n\n<li>Le portail peut \u00e9galement stocker des informations sur les param\u00e8tres de connexion (horodatage, adresse IP).<\/li>\n\n\n\n<li>Les donn\u00e9es figurant sur le formulaire ne sont pas mises \u00e0 la disposition de tiers.<\/li>\n\n\n\n<li>Les donn\u00e9es fournies dans le formulaire peuvent constituer un ensemble de clients potentiels, enregistr\u00e9s par l'op\u00e9rateur du portail dans le registre tenu par l'inspecteur g\u00e9n\u00e9ral pour la protection des donn\u00e9es \u00e0 caract\u00e8re personnel.<\/li>\n\n\n\n<li>Les donn\u00e9es fournies dans le formulaire sont trait\u00e9es dans le but r\u00e9sultant de la fonction du formulaire sp\u00e9cifique, par exemple pour traiter un contact commercial.<\/li>\n<\/ol>\n\n\n\n<h1 class=\"wp-block-heading\">Politique de confidentialit\u00e9 du portail City Guide\u00a0<br><\/h1>\n\n\n\n<p><strong>Cher utilisateur !<\/strong><\/p>\n\n\n\n<p>Nous nous soucions de votre vie priv\u00e9e et souhaitons que vous vous sentiez \u00e0 l'aise lorsque vous utilisez nos services. Par cons\u00e9quent, nous vous pr\u00e9sentons ci-dessous les informations les plus importantes concernant les principes de notre traitement de vos donn\u00e9es personnelles et les cookies utilis\u00e9s par notre boutique. Ces informations ont \u00e9t\u00e9 pr\u00e9par\u00e9es en tenant compte du RODO, le r\u00e8glement g\u00e9n\u00e9ral sur la protection des donn\u00e9es.<\/p>\n\n\n\n<h2 class=\"wp-block-heading\">ADMINISTRATEUR DES DONN\u00c9ES PERSONNELLES (\"Administrateur\")<\/h2>\n\n\n\n<p>ANDRZEJ SZCZE\u015aNIAK, entrepreneur g\u00e9rant une entreprise sous le nom de IMEDIA GROUP ANDRZEJ SZCZE\u015aNIAK, inscrit au Registre central et \u00e0 l'information sur l'activit\u00e9 des entreprises r\u00e9alis\u00e9 par le ministre responsable de l'\u00e9conomie et tenant le Registre central et l'information sur l'activit\u00e9 des entreprises, NIP 5260055621 , REGON 010054933, ul. \u0141otewska 17\/2, 03-918 Warszawa .<\/p>\n\n\n\n<h2 class=\"wp-block-heading\">DONN\u00c9ES PERSONNELLES ET VIE PRIV\u00c9E<\/h2>\n\n\n\n<p>Si vous avez l'intention de cr\u00e9er un compte utilisateur et d'utiliser nos services, il vous sera demand\u00e9 de nous fournir vos donn\u00e9es personnelles.&nbsp;<br>Vos donn\u00e9es sont trait\u00e9es par nos soins aux fins indiqu\u00e9es ci-dessous, li\u00e9es au fonctionnement de la boutique et \u00e0 la fourniture des services qui y sont propos\u00e9s (\" Services \").<\/p>\n\n\n\n<p><strong>Finalit\u00e9 du traitement :<\/strong><\/p>\n\n\n\n<p>En fonction de ce que vous d\u00e9cidez, cela pourrait \u00eatre :<\/p>\n\n\n\n<ul class=\"wp-block-list\">\n<li>Prestation de services offerts dans le magasin<\/li>\n\n\n\n<li>Ex\u00e9cution de vos commandes<\/li>\n\n\n\n<li>Marketing direct des services offerts, autres que la newsletter<\/li>\n\n\n\n<li>Envoi d'un bulletin d'information<\/li>\n<\/ul>\n\n\n\n<p><strong>Base du traitement :<\/strong><\/p>\n\n\n\n<ul class=\"wp-block-list\">\n<li>Le contrat de vente ou les mesures prises \u00e0 votre demande en vue de sa conclusion (article 6, paragraphe 1, point b), du RODO).<\/li>\n\n\n\n<li>Obligation l\u00e9gale nous incombant, par exemple dans le cadre de la comptabilit\u00e9 (article 6, paragraphe 1, point c) RODO)<\/li>\n\n\n\n<li>Votre consentement donn\u00e9 dans la boutique (article 6, paragraphe 1, point a) du RODO)<\/li>\n\n\n\n<li>Le contrat de prestation de services ou les mesures prises \u00e0 votre demande en vue de sa conclusion (article 6, paragraphe 1, point b), du RODO).<\/li>\n\n\n\n<li>Notre int\u00e9r\u00eat l\u00e9gitime \u00e0 traiter les donn\u00e9es afin de constater, faire valoir ou d\u00e9fendre d'\u00e9ventuelles r\u00e9clamations (article 6, paragraphe 1, point f), du RODO).<\/li>\n\n\n\n<li>Notre int\u00e9r\u00eat l\u00e9gitime \u00e0 r\u00e9aliser des op\u00e9rations de marketing direct (article 6, paragraphe 1, point f), du RODO).<\/li>\n\n\n\n<li>Notre int\u00e9r\u00eat l\u00e9gitime \u00e0 traiter les donn\u00e9es \u00e0 des fins analytiques et statistiques (article 6, paragraphe 1, point f), du RODO).<\/li>\n\n\n\n<li>Notre int\u00e9r\u00eat l\u00e9gitime \u00e0 mener des enqu\u00eates sur la satisfaction des clients (article 6, paragraphe 1, point f), du RODO).<\/li>\n<\/ul>\n\n\n\n<p><strong>Soumission des donn\u00e9es :<\/strong><\/p>\n\n\n\n<ul class=\"wp-block-list\">\n<li>Volontaire, mais dans certains cas, elle peut \u00eatre n\u00e9cessaire pour conclure un contrat.<\/li>\n<\/ul>\n\n\n\n<p><strong>Effet de la non fourniture de donn\u00e9es :<\/strong><\/p>\n\n\n\n<p>En fonction de la finalit\u00e9 pour laquelle les donn\u00e9es sont fournies :<\/p>\n\n\n\n<ul class=\"wp-block-list\">\n<li>aucune possibilit\u00e9 de s'inscrire dans le Shop<\/li>\n\n\n\n<li>l'impossibilit\u00e9 d'utiliser les services du magasin<\/li>\n\n\n\n<li>l'impossibilit\u00e9 d'effectuer des achats dans le magasin<\/li>\n\n\n\n<li>ne pas recevoir d'informations sur les promotions ou les offres sp\u00e9ciales propos\u00e9es par le magasin<\/li>\n<\/ul>\n\n\n\n<p><strong>Possibilit\u00e9 de retirer le consentement :<\/strong><\/p>\n\n\n\n<ul class=\"wp-block-list\">\n<li>\u00e0 tout moment<\/li>\n<\/ul>\n\n\n\n<p>Le traitement des donn\u00e9es reste licite jusqu'\u00e0 ce que vous retiriez votre consentement.<\/p>\n\n\n\n<h2 class=\"wp-block-heading\">PROFILING<\/h2>\n\n\n\n<p>Dans la boutique, nous pouvons adapter automatiquement certains contenus \u00e0 vos besoins, c'est-\u00e0-dire effectuer un profilage, en utilisant les donn\u00e9es personnelles que vous avez fournies.<\/p>\n\n\n\n<p>Dans le cas o\u00f9 le profilage pourrait aboutir \u00e0 des d\u00e9cisions produisant des effets juridiques pour vous ou vous affectant de mani\u00e8re significative similaire, nous n'effectuerons ce profilage que si vous avez donn\u00e9 votre consentement.<\/p>\n\n\n\n<p>N'oubliez pas que vous pouvez r\u00e9voquer votre consentement \u00e0 tout moment. Le traitement des donn\u00e9es reste l\u00e9gal jusqu'\u00e0 ce que vous r\u00e9voquiez votre consentement.<\/p>\n\n\n\n<h2 class=\"wp-block-heading\">P\u00c9RIODE DE TRAITEMENT<\/h2>\n\n\n\n<p>Nous ne traiterons vos donn\u00e9es que tant que nous aurons une base l\u00e9gale pour le faire, c'est-\u00e0-dire jusqu'\u00e0 ce que :<\/p>\n\n\n\n<ul class=\"wp-block-list\">\n<li>nous ne sommes plus soumis \u00e0 une obligation l\u00e9gale de traiter vos donn\u00e9es<\/li>\n\n\n\n<li>la possibilit\u00e9 de constater, de faire valoir ou de d\u00e9fendre d'\u00e9ventuelles pr\u00e9tentions relatives au contrat conclu par le magasin par les parties cesse<\/li>\n\n\n\n<li>r\u00e9voquer votre consentement au traitement de vos donn\u00e9es, s'il constituait la base de ce traitement<\/li>\n\n\n\n<li>votre objection au traitement de vos donn\u00e9es \u00e0 caract\u00e8re personnel est accept\u00e9e, lorsque le traitement \u00e9tait fond\u00e9 sur un int\u00e9r\u00eat l\u00e9gitime du responsable du traitement ou lorsque les donn\u00e9es ont \u00e9t\u00e9 trait\u00e9es \u00e0 des fins de marketing direct, y compris le profilage.<\/li>\n<\/ul>\n\n\n\n<p>- en fonction de ce qui est applicable dans chaque cas et de ce qui se passera au plus tard.<\/p>\n\n\n\n<h2 class=\"wp-block-heading\">S\u00c9CURIT\u00c9 DES DONN\u00c9ES<\/h2>\n\n\n\n<p>Lors du traitement de vos donn\u00e9es personnelles, nous utilisons des mesures organisationnelles et techniques conformes \u00e0 la l\u00e9gislation en vigueur.<\/p>\n\n\n\n<h2 class=\"wp-block-heading\">VOS DROITS<\/h2>\n\n\n\n<p>Vous avez le droit de demander :<\/p>\n\n\n\n<ul class=\"wp-block-list\">\n<li>l'acc\u00e8s \u00e0 vos donn\u00e9es personnelles,<\/li>\n\n\n\n<li>leur rectification,<\/li>\n\n\n\n<li>des suppressions,<\/li>\n\n\n\n<li>la limitation du traitement,<\/li>\n\n\n\n<li>demander le transfert des donn\u00e9es \u00e0 un autre responsable du traitement,<\/li>\n<\/ul>\n\n\n\n<p>Et aussi :<\/p>\n\n\n\n<ul class=\"wp-block-list\">\n<li>vous opposer \u00e0 tout moment au traitement de vos donn\u00e9es :\n<ul class=\"wp-block-list\">\n<li>pour des raisons li\u00e9es \u00e0 votre situation particuli\u00e8re - contre le traitement des donn\u00e9es \u00e0 caract\u00e8re personnel vous concernant fond\u00e9 sur l'article 6, paragraphe 1, point f), du RODO (c'est-\u00e0-dire les int\u00e9r\u00eats l\u00e9gitimes poursuivis par le responsable du traitement), y compris le profilage sur la base de ces dispositions,<\/li>\n\n\n\n<li>lorsque les donn\u00e9es personnelles sont trait\u00e9es \u00e0 des fins de marketing direct, y compris le profilage, dans la mesure o\u00f9 le traitement est li\u00e9 \u00e0 ce marketing direct.<\/li>\n<\/ul>\n<\/li>\n<\/ul>\n\n\n\n<p>Contactez-nous si vous souhaitez exercer vos droits.<\/p>\n\n\n\n<p>Si vous estimez que vos donn\u00e9es sont trait\u00e9es ill\u00e9galement, vous pouvez d\u00e9poser une plainte aupr\u00e8s de l'autorit\u00e9 de contr\u00f4le.<\/p>\n\n\n\n<h2 class=\"wp-block-heading\">G\u00c2TEAUX<\/h2>\n\n\n\n<p>Notre boutique, comme la plupart des sites web, utilise des cookies. Ces dossiers :<\/p>\n\n\n\n<ul class=\"wp-block-list\">\n<li>sont stock\u00e9es sur votre appareil (ordinateur, t\u00e9l\u00e9phone, etc.)<\/li>\n\n\n\n<li>vous permettre, entre autres, d'utiliser toutes les fonctions du Store<\/li>\n\n\n\n<li>ne modifiez pas les param\u00e8tres de votre appareil<\/li>\n<\/ul>\n\n\n\n<p>En utilisant les options pertinentes de votre navigateur, vous pouvez \u00e0 tout moment :<\/p>\n\n\n\n<ul class=\"wp-block-list\">\n<li>supprimer les cookies<\/li>\n\n\n\n<li>bloquer l'utilisation future des cookies<\/li>\n<\/ul>\n\n\n\n<p>Dans ce magasin, les cookies sont utilis\u00e9s pour :<\/p>\n\n\n\n<ul class=\"wp-block-list\">\n<li>zapami\u0119tywania informacji o Twojej sesji<\/li>\n\n\n\n<li>statistiques<\/li>\n\n\n\n<li>marketing<\/li>\n\n\n\n<li>mise \u00e0 disposition des fonctions de la boutique<\/li>\n<\/ul>\n\n\n\n<p>Pour savoir comment g\u00e9rer les cookies, y compris comment les d\u00e9sactiver dans votre navigateur, vous pouvez consulter le fichier d'aide de votre navigateur. Vous pouvez lire ces informations en appuyant sur la touche F1 de votre navigateur. En outre, vous trouverez des conseils pertinents sur les pages suivantes, en fonction du navigateur que vous utilisez :<\/p>\n\n\n\n<ul class=\"wp-block-list\">\n<li><a href=\"https:\/\/support.mozilla.org\/pl\/kb\/W%C5%82%C4%85czanie%20i%20wy%C5%82%C4%85czanie%20obs%C5%82ugi%20ciasteczek\" rel=\"noreferrer noopener\" target=\"_blank\">Firefox<\/a><\/li>\n\n\n\n<li><a href=\"https:\/\/support.google.com\/chrome\/answer\/95647?hl=plX\" rel=\"noreferrer noopener\" target=\"_blank\">Chrome<\/a><\/li>\n\n\n\n<li><a href=\"https:\/\/support.apple.com\/kb\/PH5042?locale=en_US\" rel=\"noreferrer noopener\" target=\"_blank\">Safari<\/a><\/li>\n\n\n\n<li><a href=\"http:\/\/windows.microsoft.com\/pl-pl\/windows-10\/edge-privacy-faq\" rel=\"noreferrer noopener\" target=\"_blank\">Internet Explorer \/ Microsoft Edge<\/a><\/li>\n<\/ul>\n\n\n\n<p>Pour plus d'informations sur les cookies, voir&nbsp;<a href=\"https:\/\/pl.wikipedia.org\/wiki\/HTTP_cookie\" rel=\"noreferrer noopener\" target=\"_blank\">Wikipedia<\/a>.<\/p>\n\n\n\n<h2 class=\"wp-block-heading\">SERVICES EXTERNES \/ DESTINATAIRES DES DONN\u00c9ES<\/h2>\n\n\n\n<p>Nous faisons appel \u00e0 des tiers auxquels vos donn\u00e9es peuvent \u00eatre transf\u00e9r\u00e9es. Vous trouverez ci-dessous une liste des destinataires possibles de vos donn\u00e9es :<\/p>\n\n\n\n<ul class=\"wp-block-list\">\n<li>fournisseur des logiciels n\u00e9cessaires \u00e0 l'exploitation d'une boutique en ligne<\/li>\n\n\n\n<li>l'entit\u00e9 qui livre les marchandises<\/li>\n\n\n\n<li>prestataire de paiement<\/li>\n\n\n\n<li>fournisseur de logiciels de gestion d'entreprise (par exemple, de logiciels de comptabilit\u00e9)<\/li>\n\n\n\n<li>l'entit\u00e9 qui nous fournit une assistance technique<\/li>\n\n\n\n<li>fournisseur de services de marketing<\/li>\n\n\n\n<li>fournisseur de services statistiques<\/li>\n\n\n\n<li>les autorit\u00e9s publiques comp\u00e9tentes dans la mesure o\u00f9 le responsable du traitement est tenu de mettre les donn\u00e9es \u00e0 leur disposition<\/li>\n<\/ul>\n\n\n\n<h2 class=\"wp-block-heading\">CONTACT AVEC L'ADMINISTRATEUR<\/h2>\n\n\n\n<p>Vous souhaitez exercer vos droits concernant vos donn\u00e9es personnelles ?<\/p>\n\n\n\n<p>Ou peut-\u00eatre voulez-vous simplement poser une question sur notre politique de confidentialit\u00e9 ?<\/p>\n\n\n\n<p>\u00c9crire \u00e0 :<\/p>\n\n\n\n<p><a href=\"mailto:contact@city-guide.info\">contact@city-guide.info<\/a><br><\/p>","protected":false},"excerpt":{"rendered":"<p>POLITYKA PRYWATNO\u015aCI Polityka prywatno\u015bci Korzystaj\u0105c z naszego portalu city-guide.info powierzacie nam Pa\u0144stwo swoje informacje. Polityka prywatno\u015bci s\u0142u\u017cy jako pomoc w [&hellip;]<\/p>","protected":false},"author":34,"featured_media":0,"parent":0,"menu_order":0,"comment_status":"closed","ping_status":"closed","template":"elementor_theme","meta":{"_acf_changed":false,"site-sidebar-layout":"default","site-content-layout":"","ast-site-content-layout":"default","site-content-style":"default","site-sidebar-style":"default","ast-global-header-display":"","ast-banner-title-visibility":"","ast-main-header-display":"","ast-hfb-above-header-display":"","ast-hfb-below-header-display":"","ast-hfb-mobile-header-display":"","site-post-title":"","ast-breadcrumbs-content":"","ast-featured-img":"","footer-sml-layout":"","theme-transparent-header-meta":"","adv-header-id-meta":"","stick-header-meta":"","header-above-stick-meta":"","header-main-stick-meta":"","header-below-stick-meta":"","astra-migrate-meta-layouts":"default","ast-page-background-enabled":"default","ast-page-background-meta":{"desktop":{"background-color":"var(--ast-global-color-4)","background-image":"","background-repeat":"repeat","background-position":"center center","background-size":"auto","background-attachment":"scroll","background-type":"","background-media":"","overlay-type":"","overlay-color":"","overlay-opacity":"","overlay-gradient":""},"tablet":{"background-color":"","background-image":"","background-repeat":"repeat","background-position":"center center","background-size":"auto","background-attachment":"scroll","background-type":"","background-media":"","overlay-type":"","overlay-color":"","overlay-opacity":"","overlay-gradient":""},"mobile":{"background-color":"","background-image":"","background-repeat":"repeat","background-position":"center center","background-size":"auto","background-attachment":"scroll","background-type":"","background-media":"","overlay-type":"","overlay-color":"","overlay-opacity":"","overlay-gradient":""}},"ast-content-background-meta":{"desktop":{"background-color":"var(--ast-global-color-5)","background-image":"","background-repeat":"repeat","background-position":"center center","background-size":"auto","background-attachment":"scroll","background-type":"","background-media":"","overlay-type":"","overlay-color":"","overlay-opacity":"","overlay-gradient":""},"tablet":{"background-color":"var(--ast-global-color-5)","background-image":"","background-repeat":"repeat","background-position":"center center","background-size":"auto","background-attachment":"scroll","background-type":"","background-media":"","overlay-type":"","overlay-color":"","overlay-opacity":"","overlay-gradient":""},"mobile":{"background-color":"var(--ast-global-color-5)","background-image":"","background-repeat":"repeat","background-position":"center center","background-size":"auto","background-attachment":"scroll","background-type":"","background-media":"","overlay-type":"","overlay-color":"","overlay-opacity":"","overlay-gradient":""}},"footnotes":""},"class_list":["post-251","page","type-page","status-publish","hentry"],"acf":[],"_links":{"self":[{"href":"https:\/\/city-guide.info\/fr\/wp-json\/wp\/v2\/pages\/251","targetHints":{"allow":["GET"]}}],"collection":[{"href":"https:\/\/city-guide.info\/fr\/wp-json\/wp\/v2\/pages"}],"about":[{"href":"https:\/\/city-guide.info\/fr\/wp-json\/wp\/v2\/types\/page"}],"author":[{"embeddable":true,"href":"https:\/\/city-guide.info\/fr\/wp-json\/wp\/v2\/users\/34"}],"replies":[{"embeddable":true,"href":"https:\/\/city-guide.info\/fr\/wp-json\/wp\/v2\/comments?post=251"}],"version-history":[{"count":0,"href":"https:\/\/city-guide.info\/fr\/wp-json\/wp\/v2\/pages\/251\/revisions"}],"wp:attachment":[{"href":"https:\/\/city-guide.info\/fr\/wp-json\/wp\/v2\/media?parent=251"}],"curies":[{"name":"wp","href":"https:\/\/api.w.org\/{rel}","templated":true}]}}