{"id":251,"date":"2020-07-07T16:17:58","date_gmt":"2020-07-07T14:17:58","guid":{"rendered":"http:\/\/www.masterofcity.com\/wordpress\/?page_id=251"},"modified":"2023-02-01T09:42:32","modified_gmt":"2023-02-01T08:42:32","slug":"polityka_prywatnosci","status":"publish","type":"page","link":"https:\/\/city-guide.info\/it\/politica_privacy\/","title":{"rendered":"politica_privacy"},"content":{"rendered":"<p><strong>INFORMATIVA SULLA PRIVACY<\/strong><\/p>\n\n\n\n<h1 class=\"wp-block-heading\"><a><\/a>Informativa sulla privacy<\/h1>\n\n\n\n<p>Utilizzando il nostro portale city-guide.info<strong> <\/strong>Ci affidate le vostre informazioni.<\/p>\n\n\n\n<p>La presente informativa sulla privacy ha lo scopo di aiutarvi a capire quali dati raccogliamo e per quali scopi e per quali finalit\u00e0 li utilizziamo. Queste informazioni sono importanti, pertanto vi invitiamo a leggere attentamente questo documento.<\/p>\n\n\n\n<h1 class=\"wp-block-heading\"><a><\/a> Quali dati trattiamo?<\/h1>\n\n\n\n<p>Elaboriamo i dati forniti o lasciati dall'utente nell'ambito dell'utilizzo del portale<\/p>\n\n\n\n<p><strong>citt\u00e0-guida.info <\/strong>Si tratta principalmente di dati necessari per l'analisi degli utenti del nostro portale. Ci vengono messi a disposizione, ad esempio, nell'ambito dei moduli, cos\u00ec come i dati lasciati dall'utente nell'ambito della sua navigazione attraverso i nostri Servizi, ossia, tra l'altro, i dati lasciati nei cosiddetti cookie.<\/p>\n\n\n\n<h1 class=\"wp-block-heading\"><a><\/a> Chi \u00e8 il responsabile del trattamento dei dati?<\/h1>\n\n\n\n<p>Gli amministratori dei vostri dati sono il portale <strong><strong>citt\u00e0-guida.info<\/strong><\/strong><\/p>\n\n\n\n<p>Link alla registrazione del sito e ai dettagli di contatto <\/p>\n\n\n\n<p><strong><a href=\"https:\/\/city-guide.info\/it\/\" data-type=\"URL\" data-id=\"https:\/\/city-guide.info\">citt\u00e0-guida.info<\/a><\/strong><\/p>\n\n\n\n<h1 class=\"wp-block-heading\"><a><\/a>Politica sui cookie<\/h1>\n\n\n\n<h2 class=\"wp-block-heading\"><a><\/a> 1. informazioni generali.<\/h2>\n\n\n\n<ol class=\"wp-block-list\">\n<li>Operatore del portale <strong>citt\u00e0-guida.info<\/strong> \u00e8 <strong>Gruppo Imedia<\/strong>.<\/li>\n\n\n\n<li>Il Servizio svolge funzioni per ottenere informazioni sugli utenti e sul loro comportamento nei seguenti modi:\n<ol class=\"wp-block-list\">\n<li>Inserendo volontariamente le informazioni nei moduli.<\/li>\n\n\n\n<li>Attraverso la memorizzazione di cookie (i cosiddetti \"cookies\") sui dispositivi finali.<\/li>\n<\/ol>\n<\/li>\n<\/ol>\n\n\n\n<h2 class=\"wp-block-heading\"><a><\/a> 2. le informazioni contenute nei moduli.<\/h2>\n\n\n\n<ol class=\"wp-block-list\">\n<li>Il portale raccoglie le informazioni fornite volontariamente dall'utente.<\/li>\n\n\n\n<li>Il portale pu\u00f2 anche memorizzare informazioni sui parametri di connessione (data e ora, indirizzo IP).<\/li>\n\n\n\n<li>I dati contenuti nel modulo non vengono resi disponibili a terzi.<\/li>\n\n\n\n<li>I dati forniti nel modulo possono costituire un insieme di potenziali clienti, registrati dall'Operatore del Portale nel registro tenuto dall'Ispettore generale per la protezione dei dati personali.<\/li>\n\n\n\n<li>I dati forniti nel modulo sono trattati per le finalit\u00e0 derivanti dalla funzione dello specifico modulo, ad esempio per elaborare un contatto commerciale.<\/li>\n<\/ol>\n\n\n\n<h1 class=\"wp-block-heading\">Informativa sulla privacy del portale City Guide\u00a0<br><\/h1>\n\n\n\n<p><strong>Caro utente!<\/strong><\/p>\n\n\n\n<p>Abbiamo a cuore la vostra privacy e vogliamo che vi sentiate a vostro agio quando utilizzate i nostri servizi. Pertanto, di seguito vi presentiamo le informazioni pi\u00f9 importanti sui principi del trattamento dei vostri dati personali e sui cookie utilizzati dal nostro negozio. La presente informativa \u00e8 stata redatta tenendo conto del RODO, il Regolamento Generale sulla Protezione dei Dati.<\/p>\n\n\n\n<h2 class=\"wp-block-heading\">AMMINISTRATORE DEI DATI PERSONALI (\"Amministratore\")<\/h2>\n\n\n\n<p>ANDRZEJ SZCZE\u015aNIAK, imprenditore che gestisce un'impresa con il nome IMEDIA GROUP ANDRZEJ SZCZE\u015aNIAK, iscritto nel Registro centrale e nelle Informazioni sull'attivit\u00e0 imprenditoriale del Ministero dell'economia e della manutenzione del Registro centrale e delle Informazioni sull'attivit\u00e0 imprenditoriale, NIP 5260055621 , REGON 010054933, ul. \u0141otewska 17\/2, 03-918 Warszawa.<\/p>\n\n\n\n<h2 class=\"wp-block-heading\">DATI PERSONALI E PRIVACY<\/h2>\n\n\n\n<p>Se intendete creare un account utente e utilizzare i nostri servizi, vi verr\u00e0 chiesto di fornirci i vostri dati personali.&nbsp;<br>I Suoi dati sono da noi trattati per le finalit\u00e0 di seguito indicate, relative al funzionamento del Negozio e alla fornitura dei servizi ivi offerti (\"Servizi\").<\/p>\n\n\n\n<p><strong>Finalit\u00e0 del trattamento:<\/strong><\/p>\n\n\n\n<p>A seconda di ci\u00f2 che si decide di fare, questo potrebbe essere:<\/p>\n\n\n\n<ul class=\"wp-block-list\">\n<li>Fornitura di servizi offerti nel Negozio<\/li>\n\n\n\n<li>Evasione degli ordini<\/li>\n\n\n\n<li>Marketing diretto dei servizi offerti, diversi dalla newsletter<\/li>\n\n\n\n<li>Invio di una newsletter<\/li>\n<\/ul>\n\n\n\n<p><strong>Base del trattamento:<\/strong><\/p>\n\n\n\n<ul class=\"wp-block-list\">\n<li>Il contratto di vendita o le azioni intraprese su vostra richiesta al fine di concluderlo (articolo 6, paragrafo 1, lettera b), RODO)<\/li>\n\n\n\n<li>Obbligo legale che ci incombe, ad esempio in relazione alla contabilit\u00e0 (articolo 6, paragrafo 1, lettera c), del RODO).<\/li>\n\n\n\n<li>Il vostro consenso dato nel Negozio (Articolo 6(1)(a) del RODO)<\/li>\n\n\n\n<li>Il contratto per la fornitura di servizi o le azioni intraprese su richiesta dell'utente per concluderlo (articolo 6, paragrafo 1, lettera b), RODO)<\/li>\n\n\n\n<li>Il nostro legittimo interesse a trattare i dati per stabilire, far valere o difendere eventuali rivendicazioni (articolo 6, paragrafo 1, lettera f), del RODO).<\/li>\n\n\n\n<li>Il nostro legittimo interesse a svolgere attivit\u00e0 di marketing diretto (articolo 6, paragrafo 1, lettera f), del RODO).<\/li>\n\n\n\n<li>Il nostro legittimo interesse a trattare i dati per scopi analitici e statistici (articolo 6, paragrafo 1, lettera f), del RODO).<\/li>\n\n\n\n<li>Il nostro legittimo interesse a rilevare la soddisfazione dei clienti (Art. 6(1)(f) RODO)<\/li>\n<\/ul>\n\n\n\n<p><strong>Presentazione dei dati:<\/strong><\/p>\n\n\n\n<ul class=\"wp-block-list\">\n<li>Volontario, ma in alcuni casi pu\u00f2 essere necessario per concludere un contratto.<\/li>\n<\/ul>\n\n\n\n<p><strong>Effetto della mancata fornitura di dati:<\/strong><\/p>\n\n\n\n<p>A seconda dello scopo per cui vengono forniti i dati:<\/p>\n\n\n\n<ul class=\"wp-block-list\">\n<li>nessuna possibilit\u00e0 di registrazione nel Negozio<\/li>\n\n\n\n<li>l'impossibilit\u00e0 di utilizzare i servizi del Negozio<\/li>\n\n\n\n<li>impossibilit\u00e0 di effettuare acquisti nel Negozio<\/li>\n\n\n\n<li>non ricevere informazioni su promozioni o offerte speciali offerte attraverso il Negozio<\/li>\n<\/ul>\n\n\n\n<p><strong>Possibilit\u00e0 di ritirare il consenso:<\/strong><\/p>\n\n\n\n<ul class=\"wp-block-list\">\n<li>in qualsiasi momento<\/li>\n<\/ul>\n\n\n\n<p>Il trattamento dei dati rimane lecito fino alla revoca del consenso da parte dell'utente.<\/p>\n\n\n\n<h2 class=\"wp-block-heading\">PROFILAZIONE<\/h2>\n\n\n\n<p>All'interno del Negozio, possiamo adattare automaticamente alcuni contenuti alle vostre esigenze, ovvero effettuare una profilazione, utilizzando i dati personali che ci avete fornito.<\/p>\n\n\n\n<p>Nel caso in cui la profilazione possa comportare decisioni che producono effetti legali per l'utente o che lo riguardano in modo altrettanto significativo, effettueremo tale profilazione solo se l'utente ha dato il proprio consenso.<\/p>\n\n\n\n<p>Ricordate che potete revocare il vostro consenso in qualsiasi momento. Il trattamento dei dati rimane lecito fino alla revoca del consenso da parte dell'utente.<\/p>\n\n\n\n<h2 class=\"wp-block-heading\">PERIODO DI ELABORAZIONE<\/h2>\n\n\n\n<p>Tratteremo i vostri dati solo fino a quando avremo una base legale per farlo, ovvero fino a quando:<\/p>\n\n\n\n<ul class=\"wp-block-list\">\n<li>non abbiamo pi\u00f9 l'obbligo legale di trattare i vostri dati<\/li>\n\n\n\n<li>cessa la possibilit\u00e0 di stabilire, far valere o difendere eventuali pretese relative al contratto stipulato dal Negozio dalle parti<\/li>\n\n\n\n<li>revocare il vostro consenso al trattamento dei vostri dati, se questo era la base per tale trattamento<\/li>\n\n\n\n<li>la vostra opposizione al trattamento dei vostri dati personali sia accettata, qualora il trattamento sia basato su un legittimo interesse del responsabile del trattamento o qualora i dati siano stati trattati per finalit\u00e0 di marketing diretto, compresa la profilazione<\/li>\n<\/ul>\n\n\n\n<p>- a seconda di ci\u00f2 che \u00e8 applicabile in ciascun caso e di ci\u00f2 che accadr\u00e0 al pi\u00f9 tardi.<\/p>\n\n\n\n<h2 class=\"wp-block-heading\">SICUREZZA DEI DATI<\/h2>\n\n\n\n<p>Per il trattamento dei vostri dati personali utilizziamo misure organizzative e tecniche conformi alla normativa vigente.<\/p>\n\n\n\n<h2 class=\"wp-block-heading\">I TUOI DIRITTI<\/h2>\n\n\n\n<p>Avete il diritto di richiedere:<\/p>\n\n\n\n<ul class=\"wp-block-list\">\n<li>accesso ai vostri dati personali,<\/li>\n\n\n\n<li>la loro rettifica,<\/li>\n\n\n\n<li>cancellazioni,<\/li>\n\n\n\n<li>limitazione del trattamento,<\/li>\n\n\n\n<li>richiedere il trasferimento dei dati a un altro responsabile del trattamento,<\/li>\n<\/ul>\n\n\n\n<p>E anche:<\/p>\n\n\n\n<ul class=\"wp-block-list\">\n<li>opporsi in qualsiasi momento al trattamento dei propri dati:\n<ul class=\"wp-block-list\">\n<li>per motivi legati alla vostra situazione particolare - contro il trattamento dei dati personali che vi riguardano basato sull'articolo 6, paragrafo 1, lettera f), del RODO (ossia i legittimi interessi perseguiti dal responsabile del trattamento), compresa la profilazione sulla base di tali disposizioni,<\/li>\n\n\n\n<li>quando i dati personali sono trattati per finalit\u00e0 di marketing diretto, compresa la profilazione, nella misura in cui il trattamento \u00e8 connesso a tale marketing diretto.<\/li>\n<\/ul>\n<\/li>\n<\/ul>\n\n\n\n<p>Contattateci se desiderate esercitare i vostri diritti.<\/p>\n\n\n\n<p>Se ritenete che i vostri dati siano trattati illegalmente, potete presentare un reclamo all'autorit\u00e0 di controllo.<\/p>\n\n\n\n<h2 class=\"wp-block-heading\">TORTE<\/h2>\n\n\n\n<p>Il nostro Shop, come la maggior parte dei siti web, utilizza i cosiddetti cookie. Questi file:<\/p>\n\n\n\n<ul class=\"wp-block-list\">\n<li>sono memorizzati sul dispositivo (computer, telefono, ecc.).<\/li>\n\n\n\n<li>consentirvi, tra l'altro, di utilizzare tutte le funzioni del Negozio<\/li>\n\n\n\n<li>non modificare le impostazioni del dispositivo<\/li>\n<\/ul>\n\n\n\n<p>Utilizzando le relative opzioni del browser, \u00e8 possibile in qualsiasi momento:<\/p>\n\n\n\n<ul class=\"wp-block-list\">\n<li>eliminare i cookie<\/li>\n\n\n\n<li>bloccare l'uso futuro dei cookie<\/li>\n<\/ul>\n\n\n\n<p>In questo Negozio, i cookie sono utilizzati per:<\/p>\n\n\n\n<ul class=\"wp-block-list\">\n<li>ricordare le informazioni sulla sessione<\/li>\n\n\n\n<li>statistica<\/li>\n\n\n\n<li>marketing<\/li>\n\n\n\n<li>rendere disponibili le funzioni del Negozio<\/li>\n<\/ul>\n\n\n\n<p>Per sapere come gestire i cookie, compresa la loro disattivazione nel browser, \u00e8 possibile consultare il file di aiuto del browser. \u00c8 possibile leggere queste informazioni premendo F1 nel browser. Inoltre, nelle pagine seguenti troverete suggerimenti pertinenti, a seconda del browser utilizzato:<\/p>\n\n\n\n<ul class=\"wp-block-list\">\n<li><a href=\"https:\/\/support.mozilla.org\/pl\/kb\/W%C5%82%C4%85czanie%20i%20wy%C5%82%C4%85czanie%20obs%C5%82ugi%20ciasteczek\" rel=\"noreferrer noopener\" target=\"_blank\">Firefox<\/a><\/li>\n\n\n\n<li><a href=\"https:\/\/support.google.com\/chrome\/answer\/95647?hl=plX\" rel=\"noreferrer noopener\" target=\"_blank\">Cromo<\/a><\/li>\n\n\n\n<li><a href=\"https:\/\/support.apple.com\/kb\/PH5042?locale=en_US\" rel=\"noreferrer noopener\" target=\"_blank\">Safari<\/a><\/li>\n\n\n\n<li><a href=\"http:\/\/windows.microsoft.com\/pl-pl\/windows-10\/edge-privacy-faq\" rel=\"noreferrer noopener\" target=\"_blank\">Internet Explorer \/ Microsoft Edge<\/a><\/li>\n<\/ul>\n\n\n\n<p>Per ulteriori informazioni sui cookie, vedere&nbsp;<a href=\"https:\/\/pl.wikipedia.org\/wiki\/HTTP_cookie\" rel=\"noreferrer noopener\" target=\"_blank\">Wikipedia<\/a>.<\/p>\n\n\n\n<h2 class=\"wp-block-heading\">SERVIZI ESTERNI \/ DESTINATARI DEI DATI<\/h2>\n\n\n\n<p>Ci avvaliamo di terzi ai quali i vostri dati possono essere trasferiti. Di seguito \u00e8 riportato un elenco dei possibili destinatari dei vostri dati:<\/p>\n\n\n\n<ul class=\"wp-block-list\">\n<li>fornitore del software necessario per la gestione di un negozio online<\/li>\n\n\n\n<li>il soggetto che consegna la merce<\/li>\n\n\n\n<li>fornitore di pagamenti<\/li>\n\n\n\n<li>fornitore di software di gestione aziendale (ad esempio, software di contabilit\u00e0)<\/li>\n\n\n\n<li>l'ente che ci fornisce l'assistenza tecnica<\/li>\n\n\n\n<li>fornitore di servizi di marketing<\/li>\n\n\n\n<li>fornitore di servizi statistici<\/li>\n\n\n\n<li>le autorit\u00e0 pubbliche competenti, nella misura in cui l'Amministratore \u00e8 obbligato a mettere a loro disposizione i dati<\/li>\n<\/ul>\n\n\n\n<h2 class=\"wp-block-heading\">CONTATTO CON L'AMMINISTRATORE<\/h2>\n\n\n\n<p>Volete esercitare i vostri diritti sui vostri dati personali?<\/p>\n\n\n\n<p>O forse volete solo chiedere informazioni sulla nostra Informativa sulla privacy?<\/p>\n\n\n\n<p>Scrivere a:<\/p>\n\n\n\n<p><a href=\"mailto:contact@city-guide.info\">contact@city-guide.info<\/a><br><\/p>","protected":false},"excerpt":{"rendered":"<p>POLITYKA PRYWATNO\u015aCI Polityka prywatno\u015bci Korzystaj\u0105c z naszego portalu city-guide.info powierzacie nam Pa\u0144stwo swoje informacje. Polityka prywatno\u015bci s\u0142u\u017cy jako pomoc w [&hellip;]<\/p>","protected":false},"author":34,"featured_media":0,"parent":0,"menu_order":0,"comment_status":"closed","ping_status":"closed","template":"elementor_theme","meta":{"_acf_changed":false,"site-sidebar-layout":"default","site-content-layout":"","ast-site-content-layout":"default","site-content-style":"default","site-sidebar-style":"default","ast-global-header-display":"","ast-banner-title-visibility":"","ast-main-header-display":"","ast-hfb-above-header-display":"","ast-hfb-below-header-display":"","ast-hfb-mobile-header-display":"","site-post-title":"","ast-breadcrumbs-content":"","ast-featured-img":"","footer-sml-layout":"","theme-transparent-header-meta":"","adv-header-id-meta":"","stick-header-meta":"","header-above-stick-meta":"","header-main-stick-meta":"","header-below-stick-meta":"","astra-migrate-meta-layouts":"default","ast-page-background-enabled":"default","ast-page-background-meta":{"desktop":{"background-color":"var(--ast-global-color-4)","background-image":"","background-repeat":"repeat","background-position":"center center","background-size":"auto","background-attachment":"scroll","background-type":"","background-media":"","overlay-type":"","overlay-color":"","overlay-opacity":"","overlay-gradient":""},"tablet":{"background-color":"","background-image":"","background-repeat":"repeat","background-position":"center center","background-size":"auto","background-attachment":"scroll","background-type":"","background-media":"","overlay-type":"","overlay-color":"","overlay-opacity":"","overlay-gradient":""},"mobile":{"background-color":"","background-image":"","background-repeat":"repeat","background-position":"center center","background-size":"auto","background-attachment":"scroll","background-type":"","background-media":"","overlay-type":"","overlay-color":"","overlay-opacity":"","overlay-gradient":""}},"ast-content-background-meta":{"desktop":{"background-color":"var(--ast-global-color-5)","background-image":"","background-repeat":"repeat","background-position":"center center","background-size":"auto","background-attachment":"scroll","background-type":"","background-media":"","overlay-type":"","overlay-color":"","overlay-opacity":"","overlay-gradient":""},"tablet":{"background-color":"var(--ast-global-color-5)","background-image":"","background-repeat":"repeat","background-position":"center center","background-size":"auto","background-attachment":"scroll","background-type":"","background-media":"","overlay-type":"","overlay-color":"","overlay-opacity":"","overlay-gradient":""},"mobile":{"background-color":"var(--ast-global-color-5)","background-image":"","background-repeat":"repeat","background-position":"center center","background-size":"auto","background-attachment":"scroll","background-type":"","background-media":"","overlay-type":"","overlay-color":"","overlay-opacity":"","overlay-gradient":""}},"footnotes":""},"class_list":["post-251","page","type-page","status-publish","hentry"],"acf":[],"_links":{"self":[{"href":"https:\/\/city-guide.info\/it\/wp-json\/wp\/v2\/pages\/251","targetHints":{"allow":["GET"]}}],"collection":[{"href":"https:\/\/city-guide.info\/it\/wp-json\/wp\/v2\/pages"}],"about":[{"href":"https:\/\/city-guide.info\/it\/wp-json\/wp\/v2\/types\/page"}],"author":[{"embeddable":true,"href":"https:\/\/city-guide.info\/it\/wp-json\/wp\/v2\/users\/34"}],"replies":[{"embeddable":true,"href":"https:\/\/city-guide.info\/it\/wp-json\/wp\/v2\/comments?post=251"}],"version-history":[{"count":0,"href":"https:\/\/city-guide.info\/it\/wp-json\/wp\/v2\/pages\/251\/revisions"}],"wp:attachment":[{"href":"https:\/\/city-guide.info\/it\/wp-json\/wp\/v2\/media?parent=251"}],"curies":[{"name":"wp","href":"https:\/\/api.w.org\/{rel}","templated":true}]}}