{"id":251,"date":"2020-07-07T16:17:58","date_gmt":"2020-07-07T14:17:58","guid":{"rendered":"http:\/\/www.masterofcity.com\/wordpress\/?page_id=251"},"modified":"2023-02-01T09:42:32","modified_gmt":"2023-02-01T08:42:32","slug":"polityka_prywatnosci","status":"publish","type":"page","link":"https:\/\/city-guide.info\/nb\/policy_privacy\/","title":{"rendered":"policy_privacy"},"content":{"rendered":"<p><strong>RETNINGSLINJER FOR PERSONVERN<\/strong><\/p>\n\n\n\n<h1 class=\"wp-block-heading\"><a><\/a>Retningslinjer for personvern<\/h1>\n\n\n\n<p>Bruke portalen v\u00e5r city-guide.info<strong> <\/strong>Du betror oss informasjonen din.<\/p>\n\n\n\n<p>Denne personvernerkl\u00e6ringen er ment som en hjelp til \u00e5 forst\u00e5 hvilke opplysninger vi samler inn, til hvilket form\u00e5l og hva vi bruker dem til. Denne informasjonen er viktig, s\u00e5 vennligst les dette dokumentet n\u00f8ye.<\/p>\n\n\n\n<h1 class=\"wp-block-heading\"><a><\/a> Hvilke opplysninger behandler vi?<\/h1>\n\n\n\n<p>Vi behandler opplysninger som du oppgir eller legger igjen som en del av din bruk av portalen<\/p>\n\n\n\n<p><strong>city-guide.info <\/strong>Dette er f\u00f8rst og fremst data som er n\u00f8dvendige for \u00e5 analysere brukerne av portalen v\u00e5r. De gj\u00f8res tilgjengelige for oss f.eks. som en del av skjemaer, samt data som du etterlater deg som en del av navigasjonen din gjennom tjenestene v\u00e5re, dvs. blant annet data som du etterlater deg i s\u00e5kalte informasjonskapsler.<\/p>\n\n\n\n<h1 class=\"wp-block-heading\"><a><\/a> Hvem er behandlingsansvarlig?<\/h1>\n\n\n\n<p>Administratorene av dataene dine er portalen <strong><strong>city-guide.info<\/strong><\/strong><\/p>\n\n\n\n<p>Lenke til nettstedets registrerings- og kontaktinformasjon <\/p>\n\n\n\n<p><strong><a href=\"https:\/\/city-guide.info\/nb\/\" data-type=\"URL\" data-id=\"https:\/\/city-guide.info\">city-guide.info<\/a><\/strong><\/p>\n\n\n\n<h1 class=\"wp-block-heading\"><a><\/a>Retningslinjer for informasjonskapsler<\/h1>\n\n\n\n<h2 class=\"wp-block-heading\"><a><\/a> 1. Generell informasjon.<\/h2>\n\n\n\n<ol class=\"wp-block-list\">\n<li>Operat\u00f8r av portalen <strong>city-guide.info<\/strong> er <strong>Imedia Group<\/strong>.<\/li>\n\n\n\n<li>Tjenesten utf\u00f8rer funksjoner for \u00e5 innhente informasjon om brukerne og deres atferd p\u00e5 f\u00f8lgende m\u00e5ter:\n<ol class=\"wp-block-list\">\n<li>Ved frivillig \u00e5 legge inn informasjon i skjemaene.<\/li>\n\n\n\n<li>Ved \u00e5 lagre informasjonskapsler (s\u00e5kalte \"cookies\") p\u00e5 sluttenheter.<\/li>\n<\/ol>\n<\/li>\n<\/ol>\n\n\n\n<h2 class=\"wp-block-heading\"><a><\/a> 2. Informasjon i skjemaene.<\/h2>\n\n\n\n<ol class=\"wp-block-list\">\n<li>Portalen samler inn informasjon som brukeren frivillig oppgir.<\/li>\n\n\n\n<li>Portalen kan ogs\u00e5 lagre informasjon om tilkoblingsparametrene (tidsstempel, IP-adresse)<\/li>\n\n\n\n<li>Opplysningene i skjemaet gj\u00f8res ikke tilgjengelig for tredjeparter.<\/li>\n\n\n\n<li>Opplysningene som oppgis i skjemaet kan utgj\u00f8re et sett med potensielle kunder, registrert av operat\u00f8ren av portalen i registeret som f\u00f8res av Generalinspekt\u00f8ren for beskyttelse av personopplysninger.<\/li>\n\n\n\n<li>Opplysningene som oppgis i skjemaet, behandles for det form\u00e5let som f\u00f8lger av funksjonen til det spesifikke skjemaet, f.eks. for \u00e5 behandle en forretningskontakt.<\/li>\n<\/ol>\n\n\n\n<h1 class=\"wp-block-heading\">Personvernerkl\u00e6ring for City Guide-portalen\u00a0<br><\/h1>\n\n\n\n<p><strong>Kj\u00e6re bruker!<\/strong><\/p>\n\n\n\n<p>Vi bryr oss om personvernet ditt og \u00f8nsker at du skal f\u00f8le deg komfortabel n\u00e5r du bruker tjenestene v\u00e5re. Derfor gir vi deg nedenfor den viktigste informasjonen om prinsippene for v\u00e5r behandling av dine personopplysninger og informasjonskapslene som brukes av v\u00e5r butikk. Denne informasjonen er utarbeidet med hensyn til RODO, den generelle databeskyttelsesforordningen.<\/p>\n\n\n\n<h2 class=\"wp-block-heading\">ADMINISTRATOR AV PERSONOPPLYSNINGER (\"Administrator\")<\/h2>\n\n\n\n<p>ANDRZEJ SZCZE\u015aNIAK, en entrepren\u00f8r som driver en virksomhet under navnet IMEDIA GROUP ANDRZEJ SZCZE\u015aNIAK, registrert i det sentrale registeret for forretningsvirksomhet og informasjon som f\u00f8res av ministeren med ansvar for \u00f8konomi og f\u00f8rer det sentrale registeret for forretningsvirksomhet og informasjon, NIP 5260055621 , REGON-nummer 010054933, \u0141otewska Street 17\/2, 03-918 Warszawa .<\/p>\n\n\n\n<h2 class=\"wp-block-heading\">PERSONOPPLYSNINGER OG PERSONVERN<\/h2>\n\n\n\n<p>Hvis du har til hensikt \u00e5 opprette en brukerkonto og bruke tjenestene v\u00e5re, vil du bli bedt om \u00e5 oppgi personopplysninger.&nbsp;<br>Opplysningene dine behandles av oss for de form\u00e5lene som er angitt nedenfor, knyttet til driften av butikken og levering av tjenestene som tilbys der (\"Tjenester\").<\/p>\n\n\n\n<p><strong>Form\u00e5let med behandlingen:<\/strong><\/p>\n\n\n\n<p>Avhengig av hva du bestemmer deg for, kan dette v\u00e6re:<\/p>\n\n\n\n<ul class=\"wp-block-list\">\n<li>Levering av tjenester som tilbys i butikken<\/li>\n\n\n\n<li>Oppfyllelse av bestillingene dine<\/li>\n\n\n\n<li>Direkte markedsf\u00f8ring av tjenestene som tilbys, bortsett fra nyhetsbrevet<\/li>\n\n\n\n<li>Sende et nyhetsbrev<\/li>\n<\/ul>\n\n\n\n<p><strong>Grunnlag for behandling:<\/strong><\/p>\n\n\n\n<ul class=\"wp-block-list\">\n<li>Kj\u00f8pekontrakten eller tiltak som er iverksatt p\u00e5 din anmodning for \u00e5 inng\u00e5 den (artikkel 6(1)(b) RODO)<\/li>\n\n\n\n<li>Rettslige forpliktelser som p\u00e5hviler oss, f.eks. i forbindelse med regnskapsf\u00f8ring (artikkel 6(1)(c) RODO)<\/li>\n\n\n\n<li>Ditt samtykke gitt i butikken (artikkel 6(1)(a) i RODO)<\/li>\n\n\n\n<li>Avtale om levering av tjenester eller handlinger som er utf\u00f8rt p\u00e5 din anmodning for \u00e5 inng\u00e5 avtalen (artikkel 6(1)(b) RODO)<\/li>\n\n\n\n<li>V\u00e5r berettigede interesse i \u00e5 behandle opplysningene for \u00e5 fastsette, gj\u00f8re gjeldende eller forsvare mulige krav (artikkel 6 nr. 1 bokstav f i RODO)<\/li>\n\n\n\n<li>V\u00e5r berettigede interesse i \u00e5 utf\u00f8re direkte markedsf\u00f8ring (artikkel 6(1)(f) RODO)<\/li>\n\n\n\n<li>V\u00e5r berettigede interesse i \u00e5 behandle opplysningene for analytiske og statistiske form\u00e5l (artikkel 6(1)(f) RODO)<\/li>\n\n\n\n<li>V\u00e5r berettigede interesse i \u00e5 kartlegge kundetilfredshet (art. 6(1)(f) RODO)<\/li>\n<\/ul>\n\n\n\n<p><strong>Levering av data:<\/strong><\/p>\n\n\n\n<ul class=\"wp-block-list\">\n<li>Frivillig, men kan i noen tilfeller v\u00e6re n\u00f8dvendig for \u00e5 inng\u00e5 en kontrakt.<\/li>\n<\/ul>\n\n\n\n<p><strong>Effekten av \u00e5 ikke levere data:<\/strong><\/p>\n\n\n\n<p>Avhengig av form\u00e5let som opplysningene er gitt for:<\/p>\n\n\n\n<ul class=\"wp-block-list\">\n<li>ingen mulighet til \u00e5 registrere seg i butikken<\/li>\n\n\n\n<li>manglende evne til \u00e5 bruke tjenestene i butikken<\/li>\n\n\n\n<li>manglende evne til \u00e5 foreta kj\u00f8p i butikken<\/li>\n\n\n\n<li>ikke \u00e5 motta informasjon om kampanjer eller spesialtilbud som tilbys gjennom Butikken<\/li>\n<\/ul>\n\n\n\n<p><strong>Mulighet for \u00e5 trekke tilbake samtykke:<\/strong><\/p>\n\n\n\n<ul class=\"wp-block-list\">\n<li>til enhver tid<\/li>\n<\/ul>\n\n\n\n<p>Databehandlingen forblir lovlig inntil du trekker tilbake samtykket ditt.<\/p>\n\n\n\n<h2 class=\"wp-block-heading\">PROFILERING<\/h2>\n\n\n\n<p>I Butikken kan vi automatisk skreddersy innhold til dine behov, dvs. utf\u00f8re profilering, ved hjelp av personopplysningene du har oppgitt.<\/p>\n\n\n\n<p>Dersom profileringen kan f\u00f8re til beslutninger som har rettsvirkninger for deg eller p\u00e5virker deg p\u00e5 en tilsvarende betydelig m\u00e5te, vil vi kun utf\u00f8re slik profilering dersom du har gitt ditt samtykke.<\/p>\n\n\n\n<p>Husk at du n\u00e5r som helst kan tilbakekalle samtykket ditt. Databehandlingen forblir lovlig inntil du tilbakekaller samtykket ditt.<\/p>\n\n\n\n<h2 class=\"wp-block-heading\">BEHANDLINGSPERIODE<\/h2>\n\n\n\n<p>Vi vil bare behandle opplysningene dine s\u00e5 lenge vi har et rettslig grunnlag for \u00e5 gj\u00f8re det, som er inntil:<\/p>\n\n\n\n<ul class=\"wp-block-list\">\n<li>vi ikke lenger er juridisk forpliktet til \u00e5 behandle opplysningene dine<\/li>\n\n\n\n<li>muligheten for \u00e5 etablere, hevde eller forsvare eventuelle krav knyttet til kontrakten som er inng\u00e5tt av Butikken av partene opph\u00f8rer<\/li>\n\n\n\n<li>tilbakekalle samtykket ditt til behandling av opplysningene dine, hvis det var grunnlaget for slik behandling<\/li>\n\n\n\n<li>din innsigelse mot behandlingen av personopplysningene dine godtas, dersom behandlingen var basert p\u00e5 den behandlingsansvarliges berettigede interesse eller dersom opplysningene ble behandlet med henblikk p\u00e5 direkte markedsf\u00f8ring, herunder profilering<\/li>\n<\/ul>\n\n\n\n<p>- avhengig av hva som gjelder i hvert enkelt tilfelle og hva som senest vil skje.<\/p>\n\n\n\n<h2 class=\"wp-block-heading\">DATASIKKERHET<\/h2>\n\n\n\n<p>N\u00e5r vi behandler personopplysningene dine, bruker vi organisatoriske og tekniske tiltak som er i samsvar med relevant lovgivning.<\/p>\n\n\n\n<h2 class=\"wp-block-heading\">DINE RETTIGHETER<\/h2>\n\n\n\n<p>Du har rett til \u00e5 be om:<\/p>\n\n\n\n<ul class=\"wp-block-list\">\n<li>tilgang til personopplysningene dine,<\/li>\n\n\n\n<li>utbedring av dem,<\/li>\n\n\n\n<li>slettinger,<\/li>\n\n\n\n<li>begrensning av behandlingen,<\/li>\n\n\n\n<li>be om overf\u00f8ring av opplysninger til en annen behandlingsansvarlig,<\/li>\n<\/ul>\n\n\n\n<p>Og ogs\u00e5..:<\/p>\n\n\n\n<ul class=\"wp-block-list\">\n<li>n\u00e5r som helst protestere mot behandlingen av opplysningene dine:\n<ul class=\"wp-block-list\">\n<li>av grunner knyttet til din spesielle situasjon - mot behandling av personopplysninger om deg basert p\u00e5 artikkel 6(1)(f) i RODO (dvs. legitime interesser som forf\u00f8lges av den behandlingsansvarlige), inkludert profilering p\u00e5 grunnlag av disse bestemmelsene,<\/li>\n\n\n\n<li>n\u00e5r personopplysninger behandles med henblikk p\u00e5 direkte markedsf\u00f8ring, herunder profilering, i den grad behandlingen er knyttet til slik direkte markedsf\u00f8ring.<\/li>\n<\/ul>\n<\/li>\n<\/ul>\n\n\n\n<p>Kontakt oss hvis du \u00f8nsker \u00e5 ut\u00f8ve dine rettigheter.<\/p>\n\n\n\n<p>Hvis du mener at opplysningene dine blir behandlet p\u00e5 ulovlig m\u00e5te, kan du klage til tilsynsmyndigheten.<\/p>\n\n\n\n<h2 class=\"wp-block-heading\">KAKER<\/h2>\n\n\n\n<p>Butikken v\u00e5r, som de fleste nettsteder, bruker s\u00e5kalte informasjonskapsler. Disse filene:<\/p>\n\n\n\n<ul class=\"wp-block-list\">\n<li>er lagret p\u00e5 enheten din (datamaskin, telefon osv.)<\/li>\n\n\n\n<li>gj\u00f8re det mulig for deg blant annet \u00e5 bruke alle funksjonene i butikken<\/li>\n\n\n\n<li>ikke endre innstillingene p\u00e5 enheten din<\/li>\n<\/ul>\n\n\n\n<p>Du kan n\u00e5r som helst bruke de relevante alternativene i nettleseren din:<\/p>\n\n\n\n<ul class=\"wp-block-list\">\n<li>slette informasjonskapsler<\/li>\n\n\n\n<li>blokkere fremtidig bruk av informasjonskapsler<\/li>\n<\/ul>\n\n\n\n<p>I denne butikken brukes informasjonskapsler til:<\/p>\n\n\n\n<ul class=\"wp-block-list\">\n<li>huske \u00f8ktinformasjonen din<\/li>\n\n\n\n<li>statistisk<\/li>\n\n\n\n<li>markedsf\u00f8ring<\/li>\n\n\n\n<li>gj\u00f8re Shop-funksjonene tilgjengelige<\/li>\n<\/ul>\n\n\n\n<p>For \u00e5 finne ut hvordan du h\u00e5ndterer informasjonskapsler, inkludert hvordan du deaktiverer dem i nettleseren din, kan du se i nettleserens hjelpefil. Du kan lese denne informasjonen ved \u00e5 trykke p\u00e5 F1 i nettleseren din. I tillegg finner du relevante tips p\u00e5 de f\u00f8lgende sidene, avhengig av hvilken nettleser du bruker:<\/p>\n\n\n\n<ul class=\"wp-block-list\">\n<li><a href=\"https:\/\/support.mozilla.org\/pl\/kb\/W%C5%82%C4%85czanie%20i%20wy%C5%82%C4%85czanie%20obs%C5%82ugi%20ciasteczek\" rel=\"noreferrer noopener\" target=\"_blank\">Firefox<\/a><\/li>\n\n\n\n<li><a href=\"https:\/\/support.google.com\/chrome\/answer\/95647?hl=plX\" rel=\"noreferrer noopener\" target=\"_blank\">Krom<\/a><\/li>\n\n\n\n<li><a href=\"https:\/\/support.apple.com\/kb\/PH5042?locale=en_US\" rel=\"noreferrer noopener\" target=\"_blank\">Safari<\/a><\/li>\n\n\n\n<li><a href=\"http:\/\/windows.microsoft.com\/pl-pl\/windows-10\/edge-privacy-faq\" rel=\"noreferrer noopener\" target=\"_blank\">Internet Explorer \/ Microsoft Edge<\/a><\/li>\n<\/ul>\n\n\n\n<p>For mer informasjon om informasjonskapsler, se&nbsp;<a href=\"https:\/\/pl.wikipedia.org\/wiki\/HTTP_cookie\" rel=\"noreferrer noopener\" target=\"_blank\">Wikipedia<\/a>.<\/p>\n\n\n\n<h2 class=\"wp-block-heading\">EKSTERNE TJENESTER\/DATAMOTTAKERE<\/h2>\n\n\n\n<p>Vi bruker tredjeparter som opplysningene dine kan overf\u00f8res til. Nedenfor finner du en liste over mulige mottakere av opplysningene dine:<\/p>\n\n\n\n<ul class=\"wp-block-list\">\n<li>leverand\u00f8r av programvaren som trengs for \u00e5 drive en nettbutikk<\/li>\n\n\n\n<li>enheten som leverer varene<\/li>\n\n\n\n<li>betalingsleverand\u00f8r<\/li>\n\n\n\n<li>leverand\u00f8r av programvare for virksomhetsstyring (f.eks. regnskapsprogramvare)<\/li>\n\n\n\n<li>enheten som gir oss teknisk st\u00f8tte<\/li>\n\n\n\n<li>leverand\u00f8r av markedsf\u00f8ringstjenester<\/li>\n\n\n\n<li>leverand\u00f8r av statistiske tjenester<\/li>\n\n\n\n<li>relevante offentlige myndigheter i den grad den behandlingsansvarlige er forpliktet til \u00e5 gj\u00f8re opplysningene tilgjengelige for dem<\/li>\n<\/ul>\n\n\n\n<h2 class=\"wp-block-heading\">KONTAKT MED ADMINISTRATOREN<\/h2>\n\n\n\n<p>\u00d8nsker du \u00e5 ut\u00f8ve dine rettigheter knyttet til dine personopplysninger?<\/p>\n\n\n\n<p>Eller kanskje du bare vil sp\u00f8rre om noe relatert til personvernerkl\u00e6ringen v\u00e5r?<\/p>\n\n\n\n<p>Skriv til:<\/p>\n\n\n\n<p><a href=\"mailto:contact@city-guide.info\">contact@city-guide.info<\/a><br><\/p>","protected":false},"excerpt":{"rendered":"<p>POLITYKA PRYWATNO\u015aCI Polityka prywatno\u015bci Korzystaj\u0105c z naszego portalu city-guide.info powierzacie nam Pa\u0144stwo swoje informacje. Polityka prywatno\u015bci s\u0142u\u017cy jako pomoc w [&hellip;]<\/p>","protected":false},"author":34,"featured_media":0,"parent":0,"menu_order":0,"comment_status":"closed","ping_status":"closed","template":"elementor_theme","meta":{"_acf_changed":false,"site-sidebar-layout":"default","site-content-layout":"","ast-site-content-layout":"default","site-content-style":"default","site-sidebar-style":"default","ast-global-header-display":"","ast-banner-title-visibility":"","ast-main-header-display":"","ast-hfb-above-header-display":"","ast-hfb-below-header-display":"","ast-hfb-mobile-header-display":"","site-post-title":"","ast-breadcrumbs-content":"","ast-featured-img":"","footer-sml-layout":"","theme-transparent-header-meta":"","adv-header-id-meta":"","stick-header-meta":"","header-above-stick-meta":"","header-main-stick-meta":"","header-below-stick-meta":"","astra-migrate-meta-layouts":"default","ast-page-background-enabled":"default","ast-page-background-meta":{"desktop":{"background-color":"var(--ast-global-color-4)","background-image":"","background-repeat":"repeat","background-position":"center center","background-size":"auto","background-attachment":"scroll","background-type":"","background-media":"","overlay-type":"","overlay-color":"","overlay-opacity":"","overlay-gradient":""},"tablet":{"background-color":"","background-image":"","background-repeat":"repeat","background-position":"center center","background-size":"auto","background-attachment":"scroll","background-type":"","background-media":"","overlay-type":"","overlay-color":"","overlay-opacity":"","overlay-gradient":""},"mobile":{"background-color":"","background-image":"","background-repeat":"repeat","background-position":"center center","background-size":"auto","background-attachment":"scroll","background-type":"","background-media":"","overlay-type":"","overlay-color":"","overlay-opacity":"","overlay-gradient":""}},"ast-content-background-meta":{"desktop":{"background-color":"var(--ast-global-color-5)","background-image":"","background-repeat":"repeat","background-position":"center center","background-size":"auto","background-attachment":"scroll","background-type":"","background-media":"","overlay-type":"","overlay-color":"","overlay-opacity":"","overlay-gradient":""},"tablet":{"background-color":"var(--ast-global-color-5)","background-image":"","background-repeat":"repeat","background-position":"center center","background-size":"auto","background-attachment":"scroll","background-type":"","background-media":"","overlay-type":"","overlay-color":"","overlay-opacity":"","overlay-gradient":""},"mobile":{"background-color":"var(--ast-global-color-5)","background-image":"","background-repeat":"repeat","background-position":"center center","background-size":"auto","background-attachment":"scroll","background-type":"","background-media":"","overlay-type":"","overlay-color":"","overlay-opacity":"","overlay-gradient":""}},"footnotes":""},"class_list":["post-251","page","type-page","status-publish","hentry"],"acf":[],"_links":{"self":[{"href":"https:\/\/city-guide.info\/nb\/wp-json\/wp\/v2\/pages\/251","targetHints":{"allow":["GET"]}}],"collection":[{"href":"https:\/\/city-guide.info\/nb\/wp-json\/wp\/v2\/pages"}],"about":[{"href":"https:\/\/city-guide.info\/nb\/wp-json\/wp\/v2\/types\/page"}],"author":[{"embeddable":true,"href":"https:\/\/city-guide.info\/nb\/wp-json\/wp\/v2\/users\/34"}],"replies":[{"embeddable":true,"href":"https:\/\/city-guide.info\/nb\/wp-json\/wp\/v2\/comments?post=251"}],"version-history":[{"count":0,"href":"https:\/\/city-guide.info\/nb\/wp-json\/wp\/v2\/pages\/251\/revisions"}],"wp:attachment":[{"href":"https:\/\/city-guide.info\/nb\/wp-json\/wp\/v2\/media?parent=251"}],"curies":[{"name":"wp","href":"https:\/\/api.w.org\/{rel}","templated":true}]}}