{"id":251,"date":"2020-07-07T16:17:58","date_gmt":"2020-07-07T14:17:58","guid":{"rendered":"http:\/\/www.masterofcity.com\/wordpress\/?page_id=251"},"modified":"2023-02-01T09:42:32","modified_gmt":"2023-02-01T08:42:32","slug":"polityka_prywatnosci","status":"publish","type":"page","link":"https:\/\/city-guide.info\/sv\/policy_integritet\/","title":{"rendered":"policy_integritet"},"content":{"rendered":"<p><strong>POLICY F\u00d6R SKYDD AV PRIVATLIVET<\/strong><\/p>\n\n\n\n<h1 class=\"wp-block-heading\"><a><\/a>Integritetspolicy<\/h1>\n\n\n\n<p>Anv\u00e4nda v\u00e5r portal city-guide.info<strong> <\/strong>Du anf\u00f6rtror oss din information.<\/p>\n\n\n\n<p>Denna integritetspolicy \u00e4r ett hj\u00e4lpmedel f\u00f6r att f\u00f6rst\u00e5 vilka uppgifter vi samlar in och i vilket syfte samt vad vi anv\u00e4nder dem till. Informationen \u00e4r viktig och vi ber dig d\u00e4rf\u00f6r att l\u00e4sa igenom detta dokument noggrant.<\/p>\n\n\n\n<h1 class=\"wp-block-heading\"><a><\/a> Vilka uppgifter behandlar vi?<\/h1>\n\n\n\n<p>Vi behandlar uppgifter som du tillhandah\u00e5ller eller l\u00e4mnar som en del av din anv\u00e4ndning av portalen<\/p>\n\n\n\n<p><strong>stadsguide.info <\/strong>Detta \u00e4r i f\u00f6rsta hand uppgifter som \u00e4r n\u00f6dv\u00e4ndiga f\u00f6r att analysera anv\u00e4ndarna av v\u00e5r portal. De g\u00f6rs tillg\u00e4ngliga f\u00f6r oss t.ex. som en del av formul\u00e4r, liksom data som du l\u00e4mnar efter dig som en del av din navigering genom v\u00e5ra tj\u00e4nster, dvs. bland annat data som du l\u00e4mnar efter dig i s\u00e5 kallade cookies.<\/p>\n\n\n\n<h1 class=\"wp-block-heading\"><a><\/a> Vem \u00e4r personuppgiftsansvarig?<\/h1>\n\n\n\n<p>Administrat\u00f6rerna av dina data \u00e4r portalen <strong><strong>stadsguide.info<\/strong><\/strong><\/p>\n\n\n\n<p>L\u00e4nk till webbplatsens registrerings- och kontaktuppgifter <\/p>\n\n\n\n<p><strong><a href=\"https:\/\/city-guide.info\/sv\/\" data-type=\"URL\" data-id=\"https:\/\/city-guide.info\">stadsguide.info<\/a><\/strong><\/p>\n\n\n\n<h1 class=\"wp-block-heading\"><a><\/a>Policy f\u00f6r cookies<\/h1>\n\n\n\n<h2 class=\"wp-block-heading\"><a><\/a> 1. Allm\u00e4n information.<\/h2>\n\n\n\n<ol class=\"wp-block-list\">\n<li>Operat\u00f6r av portalen <strong>stadsguide.info<\/strong> \u00e4r <strong>Imedia-koncernen<\/strong>.<\/li>\n\n\n\n<li>Tj\u00e4nsten utf\u00f6r funktioner f\u00f6r att f\u00e5 information om anv\u00e4ndare och deras beteende p\u00e5 f\u00f6ljande s\u00e4tt:\n<ol class=\"wp-block-list\">\n<li>Genom att frivilligt ange information i formul\u00e4ren.<\/li>\n\n\n\n<li>Genom att lagra cookies (s.k. \"cookies\") p\u00e5 slutenheter.<\/li>\n<\/ol>\n<\/li>\n<\/ol>\n\n\n\n<h2 class=\"wp-block-heading\"><a><\/a> 2. Information i formul\u00e4ren.<\/h2>\n\n\n\n<ol class=\"wp-block-list\">\n<li>Portalen samlar in information som frivilligt tillhandah\u00e5lls av anv\u00e4ndaren.<\/li>\n\n\n\n<li>Portalen kan ocks\u00e5 lagra information om anslutningsparametrarna (tidsst\u00e4mpel, IP-adress)<\/li>\n\n\n\n<li>Uppgifterna i formul\u00e4ret g\u00f6rs inte tillg\u00e4ngliga f\u00f6r tredje part.<\/li>\n\n\n\n<li>De uppgifter som l\u00e4mnas i formul\u00e4ret kan utg\u00f6ra en upps\u00e4ttning potentiella kunder som registreras av Portaloperat\u00f6ren i det register som f\u00f6rs av General Inspector for Personal Data Protection.<\/li>\n\n\n\n<li>De uppgifter som l\u00e4mnas i formul\u00e4ret behandlas f\u00f6r det \u00e4ndam\u00e5l som f\u00f6ljer av funktionen i det specifika formul\u00e4ret, t.ex. f\u00f6r att behandla en aff\u00e4rskontakt.<\/li>\n<\/ol>\n\n\n\n<h1 class=\"wp-block-heading\">Integritetspolicy f\u00f6r City Guide-portalen\u00a0<br><\/h1>\n\n\n\n<p><strong>K\u00e4ra anv\u00e4ndare!<\/strong><\/p>\n\n\n\n<p>Vi v\u00e4rnar om din integritet och vill att du ska k\u00e4nna dig bekv\u00e4m n\u00e4r du anv\u00e4nder v\u00e5ra tj\u00e4nster. D\u00e4rf\u00f6r ger vi dig nedan den viktigaste informationen om principerna f\u00f6r v\u00e5r behandling av dina personuppgifter och de cookies som anv\u00e4nds av v\u00e5r butik. Denna information har utarbetats med h\u00e4nsyn till RODO, den allm\u00e4nna dataskyddsf\u00f6rordningen.<\/p>\n\n\n\n<h2 class=\"wp-block-heading\">ADMINISTRAT\u00d6R AV PERSONUPPGIFTER (\"Administrat\u00f6r\")<\/h2>\n\n\n\n<p>ANDRZEJ SZCZE\u015aNIAK, en f\u00f6retagare som driver ett f\u00f6retag under namnet IMEDIA GROUP ANDRZEJ SZCZE\u015aNIAK, registrerad i det centrala registret \u00f6ver aff\u00e4rsverksamhet och information som f\u00f6rs av ministern med ansvar f\u00f6r ekonomi och som f\u00f6r det centrala registret \u00f6ver aff\u00e4rsverksamhet och information, NIP 5260055621 , REGON-nummer 010054933, \u0141otewska Street 17\/2, 03-918 Warszawa .<\/p>\n\n\n\n<h2 class=\"wp-block-heading\">PERSONUPPGIFTER OCH INTEGRITET<\/h2>\n\n\n\n<p>Om du avser att skapa ett anv\u00e4ndarkonto och anv\u00e4nda v\u00e5ra tj\u00e4nster kommer du att bli ombedd att l\u00e4mna dina personuppgifter till oss.&nbsp;<br>Dina uppgifter behandlas av oss f\u00f6r de \u00e4ndam\u00e5l som anges nedan, relaterade till driften av butiken och tillhandah\u00e5llandet av de tj\u00e4nster som erbjuds d\u00e4r (\"Tj\u00e4nster\").<\/p>\n\n\n\n<p><strong>\u00c4ndam\u00e5let med behandlingen:<\/strong><\/p>\n\n\n\n<p>Beroende p\u00e5 vad du best\u00e4mmer dig f\u00f6r, kan detta vara:<\/p>\n\n\n\n<ul class=\"wp-block-list\">\n<li>Tillhandah\u00e5llande av tj\u00e4nster som erbjuds i butiken<\/li>\n\n\n\n<li>Utf\u00f6rande av dina best\u00e4llningar<\/li>\n\n\n\n<li>Direktmarknadsf\u00f6ring av de tj\u00e4nster som erbjuds, f\u00f6rutom nyhetsbrevet<\/li>\n\n\n\n<li>Skicka ett nyhetsbrev<\/li>\n<\/ul>\n\n\n\n<p><strong>Grund f\u00f6r behandling:<\/strong><\/p>\n\n\n\n<ul class=\"wp-block-list\">\n<li>F\u00f6rs\u00e4ljningsavtalet eller \u00e5tg\u00e4rder som vidtagits p\u00e5 din beg\u00e4ran f\u00f6r att ing\u00e5 det (artikel 6.1 b i RODO)<\/li>\n\n\n\n<li>En r\u00e4ttslig f\u00f6rpliktelse som \u00e5ligger oss, t.ex. i samband med bokf\u00f6ring (artikel 6.1 c i RODO)<\/li>\n\n\n\n<li>Ditt samtycke som ges i butiken (artikel 6.1 a i RODO)<\/li>\n\n\n\n<li>Avtal om tillhandah\u00e5llande av tj\u00e4nster eller \u00e5tg\u00e4rder som vidtas p\u00e5 din beg\u00e4ran f\u00f6r att ing\u00e5 avtalet (artikel 6.1 b i RODO)<\/li>\n\n\n\n<li>V\u00e5rt ber\u00e4ttigade intresse av att behandla uppgifterna f\u00f6r att fastst\u00e4lla, g\u00f6ra g\u00e4llande eller f\u00f6rsvara eventuella anspr\u00e5k (artikel 6.1(f) RODO)<\/li>\n\n\n\n<li>V\u00e5rt ber\u00e4ttigade intresse av att utf\u00f6ra direkt marknadsf\u00f6ring (artikel 6(1)(f) RODO)<\/li>\n\n\n\n<li>V\u00e5rt ber\u00e4ttigade intresse av att behandla uppgifter f\u00f6r analytiska och statistiska \u00e4ndam\u00e5l (artikel 6.1 f i RODO)<\/li>\n\n\n\n<li>V\u00e5rt ber\u00e4ttigade intresse av att unders\u00f6ka kundn\u00f6jdheten (artikel 6(1)(f) RODO)<\/li>\n<\/ul>\n\n\n\n<p><strong>Tillhandah\u00e5llande av uppgifter:<\/strong><\/p>\n\n\n\n<ul class=\"wp-block-list\">\n<li>Frivilligt, men kan i vissa fall vara n\u00f6dv\u00e4ndigt f\u00f6r att ing\u00e5 ett avtal.<\/li>\n<\/ul>\n\n\n\n<p><strong>Effekt av att inte tillhandah\u00e5lla data:<\/strong><\/p>\n\n\n\n<p>Beroende p\u00e5 i vilket syfte uppgifterna l\u00e4mnas:<\/p>\n\n\n\n<ul class=\"wp-block-list\">\n<li>ingen m\u00f6jlighet att registrera sig i butiken<\/li>\n\n\n\n<li>of\u00f6rm\u00e5ga att anv\u00e4nda tj\u00e4nsterna i butiken<\/li>\n\n\n\n<li>of\u00f6rm\u00e5ga att g\u00f6ra ink\u00f6p i butiken<\/li>\n\n\n\n<li>inte ta emot information om kampanjer eller specialerbjudanden som erbjuds via butiken<\/li>\n<\/ul>\n\n\n\n<p><strong>M\u00f6jlighet att \u00e5terkalla samtycke:<\/strong><\/p>\n\n\n\n<ul class=\"wp-block-list\">\n<li>n\u00e4r som helst<\/li>\n<\/ul>\n\n\n\n<p>Databehandlingen f\u00f6rblir laglig tills du \u00e5terkallar ditt samtycke.<\/p>\n\n\n\n<h2 class=\"wp-block-heading\">PROFILERING<\/h2>\n\n\n\n<p>I butiken kan vi automatiskt skr\u00e4ddarsy visst inneh\u00e5ll efter dina behov, dvs. utf\u00f6ra profilering, med hj\u00e4lp av de personuppgifter som du har tillhandah\u00e5llit.<\/p>\n\n\n\n<p>Om profileringen skulle kunna leda till beslut som har r\u00e4ttsverkningar f\u00f6r dig eller p\u00e5verkar dig p\u00e5 ett liknande betydande s\u00e4tt, kommer vi endast att utf\u00f6ra profileringen om du har gett ditt samtycke till detta.<\/p>\n\n\n\n<p>Kom ih\u00e5g att du kan \u00e5terkalla ditt samtycke n\u00e4r som helst. Databehandlingen f\u00f6rblir laglig tills du \u00e5terkallar ditt samtycke.<\/p>\n\n\n\n<h2 class=\"wp-block-heading\">BEARBETNINGSPERIOD<\/h2>\n\n\n\n<p>Vi kommer endast att behandla dina uppgifter s\u00e5 l\u00e4nge som vi har en r\u00e4ttslig grund f\u00f6r att g\u00f6ra det, vilket \u00e4r fram till:<\/p>\n\n\n\n<ul class=\"wp-block-list\">\n<li>vi inte l\u00e4ngre har n\u00e5gon r\u00e4ttslig skyldighet att behandla dina uppgifter<\/li>\n\n\n\n<li>parternas m\u00f6jlighet att fastst\u00e4lla, g\u00f6ra g\u00e4llande eller f\u00f6rsvara eventuella anspr\u00e5k i samband med det avtal som ing\u00e5tts av butiken upph\u00f6r<\/li>\n\n\n\n<li>\u00e5terkalla ditt samtycke till behandling av dina uppgifter, om det var grunden f\u00f6r s\u00e5dan behandling<\/li>\n\n\n\n<li>din inv\u00e4ndning mot behandlingen av dina personuppgifter godtas, om behandlingen grundas p\u00e5 den personuppgiftsansvariges ber\u00e4ttigade intresse eller om uppgifterna behandlas f\u00f6r direktmarknadsf\u00f6ring, inklusive profilering<\/li>\n<\/ul>\n\n\n\n<p>- beroende p\u00e5 vad som \u00e4r till\u00e4mpligt i varje enskilt fall och vad som kommer att h\u00e4nda senast.<\/p>\n\n\n\n<h2 class=\"wp-block-heading\">DATAS\u00c4KERHET<\/h2>\n\n\n\n<p>N\u00e4r vi behandlar dina personuppgifter anv\u00e4nder vi oss av organisatoriska och tekniska \u00e5tg\u00e4rder som f\u00f6ljer g\u00e4llande lagstiftning.<\/p>\n\n\n\n<h2 class=\"wp-block-heading\">DINA R\u00c4TTIGHETER<\/h2>\n\n\n\n<p>Du har r\u00e4tt att beg\u00e4ra:<\/p>\n\n\n\n<ul class=\"wp-block-list\">\n<li>tillg\u00e5ng till dina personuppgifter,<\/li>\n\n\n\n<li>deras r\u00e4ttelse,<\/li>\n\n\n\n<li>borttagningar,<\/li>\n\n\n\n<li>begr\u00e4nsning av bearbetning,<\/li>\n\n\n\n<li>beg\u00e4ra \u00f6verf\u00f6ring av uppgifter till en annan personuppgiftsansvarig,<\/li>\n<\/ul>\n\n\n\n<p>Och dessutom..:<\/p>\n\n\n\n<ul class=\"wp-block-list\">\n<li>n\u00e4r som helst inv\u00e4nda mot behandlingen av dina uppgifter:\n<ul class=\"wp-block-list\">\n<li>av sk\u00e4l som h\u00e4nf\u00f6r sig till din s\u00e4rskilda situation - mot behandling av personuppgifter som r\u00f6r dig p\u00e5 grundval av artikel 6.1 f i RODO (dvs. ber\u00e4ttigade intressen som den personuppgiftsansvarige efterstr\u00e4var), inklusive profilering p\u00e5 grundval av dessa best\u00e4mmelser,<\/li>\n\n\n\n<li>n\u00e4r personuppgifter behandlas f\u00f6r direkt marknadsf\u00f6ring, inklusive profilering, i den utstr\u00e4ckning som behandlingen \u00e4r relaterad till s\u00e5dan direkt marknadsf\u00f6ring.<\/li>\n<\/ul>\n<\/li>\n<\/ul>\n\n\n\n<p>Kontakta oss om du vill ut\u00f6va dina r\u00e4ttigheter.<\/p>\n\n\n\n<p>Om du anser att dina uppgifter behandlas p\u00e5 ett olagligt s\u00e4tt kan du l\u00e4mna in ett klagom\u00e5l till tillsynsmyndigheten.<\/p>\n\n\n\n<h2 class=\"wp-block-heading\">KAKOR<\/h2>\n\n\n\n<p>V\u00e5r Shop anv\u00e4nder, som de flesta webbplatser, s\u00e5 kallade cookies. Dessa filer:<\/p>\n\n\n\n<ul class=\"wp-block-list\">\n<li>lagras p\u00e5 din enhet (dator, telefon etc.)<\/li>\n\n\n\n<li>g\u00f6ra det m\u00f6jligt f\u00f6r dig att bland annat anv\u00e4nda alla funktioner i butiken<\/li>\n\n\n\n<li>\u00e4ndra inte inst\u00e4llningarna f\u00f6r din enhet<\/li>\n<\/ul>\n\n\n\n<p>Med hj\u00e4lp av de relevanta alternativen i din webbl\u00e4sare kan du n\u00e4r som helst:<\/p>\n\n\n\n<ul class=\"wp-block-list\">\n<li>radera cookies<\/li>\n\n\n\n<li>blockera framtida anv\u00e4ndning av cookies<\/li>\n<\/ul>\n\n\n\n<p>I den h\u00e4r butiken anv\u00e4nds cookies f\u00f6r:<\/p>\n\n\n\n<ul class=\"wp-block-list\">\n<li>komma ih\u00e5g din sessionsinformation<\/li>\n\n\n\n<li>statistiska<\/li>\n\n\n\n<li>marknadsf\u00f6ring<\/li>\n\n\n\n<li>g\u00f6ra Shop-funktionerna tillg\u00e4ngliga<\/li>\n<\/ul>\n\n\n\n<p>F\u00f6r att ta reda p\u00e5 hur du hanterar cookies, inklusive hur du inaktiverar dem i din webbl\u00e4sare, kan du l\u00e4sa webbl\u00e4sarens hj\u00e4lpfil. Du kan l\u00e4sa denna information genom att trycka p\u00e5 F1 i din webbl\u00e4sare. Dessutom hittar du relevanta tips p\u00e5 f\u00f6ljande sidor, beroende p\u00e5 vilken webbl\u00e4sare du anv\u00e4nder:<\/p>\n\n\n\n<ul class=\"wp-block-list\">\n<li><a href=\"https:\/\/support.mozilla.org\/pl\/kb\/W%C5%82%C4%85czanie%20i%20wy%C5%82%C4%85czanie%20obs%C5%82ugi%20ciasteczek\" rel=\"noreferrer noopener\" target=\"_blank\">Firefox<\/a><\/li>\n\n\n\n<li><a href=\"https:\/\/support.google.com\/chrome\/answer\/95647?hl=plX\" rel=\"noreferrer noopener\" target=\"_blank\">Krom<\/a><\/li>\n\n\n\n<li><a href=\"https:\/\/support.apple.com\/kb\/PH5042?locale=en_US\" rel=\"noreferrer noopener\" target=\"_blank\">Safari<\/a><\/li>\n\n\n\n<li><a href=\"http:\/\/windows.microsoft.com\/pl-pl\/windows-10\/edge-privacy-faq\" rel=\"noreferrer noopener\" target=\"_blank\">Internet Explorer \/ Microsoft Edge<\/a><\/li>\n<\/ul>\n\n\n\n<p>F\u00f6r mer information om cookies, se&nbsp;<a href=\"https:\/\/pl.wikipedia.org\/wiki\/HTTP_cookie\" rel=\"noreferrer noopener\" target=\"_blank\">Wikipedia<\/a>.<\/p>\n\n\n\n<h2 class=\"wp-block-heading\">EXTERNA TJ\u00c4NSTER\/DATAMOTTAGARE<\/h2>\n\n\n\n<p>Vi anv\u00e4nder oss av tredje part till vilka dina uppgifter kan komma att \u00f6verf\u00f6ras. Nedan finns en lista \u00f6ver m\u00f6jliga mottagare av dina uppgifter:<\/p>\n\n\n\n<ul class=\"wp-block-list\">\n<li>leverant\u00f6r av den programvara som beh\u00f6vs f\u00f6r att driva en onlinebutik<\/li>\n\n\n\n<li>den enhet som levererar varorna<\/li>\n\n\n\n<li>betalningsleverant\u00f6r<\/li>\n\n\n\n<li>leverant\u00f6r av programvara f\u00f6r f\u00f6retagsledning (t.ex. programvara f\u00f6r redovisning)<\/li>\n\n\n\n<li>den enhet som f\u00f6rser oss med teknisk support<\/li>\n\n\n\n<li>leverant\u00f6r av marknadsf\u00f6ringstj\u00e4nster<\/li>\n\n\n\n<li>leverant\u00f6r av statistiska tj\u00e4nster<\/li>\n\n\n\n<li>relevanta offentliga myndigheter i den utstr\u00e4ckning som administrat\u00f6ren \u00e4r skyldig att g\u00f6ra uppgifterna tillg\u00e4ngliga f\u00f6r dem<\/li>\n<\/ul>\n\n\n\n<h2 class=\"wp-block-heading\">KONTAKT MED ADMINISTRAT\u00d6REN<\/h2>\n\n\n\n<p>Vill du ut\u00f6va dina r\u00e4ttigheter avseende dina personuppgifter?<\/p>\n\n\n\n<p>Eller kanske du bara vill fr\u00e5ga om n\u00e5got som r\u00f6r v\u00e5r integritetspolicy?<\/p>\n\n\n\n<p>Skriv till:<\/p>\n\n\n\n<p><a href=\"mailto:contact@city-guide.info\">contact@city-guide.info<\/a><br><\/p>","protected":false},"excerpt":{"rendered":"<p>POLITYKA PRYWATNO\u015aCI Polityka prywatno\u015bci Korzystaj\u0105c z naszego portalu city-guide.info powierzacie nam Pa\u0144stwo swoje informacje. Polityka prywatno\u015bci s\u0142u\u017cy jako pomoc w [&hellip;]<\/p>","protected":false},"author":34,"featured_media":0,"parent":0,"menu_order":0,"comment_status":"closed","ping_status":"closed","template":"elementor_theme","meta":{"_acf_changed":false,"site-sidebar-layout":"default","site-content-layout":"","ast-site-content-layout":"default","site-content-style":"default","site-sidebar-style":"default","ast-global-header-display":"","ast-banner-title-visibility":"","ast-main-header-display":"","ast-hfb-above-header-display":"","ast-hfb-below-header-display":"","ast-hfb-mobile-header-display":"","site-post-title":"","ast-breadcrumbs-content":"","ast-featured-img":"","footer-sml-layout":"","theme-transparent-header-meta":"","adv-header-id-meta":"","stick-header-meta":"","header-above-stick-meta":"","header-main-stick-meta":"","header-below-stick-meta":"","astra-migrate-meta-layouts":"default","ast-page-background-enabled":"default","ast-page-background-meta":{"desktop":{"background-color":"var(--ast-global-color-4)","background-image":"","background-repeat":"repeat","background-position":"center center","background-size":"auto","background-attachment":"scroll","background-type":"","background-media":"","overlay-type":"","overlay-color":"","overlay-opacity":"","overlay-gradient":""},"tablet":{"background-color":"","background-image":"","background-repeat":"repeat","background-position":"center center","background-size":"auto","background-attachment":"scroll","background-type":"","background-media":"","overlay-type":"","overlay-color":"","overlay-opacity":"","overlay-gradient":""},"mobile":{"background-color":"","background-image":"","background-repeat":"repeat","background-position":"center center","background-size":"auto","background-attachment":"scroll","background-type":"","background-media":"","overlay-type":"","overlay-color":"","overlay-opacity":"","overlay-gradient":""}},"ast-content-background-meta":{"desktop":{"background-color":"var(--ast-global-color-5)","background-image":"","background-repeat":"repeat","background-position":"center center","background-size":"auto","background-attachment":"scroll","background-type":"","background-media":"","overlay-type":"","overlay-color":"","overlay-opacity":"","overlay-gradient":""},"tablet":{"background-color":"var(--ast-global-color-5)","background-image":"","background-repeat":"repeat","background-position":"center center","background-size":"auto","background-attachment":"scroll","background-type":"","background-media":"","overlay-type":"","overlay-color":"","overlay-opacity":"","overlay-gradient":""},"mobile":{"background-color":"var(--ast-global-color-5)","background-image":"","background-repeat":"repeat","background-position":"center center","background-size":"auto","background-attachment":"scroll","background-type":"","background-media":"","overlay-type":"","overlay-color":"","overlay-opacity":"","overlay-gradient":""}},"footnotes":""},"class_list":["post-251","page","type-page","status-publish","hentry"],"acf":[],"_links":{"self":[{"href":"https:\/\/city-guide.info\/sv\/wp-json\/wp\/v2\/pages\/251","targetHints":{"allow":["GET"]}}],"collection":[{"href":"https:\/\/city-guide.info\/sv\/wp-json\/wp\/v2\/pages"}],"about":[{"href":"https:\/\/city-guide.info\/sv\/wp-json\/wp\/v2\/types\/page"}],"author":[{"embeddable":true,"href":"https:\/\/city-guide.info\/sv\/wp-json\/wp\/v2\/users\/34"}],"replies":[{"embeddable":true,"href":"https:\/\/city-guide.info\/sv\/wp-json\/wp\/v2\/comments?post=251"}],"version-history":[{"count":0,"href":"https:\/\/city-guide.info\/sv\/wp-json\/wp\/v2\/pages\/251\/revisions"}],"wp:attachment":[{"href":"https:\/\/city-guide.info\/sv\/wp-json\/wp\/v2\/media?parent=251"}],"curies":[{"name":"wp","href":"https:\/\/api.w.org\/{rel}","templated":true}]}}