{"id":251,"date":"2020-07-07T16:17:58","date_gmt":"2020-07-07T14:17:58","guid":{"rendered":"http:\/\/www.masterofcity.com\/wordpress\/?page_id=251"},"modified":"2023-02-01T09:42:32","modified_gmt":"2023-02-01T08:42:32","slug":"polityka_prywatnosci","status":"publish","type":"page","link":"https:\/\/city-guide.info\/zh\/%e6%94%bf%e7%ad%96_%e9%9a%90%e7%a7%81\/","title":{"rendered":"\u653f\u7b56_\u9690\u79c1"},"content":{"rendered":"<p><strong>\u9690\u79c1\u653f\u7b56<\/strong><\/p>\n\n\n\n<h1 class=\"wp-block-heading\"><a><\/a>\u9690\u79c1\u653f\u7b56<\/h1>\n\n\n\n<p>\u4f7f\u7528\u6211\u4eec\u7684\u95e8\u6237\u7f51\u7ad9 city-guide.info<strong> <\/strong>\u60a8\u5c06\u60a8\u7684\u4fe1\u606f\u59d4\u6258\u7ed9\u6211\u4eec\u3002<\/p>\n\n\n\n<p>\u672c\u9690\u79c1\u653f\u7b56\u53ef\u5e2e\u52a9\u60a8\u4e86\u89e3\u6211\u4eec\u6536\u96c6\u4e86\u54ea\u4e9b\u6570\u636e\u3001\u6536\u96c6\u7684\u76ee\u7684\u548c\u7528\u9014\u3002\u8fd9\u4e9b\u4fe1\u606f\u975e\u5e38\u91cd\u8981\uff0c\u56e0\u6b64\u8bf7\u4ed4\u7ec6\u9605\u8bfb\u672c\u6587\u4ef6\u3002<\/p>\n\n\n\n<h1 class=\"wp-block-heading\"><a><\/a> \u6211\u4eec\u5904\u7406\u54ea\u4e9b\u6570\u636e\uff1f<\/h1>\n\n\n\n<p>\u6211\u4eec\u5904\u7406\u60a8\u5728\u4f7f\u7528\u95e8\u6237\u7f51\u7ad9\u65f6\u63d0\u4f9b\u6216\u7559\u4e0b\u7684\u6570\u636e<\/p>\n\n\n\n<p><strong>city-guide.info <\/strong>\u8fd9\u4e9b\u6570\u636e\u4e3b\u8981\u7528\u4e8e\u5206\u6790\u6211\u4eec\u95e8\u6237\u7f51\u7ad9\u7684\u7528\u6237\u3002\u6211\u4eec\u53ef\u4ee5\u5229\u7528\u8fd9\u4e9b\u6570\u636e\uff0c\u4f8b\u5982\u4f5c\u4e3a\u8868\u683c\u7684\u4e00\u90e8\u5206\uff0c\u4ee5\u53ca\u60a8\u5728\u6d4f\u89c8\u6211\u4eec\u7684\u670d\u52a1\u65f6\u7559\u4e0b\u7684\u6570\u636e\uff0c\u5373\u60a8\u5728\u6240\u8c13\u7684 Cookie \u4e2d\u7559\u4e0b\u7684\u6570\u636e\u3002<\/p>\n\n\n\n<h1 class=\"wp-block-heading\"><a><\/a> \u8c01\u662f\u6570\u636e\u63a7\u5236\u8005\uff1f<\/h1>\n\n\n\n<p>\u60a8\u6570\u636e\u7684\u7ba1\u7406\u8005\u662f\u95e8\u6237\u7f51\u7ad9 <strong><strong>city-guide.info<\/strong><\/strong><\/p>\n\n\n\n<p>\u7f51\u7ad9\u6ce8\u518c\u548c\u8054\u7cfb\u65b9\u5f0f\u94fe\u63a5 <\/p>\n\n\n\n<p><strong><a href=\"https:\/\/city-guide.info\/zh\/\" data-type=\"URL\" data-id=\"https:\/\/city-guide.info\">city-guide.info<\/a><\/strong><\/p>\n\n\n\n<h1 class=\"wp-block-heading\"><a><\/a>Cookie \u653f\u7b56<\/h1>\n\n\n\n<h2 class=\"wp-block-heading\"><a><\/a> 1. \u4e00\u822c\u4fe1\u606f\u3002<\/h2>\n\n\n\n<ol class=\"wp-block-list\">\n<li>\u95e8\u6237\u7f51\u7ad9\u8fd0\u8425\u5546 <strong>city-guide.info<\/strong> \u662f <strong>\u4f0a\u7f8e\u9edb\u96c6\u56e2<\/strong>.<\/li>\n\n\n\n<li>\u8be5\u670d\u52a1\u901a\u8fc7\u4ee5\u4e0b\u65b9\u5f0f\u5c65\u884c\u83b7\u53d6\u7528\u6237\u53ca\u5176\u884c\u4e3a\u4fe1\u606f\u7684\u804c\u80fd\uff1a\n<ol class=\"wp-block-list\">\n<li>\u81ea\u613f\u5728\u8868\u683c\u4e2d\u8f93\u5165\u4fe1\u606f\u3002<\/li>\n\n\n\n<li>\u5728\u7ec8\u7aef\u8bbe\u5907\u4e0a\u5b58\u50a8 cookie\uff08\u6240\u8c13\u7684 \"cookies\"\uff09\u3002<\/li>\n<\/ol>\n<\/li>\n<\/ol>\n\n\n\n<h2 class=\"wp-block-heading\"><a><\/a> 2. \u8868\u683c\u4e2d\u7684\u4fe1\u606f\u3002<\/h2>\n\n\n\n<ol class=\"wp-block-list\">\n<li>\u95e8\u6237\u7f51\u7ad9\u6536\u96c6\u7528\u6237\u81ea\u613f\u63d0\u4f9b\u7684\u4fe1\u606f\u3002<\/li>\n\n\n\n<li>\u95e8\u6237\u7f51\u7ad9\u8fd8\u53ef\u5b58\u50a8\u8fde\u63a5\u53c2\u6570\u4fe1\u606f\uff08\u65f6\u95f4\u6233\u3001IP \u5730\u5740\uff09<\/li>\n\n\n\n<li>\u8868\u683c\u4e0a\u7684\u6570\u636e\u4e0d\u4f1a\u63d0\u4f9b\u7ed9\u7b2c\u4e09\u65b9\u3002<\/li>\n\n\n\n<li>\u8868\u683c\u4e2d\u63d0\u4f9b\u7684\u6570\u636e\u53ef\u80fd\u6784\u6210\u4e00\u7ec4\u6f5c\u5728\u5ba2\u6237\uff0c\u7531\u95e8\u6237\u7f51\u7ad9\u8fd0\u8425\u8005\u5728\u4e2a\u4eba\u6570\u636e\u4fdd\u62a4\u603b\u68c0\u67e5\u5458\u7684\u767b\u8bb0\u518c\u4e2d\u8fdb\u884c\u767b\u8bb0\u3002<\/li>\n\n\n\n<li>\u8868\u5355\u4e2d\u63d0\u4f9b\u7684\u6570\u636e\u5c06\u6839\u636e\u7279\u5b9a\u8868\u5355\u7684\u529f\u80fd\u8fdb\u884c\u5904\u7406\uff0c\u4f8b\u5982\u5904\u7406\u4e1a\u52a1\u8054\u7cfb\u3002<\/li>\n<\/ol>\n\n\n\n<h1 class=\"wp-block-heading\">\u57ce\u5e02\u6307\u5357\u95e8\u6237\u7f51\u7ad9\u7684\u9690\u79c1\u653f\u7b56\u00a0<br><\/h1>\n\n\n\n<p><strong>\u4eb2\u7231\u7684\u7528\u6237!<\/strong><\/p>\n\n\n\n<p>\u6211\u4eec\u5173\u5fc3\u60a8\u7684\u9690\u79c1\uff0c\u5e0c\u671b\u60a8\u5728\u4f7f\u7528\u6211\u4eec\u7684\u670d\u52a1\u65f6\u611f\u5230\u8212\u9002\u3002\u56e0\u6b64\uff0c\u4e0b\u9762\u6211\u4eec\u5411\u60a8\u4ecb\u7ecd\u5173\u4e8e\u6211\u4eec\u5904\u7406\u60a8\u7684\u4e2a\u4eba\u6570\u636e\u7684\u539f\u5219\u548c\u6211\u4eec\u5546\u5e97\u4f7f\u7528\u7684cookies\u7684\u6700\u91cd\u8981\u4fe1\u606f\u3002\u672c\u4fe1\u606f\u7684\u7f16\u5199\u8003\u8651\u5230\u4e86\u300a\u901a\u7528\u6570\u636e\u4fdd\u62a4\u6761\u4f8b\u300b\uff08RODO\uff09\u3002<\/p>\n\n\n\n<h2 class=\"wp-block-heading\">\u4e2a\u4eba\u6570\u636e\u7ba1\u7406\u5458\uff08\"\u7ba1\u7406\u5458\"\uff09\u3002<\/h2>\n\n\n\n<p>ANDRZEJ SZCZE\u015aNIAK\uff0c\u4ee5IMEDIA GROUP ANDRZEJ SZCZE\u015aNIAK\u7684\u540d\u4e49\u7ecf\u8425\u4f01\u4e1a\uff0c\u5728\u8d1f\u8d23\u7ecf\u6d4e\u548c\u7ef4\u62a4\u4e2d\u592e\u767b\u8bb0\u548c\u5546\u4e1a\u6d3b\u52a8\u4fe1\u606f\u7684\u90e8\u957f\u8fdb\u884c\u7684\u4e2d\u592e\u767b\u8bb0\u548c\u5546\u4e1a\u6d3b\u52a8\u4fe1\u606f\u4e2d\u767b\u8bb0\uff0cNIP 5260055621\uff0cREGON 010054933\uff0cul. \u0141otewska 17\/2, 03-918 Warszawa \u3002<\/p>\n\n\n\n<h2 class=\"wp-block-heading\">\u4e2a\u4eba\u6570\u636e\u548c\u9690\u79c1<\/h2>\n\n\n\n<p>\u5982\u679c\u4f60\u6253\u7b97\u521b\u5efa\u4e00\u4e2a\u7528\u6237\u8d26\u6237\u5e76\u4f7f\u7528\u6211\u4eec\u7684\u670d\u52a1\uff0c\u4f60\u5c06\u88ab\u8981\u6c42\u5411\u6211\u4eec\u63d0\u4f9b\u4f60\u7684\u4e2a\u4eba\u6570\u636e\u3002&nbsp;<br>\u6211\u4eec\u5bf9\u60a8\u7684\u6570\u636e\u8fdb\u884c\u5904\u7406\uff0c\u4ee5\u8fbe\u5230\u4ee5\u4e0b\u76ee\u7684\uff0c\u5373\u4e0e\u672c\u5546\u5e97\u7684\u8fd0\u4f5c\u548c\u63d0\u4f9b\u5176\u4e2d\u7684\u670d\u52a1\uff08\"\u670d\u52a1\"\uff09\u6709\u5173\u3002<\/p>\n\n\n\n<p><strong>\u5904\u7406\u7684\u76ee\u7684\u3002<\/strong><\/p>\n\n\n\n<p>\u6839\u636e\u4f60\u51b3\u5b9a\u7684\u5185\u5bb9\uff0c\u8fd9\u53ef\u80fd\u662f\u3002<\/p>\n\n\n\n<ul class=\"wp-block-list\">\n<li>\u63d0\u4f9b\u5e97\u5185\u63d0\u4f9b\u7684\u670d\u52a1<\/li>\n\n\n\n<li>\u5c65\u884c\u60a8\u7684\u8ba2\u5355<\/li>\n\n\n\n<li>\u63d0\u4f9b\u7684\u670d\u52a1\u7684\u76f4\u63a5\u8425\u9500\uff0c\u800c\u4e0d\u662f\u901a\u8baf<\/li>\n\n\n\n<li>\u53d1\u9001\u901a\u8baf<\/li>\n<\/ul>\n\n\n\n<p><strong>\u5904\u7406\u7684\u4f9d\u636e\u3002<\/strong><\/p>\n\n\n\n<ul class=\"wp-block-list\">\n<li>\u9500\u552e\u5408\u540c\u6216\u5e94\u60a8\u7684\u8981\u6c42\u4e3a\u7f14\u7ed3\u5408\u540c\u800c\u91c7\u53d6\u7684\u884c\u52a8\uff08\u300a\u6b8b\u75be\u4eba\u6743\u5229\u516c\u7ea6\u300b\u7b2c6\u6761\u7b2c1\u6b3e(b)\u9879\uff09\u3002<\/li>\n\n\n\n<li>\u6211\u4eec\u5fc5\u987b\u5c65\u884c\u7684\u6cd5\u5f8b\u4e49\u52a1\uff0c\u4f8b\u5982\u4e0e\u4f1a\u8ba1\u6709\u5173\u7684\u4e49\u52a1\uff08\u300a\u6b8b\u75be\u4eba\u6743\u5229\u516c\u7ea6\u300b\u7b2c6(1)(c)\u6761\uff09\u3002<\/li>\n\n\n\n<li>\u4f60\u5728\u5546\u5e97\u91cc\u7ed9\u4e88\u7684\u540c\u610f\uff08\u300a\u8bbe\u8ba1\u624b\u518c\u300b\u7b2c6(1)(a)\u6761\uff09\u3002<\/li>\n\n\n\n<li>\u63d0\u4f9b\u670d\u52a1\u7684\u5408\u540c\u6216\u5e94\u60a8\u7684\u8981\u6c42\u4e3a\u7f14\u7ed3\u5408\u540c\u800c\u91c7\u53d6\u7684\u884c\u52a8\uff08\u300a\u6b8b\u75be\u4eba\u6743\u5229\u516c\u7ea6\u300b\u7b2c6\u6761\u7b2c1\u6b3e(b)\u9879\uff09\u3002<\/li>\n\n\n\n<li>\u6211\u4eec\u5904\u7406\u6570\u636e\u7684\u5408\u6cd5\u6743\u76ca\uff0c\u4ee5\u5efa\u7acb\u3001\u4e3b\u5f20\u6216\u7ef4\u62a4\u53ef\u80fd\u7684\u7d22\u8d54\uff08\u300a\u6b8b\u75be\u4eba\u6743\u5229\u516c\u7ea6\u300b\u7b2c6\u6761\u7b2c1\u6b3e(f)\u9879\uff09\u3002<\/li>\n\n\n\n<li>\u6211\u4eec\u8fdb\u884c\u76f4\u63a5\u8425\u9500\u7684\u5408\u6cd5\u5229\u76ca\uff08\u300a\u6b8b\u75be\u4eba\u6743\u5229\u516c\u7ea6\u300b\u7b2c6\uff081\uff09\uff08f\uff09\u6761\uff09\u3002<\/li>\n\n\n\n<li>\u6211\u4eec\u4e3a\u5206\u6790\u548c\u7edf\u8ba1\u76ee\u7684\u5904\u7406\u6570\u636e\u7684\u5408\u6cd5\u5229\u76ca\uff08\u300a\u6b8b\u75be\u4eba\u6743\u5229\u516c\u7ea6\u300b\u7b2c6\u6761\u7b2c1\u6b3e(f)\u9879\uff09\u3002<\/li>\n\n\n\n<li>\u6211\u4eec\u5728\u8c03\u67e5\u5ba2\u6237\u6ee1\u610f\u5ea6\u65b9\u9762\u7684\u5408\u6cd5\u6743\u76ca\uff08\u300a\u6b8b\u75be\u4eba\u6743\u5229\u516c\u7ea6\u300b\u7b2c6\u6761\u7b2c1\u6b3e(f)\u9879\uff09\u3002<\/li>\n<\/ul>\n\n\n\n<p><strong>\u6570\u636e\u63d0\u4ea4\u3002<\/strong><\/p>\n\n\n\n<ul class=\"wp-block-list\">\n<li>\u81ea\u613f\uff0c\u4f46\u5728\u67d0\u4e9b\u60c5\u51b5\u4e0b\uff0c\u53ef\u80fd\u662f\u7f14\u7ed3\u5408\u540c\u7684\u5fc5\u8981\u6761\u4ef6\u3002<\/li>\n<\/ul>\n\n\n\n<p><strong>\u4e0d\u63d0\u4f9b\u6570\u636e\u7684\u5f71\u54cd\u3002<\/strong><\/p>\n\n\n\n<p>\u53d6\u51b3\u4e8e\u63d0\u4f9b\u6570\u636e\u7684\u76ee\u7684\u3002<\/p>\n\n\n\n<ul class=\"wp-block-list\">\n<li>\u4e0d\u53ef\u80fd\u5728\u5546\u5e97\u91cc\u6ce8\u518c<\/li>\n\n\n\n<li>\u65e0\u6cd5\u4f7f\u7528\u672c\u5e97\u7684\u670d\u52a1<\/li>\n\n\n\n<li>\u65e0\u6cd5\u5728\u5546\u5e97\u8d2d\u7269<\/li>\n\n\n\n<li>\u4e0d\u63a5\u6536\u6709\u5173\u901a\u8fc7\u672c\u5546\u5e97\u63d0\u4f9b\u7684\u4fc3\u9500\u6216\u7279\u522b\u4f18\u60e0\u7684\u4fe1\u606f<\/li>\n<\/ul>\n\n\n\n<p><strong>\u6709\u53ef\u80fd\u64a4\u56de\u540c\u610f\u3002<\/strong><\/p>\n\n\n\n<ul class=\"wp-block-list\">\n<li>\u5728\u4efb\u4f55\u65f6\u5019<\/li>\n<\/ul>\n\n\n\n<p>\u5728\u4f60\u64a4\u56de\u4f60\u7684\u540c\u610f\u4e4b\u524d\uff0c\u6570\u636e\u5904\u7406\u4ecd\u7136\u662f\u5408\u6cd5\u7684\u3002<\/p>\n\n\n\n<h2 class=\"wp-block-heading\">\u5256\u6790<\/h2>\n\n\n\n<p>\u5728\u5546\u5e97\u5185\uff0c\u6211\u4eec\u53ef\u80fd\u4f1a\u6839\u636e\u60a8\u7684\u9700\u6c42\u81ea\u52a8\u5b9a\u5236\u67d0\u4e9b\u5185\u5bb9\uff0c\u5373\u5229\u7528\u60a8\u63d0\u4f9b\u7684\u4e2a\u4eba\u6570\u636e\u8fdb\u884c\u5206\u6790\u3002<\/p>\n\n\n\n<p>\u5982\u679c\u7279\u5f81\u5206\u6790\u53ef\u80fd\u5bfc\u81f4\u5bf9\u60a8\u4ea7\u751f\u6cd5\u5f8b\u6548\u529b\u6216\u4ee5\u7c7b\u4f3c\u7684\u91cd\u8981\u65b9\u5f0f\u5f71\u54cd\u60a8\u7684\u51b3\u5b9a\uff0c\u6211\u4eec\u5c06\u53ea\u5728\u60a8\u540c\u610f\u7684\u60c5\u51b5\u4e0b\u8fdb\u884c\u8fd9\u79cd\u7279\u5f81\u5206\u6790\u3002<\/p>\n\n\n\n<p>\u8bb0\u4f4f\uff0c\u4f60\u53ef\u4ee5\u5728\u4efb\u4f55\u65f6\u5019\u64a4\u9500\u4f60\u7684\u540c\u610f\u3002\u6570\u636e\u5904\u7406\u4ecd\u7136\u662f\u5408\u6cd5\u7684\uff0c\u76f4\u5230\u4f60\u64a4\u9500\u4f60\u7684\u540c\u610f\u3002<\/p>\n\n\n\n<h2 class=\"wp-block-heading\">\u52a0\u5de5\u671f<\/h2>\n\n\n\n<p>\u6211\u4eec\u53ea\u5728\u6709\u6cd5\u5f8b\u4f9d\u636e\u7684\u60c5\u51b5\u4e0b\u5904\u7406\u60a8\u7684\u6570\u636e\uff0c\u76f4\u5230\u3002<\/p>\n\n\n\n<ul class=\"wp-block-list\">\n<li>\u6211\u4eec\u4e0d\u518d\u6709\u6cd5\u5f8b\u4e49\u52a1\u5904\u7406\u60a8\u7684\u6570\u636e<\/li>\n\n\n\n<li>\u5f53\u4e8b\u4eba\u5efa\u7acb\u3001\u4e3b\u5f20\u6216\u8fa9\u62a4\u4e0e\u672c\u5546\u5e97\u7f14\u7ed3\u7684\u5408\u540c\u6709\u5173\u7684\u53ef\u80fd\u7d22\u8d54\u7684\u53ef\u80fd\u6027\u7ec8\u6b62<\/li>\n\n\n\n<li>\u64a4\u9500\u60a8\u5bf9\u5904\u7406\u60a8\u7684\u6570\u636e\u7684\u540c\u610f\uff0c\u5982\u679c\u5b83\u662f\u8fd9\u79cd\u5904\u7406\u7684\u57fa\u7840\u3002<\/li>\n\n\n\n<li>\u4f60\u5bf9\u5904\u7406\u4f60\u7684\u4e2a\u4eba\u6570\u636e\u7684\u53cd\u5bf9\u88ab\u63a5\u53d7\uff0c\u5982\u679c\u5904\u7406\u662f\u57fa\u4e8e\u63a7\u5236\u8005\u7684\u5408\u6cd5\u5229\u76ca\uff0c\u6216\u8005\u6570\u636e\u88ab\u5904\u7406\u4e3a\u76f4\u63a5\u8425\u9500\u7684\u76ee\u7684\uff0c\u5305\u62ec\u5206\u6790\u3002<\/li>\n<\/ul>\n\n\n\n<p>- \u53d6\u51b3\u4e8e\u6bcf\u4e2a\u6848\u4f8b\u4e2d\u7684\u9002\u7528\u60c5\u51b5\u4ee5\u53ca\u6700\u8fdf\u4f1a\u53d1\u751f\u4ec0\u4e48\u3002<\/p>\n\n\n\n<h2 class=\"wp-block-heading\">\u6570\u636e\u5b89\u5168<\/h2>\n\n\n\n<p>\u5728\u5904\u7406\u60a8\u7684\u4e2a\u4eba\u6570\u636e\u65f6\uff0c\u6211\u4eec\u4f7f\u7528\u7b26\u5408\u76f8\u5173\u6cd5\u5f8b\u89c4\u5b9a\u7684\u7ec4\u7ec7\u548c\u6280\u672f\u63aa\u65bd\u3002<\/p>\n\n\n\n<h2 class=\"wp-block-heading\">\u4f60\u7684\u6743\u5229<\/h2>\n\n\n\n<p>\u4f60\u6709\u6743\u5229\u8981\u6c42\u3002<\/p>\n\n\n\n<ul class=\"wp-block-list\">\n<li>\u8bbf\u95ee\u60a8\u7684\u4e2a\u4eba\u6570\u636e\u3002<\/li>\n\n\n\n<li>\u7ea0\u6b63\u5b83\u4eec\u3002<\/li>\n\n\n\n<li>\u5220\u51cf\u3002<\/li>\n\n\n\n<li>\u5904\u7406\u7684\u9650\u5236\u3002<\/li>\n\n\n\n<li>\u8981\u6c42\u5c06\u6570\u636e\u8f6c\u79fb\u5230\u53e6\u4e00\u4e2a\u63a7\u5236\u5668\u3002<\/li>\n<\/ul>\n\n\n\n<p>\u8fd8\u6709\u5c31\u662f\u3002<\/p>\n\n\n\n<ul class=\"wp-block-list\">\n<li>\u5728\u4efb\u4f55\u65f6\u5019\u90fd\u53ef\u4ee5\u53cd\u5bf9\u5bf9\u60a8\u7684\u6570\u636e\u8fdb\u884c\u5904\u7406\u3002\n<ul class=\"wp-block-list\">\n<li>\u7531\u4e8e\u4e0e\u4f60\u7684\u7279\u6b8a\u60c5\u51b5\u6709\u5173\u7684\u539f\u56e0--\u53cd\u5bf9\u6839\u636e\u300a\u6b8b\u75be\u4eba\u6743\u5229\u516c\u7ea6\u300b\u7b2c6(1)(f)\u6761\u5904\u7406\u4e0e\u4f60\u6709\u5173\u7684\u4e2a\u4eba\u6570\u636e\uff08\u5373\u63a7\u5236\u4eba\u8ffd\u6c42\u7684\u5408\u6cd5\u5229\u76ca\uff09\uff0c\u5305\u62ec\u57fa\u4e8e\u8fd9\u4e9b\u89c4\u5b9a\u8fdb\u884c\u7684\u7279\u5f81\u5206\u6790\u3002<\/li>\n\n\n\n<li>\u5982\u679c\u4e2a\u4eba\u6570\u636e\u662f\u4e3a\u76f4\u63a5\u8425\u9500\u7684\u76ee\u7684\u800c\u5904\u7406\u7684\uff0c\u5305\u62ec\u5256\u6790\uff0c\u53ea\u8981\u8be5\u5904\u7406\u4e0e\u8fd9\u79cd\u76f4\u63a5\u8425\u9500\u6709\u5173\u3002<\/li>\n<\/ul>\n<\/li>\n<\/ul>\n\n\n\n<p>\u5982\u679c\u4f60\u60f3\u884c\u4f7f\u4f60\u7684\u6743\u5229\uff0c\u8bf7\u8054\u7cfb\u6211\u4eec\u3002<\/p>\n\n\n\n<p>\u5982\u679c\u4f60\u8ba4\u4e3a\u4f60\u7684\u6570\u636e\u88ab\u975e\u6cd5\u5904\u7406\uff0c\u4f60\u53ef\u4ee5\u5411\u76d1\u7ba1\u673a\u6784\u63d0\u51fa\u6295\u8bc9\u3002<\/p>\n\n\n\n<h2 class=\"wp-block-heading\">\u86cb\u7cd5<\/h2>\n\n\n\n<p>\u6211\u4eec\u7684\u5546\u5e97\uff0c\u50cf\u5927\u591a\u6570\u7f51\u7ad9\u4e00\u6837\uff0c\u4f7f\u7528\u6240\u8c13\u7684cookies\u3002\u8fd9\u4e9b\u6587\u4ef6\u3002<\/p>\n\n\n\n<ul class=\"wp-block-list\">\n<li>\u50a8\u5b58\u5728\u4f60\u7684\u8bbe\u5907\u4e0a\uff08\u7535\u8111\u3001\u624b\u673a\u7b49\uff09\u3002<\/li>\n\n\n\n<li>\u4f7f\u60a8\u80fd\u591f\uff0c\u9664\u5176\u4ed6\u5916\uff0c\u4f7f\u7528\u5546\u5e97\u7684\u6240\u6709\u529f\u80fd<\/li>\n\n\n\n<li>\u4e0d\u8981\u6539\u53d8\u4f60\u7684\u8bbe\u5907\u7684\u8bbe\u7f6e<\/li>\n<\/ul>\n\n\n\n<p>\u4f7f\u7528\u4f60\u7684\u6d4f\u89c8\u5668\u7684\u76f8\u5173\u9009\u9879\uff0c\u4f60\u53ef\u4ee5\u5728\u4efb\u4f55\u65f6\u5019\u3002<\/p>\n\n\n\n<ul class=\"wp-block-list\">\n<li>\u5220\u9664cookies<\/li>\n\n\n\n<li>\u963b\u6b62\u4eca\u540e\u4f7f\u7528cookies<\/li>\n<\/ul>\n\n\n\n<p>\u5728\u8fd9\u4e2a\u5546\u5e97\u91cc\uff0ccookies\u88ab\u7528\u4e8e\u3002<\/p>\n\n\n\n<ul class=\"wp-block-list\">\n<li>\u8bb0\u5fc6\u4f60\u7684\u4f1a\u8bae\u4fe1\u606f<\/li>\n\n\n\n<li>\u7edf\u8ba1<\/li>\n\n\n\n<li>\u5e02\u573a\u8425\u9500<\/li>\n\n\n\n<li>\u4f7f\u5546\u5e97\u7684\u529f\u80fd\u53ef\u7528<\/li>\n<\/ul>\n\n\n\n<p>\u8981\u4e86\u89e3\u5982\u4f55\u7ba1\u7406cookies\uff0c\u5305\u62ec\u5982\u4f55\u5728\u4f60\u7684\u6d4f\u89c8\u5668\u4e2d\u7981\u7528\u5b83\u4eec\uff0c\u4f60\u53ef\u4ee5\u67e5\u9605\u4f60\u7684\u6d4f\u89c8\u5668\u7684\u5e2e\u52a9\u6587\u4ef6\u3002\u4f60\u53ef\u4ee5\u6309\u6d4f\u89c8\u5668\u4e2d\u7684F1\u952e\u6765\u9605\u8bfb\u8fd9\u4e9b\u4fe1\u606f\u3002\u6b64\u5916\uff0c\u6839\u636e\u4f60\u4f7f\u7528\u7684\u6d4f\u89c8\u5668\uff0c\u4f60\u5c06\u5728\u4ee5\u4e0b\u9875\u9762\u627e\u5230\u76f8\u5173\u63d0\u793a\u3002<\/p>\n\n\n\n<ul class=\"wp-block-list\">\n<li><a href=\"https:\/\/support.mozilla.org\/pl\/kb\/W%C5%82%C4%85czanie%20i%20wy%C5%82%C4%85czanie%20obs%C5%82ugi%20ciasteczek\" rel=\"noreferrer noopener\" target=\"_blank\">\u706b\u72d0<\/a><\/li>\n\n\n\n<li><a href=\"https:\/\/support.google.com\/chrome\/answer\/95647?hl=plX\" rel=\"noreferrer noopener\" target=\"_blank\">\u94ec\u5408\u91d1<\/a><\/li>\n\n\n\n<li><a href=\"https:\/\/support.apple.com\/kb\/PH5042?locale=en_US\" rel=\"noreferrer noopener\" target=\"_blank\">\u91ce\u751f\u52a8\u7269\u56ed<\/a><\/li>\n\n\n\n<li><a href=\"http:\/\/windows.microsoft.com\/pl-pl\/windows-10\/edge-privacy-faq\" rel=\"noreferrer noopener\" target=\"_blank\">Internet Explorer \/ Microsoft Edge<\/a><\/li>\n<\/ul>\n\n\n\n<p>\u5173\u4e8ecookies\u7684\u66f4\u591a\u4fe1\u606f\uff0c\u89c1&nbsp;<a href=\"https:\/\/pl.wikipedia.org\/wiki\/HTTP_cookie\" rel=\"noreferrer noopener\" target=\"_blank\">\u7ef4\u57fa\u767e\u79d1<\/a>.<\/p>\n\n\n\n<h2 class=\"wp-block-heading\">\u5916\u90e8\u670d\u52a1\/\u6570\u636e\u63a5\u6536\u8005<\/h2>\n\n\n\n<p>\u6211\u4eec\u4f7f\u7528\u7b2c\u4e09\u65b9\uff0c\u60a8\u7684\u6570\u636e\u53ef\u80fd\u88ab\u8f6c\u79fb\u7ed9\u4ed6\u4eec\u3002\u4ee5\u4e0b\u662f\u60a8\u7684\u6570\u636e\u53ef\u80fd\u7684\u63a5\u6536\u8005\u540d\u5355\u3002<\/p>\n\n\n\n<ul class=\"wp-block-list\">\n<li>\u7ecf\u8425\u7f51\u5e97\u6240\u9700\u8f6f\u4ef6\u7684\u4f9b\u5e94\u5546<\/li>\n\n\n\n<li>\u4ea4\u4ed8\u8d27\u7269\u7684\u5b9e\u4f53<\/li>\n\n\n\n<li>\u652f\u4ed8\u63d0\u4f9b\u5546<\/li>\n\n\n\n<li>\u5546\u4e1a\u7ba1\u7406\u8f6f\u4ef6\u4f9b\u5e94\u5546\uff08\u5982\u4f1a\u8ba1\u8f6f\u4ef6\uff09\u3002<\/li>\n\n\n\n<li>\u4e3a\u6211\u4eec\u63d0\u4f9b\u6280\u672f\u652f\u6301\u7684\u5b9e\u4f53<\/li>\n\n\n\n<li>\u8425\u9500\u670d\u52a1\u63d0\u4f9b\u8005<\/li>\n\n\n\n<li>\u7edf\u8ba1\u670d\u52a1\u63d0\u4f9b\u8005<\/li>\n\n\n\n<li>\u6709\u5173\u516c\u5171\u5f53\u5c40\uff0c\u53ea\u8981\u7f72\u957f\u6709\u4e49\u52a1\u5411\u5176\u63d0\u4f9b\u6570\u636e\u5373\u53ef<\/li>\n<\/ul>\n\n\n\n<h2 class=\"wp-block-heading\">\u4e0e\u7ba1\u7406\u5458\u8054\u7cfb<\/h2>\n\n\n\n<p>\u60a8\u60f3\u884c\u4f7f\u6709\u5173\u60a8\u7684\u4e2a\u4eba\u6570\u636e\u7684\u6743\u5229\u5417\uff1f<\/p>\n\n\n\n<p>\u6216\u8005\u4f60\u53ea\u662f\u60f3\u8be2\u95ee\u4e0e\u6211\u4eec\u7684\u9690\u79c1\u653f\u7b56\u6709\u5173\u7684\u95ee\u9898\uff1f<\/p>\n\n\n\n<p>\u5199\u4fe1\u7ed9\uff1a<\/p>\n\n\n\n<p><a href=\"mailto:contact@city-guide.info\">contact@city-guide.info<\/a><br><\/p>","protected":false},"excerpt":{"rendered":"<p>POLITYKA PRYWATNO\u015aCI Polityka prywatno\u015bci Korzystaj\u0105c z naszego portalu city-guide.info powierzacie nam Pa\u0144stwo swoje informacje. Polityka prywatno\u015bci s\u0142u\u017cy jako pomoc w [&hellip;]<\/p>","protected":false},"author":34,"featured_media":0,"parent":0,"menu_order":0,"comment_status":"closed","ping_status":"closed","template":"elementor_theme","meta":{"_acf_changed":false,"site-sidebar-layout":"default","site-content-layout":"","ast-site-content-layout":"default","site-content-style":"default","site-sidebar-style":"default","ast-global-header-display":"","ast-banner-title-visibility":"","ast-main-header-display":"","ast-hfb-above-header-display":"","ast-hfb-below-header-display":"","ast-hfb-mobile-header-display":"","site-post-title":"","ast-breadcrumbs-content":"","ast-featured-img":"","footer-sml-layout":"","theme-transparent-header-meta":"","adv-header-id-meta":"","stick-header-meta":"","header-above-stick-meta":"","header-main-stick-meta":"","header-below-stick-meta":"","astra-migrate-meta-layouts":"default","ast-page-background-enabled":"default","ast-page-background-meta":{"desktop":{"background-color":"var(--ast-global-color-4)","background-image":"","background-repeat":"repeat","background-position":"center center","background-size":"auto","background-attachment":"scroll","background-type":"","background-media":"","overlay-type":"","overlay-color":"","overlay-opacity":"","overlay-gradient":""},"tablet":{"background-color":"","background-image":"","background-repeat":"repeat","background-position":"center center","background-size":"auto","background-attachment":"scroll","background-type":"","background-media":"","overlay-type":"","overlay-color":"","overlay-opacity":"","overlay-gradient":""},"mobile":{"background-color":"","background-image":"","background-repeat":"repeat","background-position":"center center","background-size":"auto","background-attachment":"scroll","background-type":"","background-media":"","overlay-type":"","overlay-color":"","overlay-opacity":"","overlay-gradient":""}},"ast-content-background-meta":{"desktop":{"background-color":"var(--ast-global-color-5)","background-image":"","background-repeat":"repeat","background-position":"center center","background-size":"auto","background-attachment":"scroll","background-type":"","background-media":"","overlay-type":"","overlay-color":"","overlay-opacity":"","overlay-gradient":""},"tablet":{"background-color":"var(--ast-global-color-5)","background-image":"","background-repeat":"repeat","background-position":"center center","background-size":"auto","background-attachment":"scroll","background-type":"","background-media":"","overlay-type":"","overlay-color":"","overlay-opacity":"","overlay-gradient":""},"mobile":{"background-color":"var(--ast-global-color-5)","background-image":"","background-repeat":"repeat","background-position":"center center","background-size":"auto","background-attachment":"scroll","background-type":"","background-media":"","overlay-type":"","overlay-color":"","overlay-opacity":"","overlay-gradient":""}},"footnotes":""},"class_list":["post-251","page","type-page","status-publish","hentry"],"acf":[],"_links":{"self":[{"href":"https:\/\/city-guide.info\/zh\/wp-json\/wp\/v2\/pages\/251","targetHints":{"allow":["GET"]}}],"collection":[{"href":"https:\/\/city-guide.info\/zh\/wp-json\/wp\/v2\/pages"}],"about":[{"href":"https:\/\/city-guide.info\/zh\/wp-json\/wp\/v2\/types\/page"}],"author":[{"embeddable":true,"href":"https:\/\/city-guide.info\/zh\/wp-json\/wp\/v2\/users\/34"}],"replies":[{"embeddable":true,"href":"https:\/\/city-guide.info\/zh\/wp-json\/wp\/v2\/comments?post=251"}],"version-history":[{"count":0,"href":"https:\/\/city-guide.info\/zh\/wp-json\/wp\/v2\/pages\/251\/revisions"}],"wp:attachment":[{"href":"https:\/\/city-guide.info\/zh\/wp-json\/wp\/v2\/media?parent=251"}],"curies":[{"name":"wp","href":"https:\/\/api.w.org\/{rel}","templated":true}]}}